{"id":266,"date":"2014-06-19T10:55:43","date_gmt":"2014-06-19T08:55:43","guid":{"rendered":"http:\/\/wp.unil.ch\/aelac\/?page_id=266"},"modified":"2024-11-12T11:36:03","modified_gmt":"2024-11-12T10:36:03","slug":"contact","status":"publish","type":"page","link":"https:\/\/wp.unil.ch\/aelac\/contact\/","title":{"rendered":"Contact"},"content":{"rendered":"<h2>Adresses de l&rsquo;association<\/h2>\n<table>\n<tbody>\n<tr>\n<td>Universit\u00e9 de Lausanne<br \/>\nInstitut romand des sciences bibliques<br \/>\nUnith\u00e8que<br \/>\nCH-1015 Lausanne<br \/>\nSuisse<br \/>\nt\u00e9l\u00e9phone : (41 21) 692 27 33<br \/>\ncourriel : <a href=\"mailto:Albert.Frey[at]unil[point] ch\">Albert.Frey[at]unil.ch<\/a><\/td>\n<td>\u00c9cole Pratique des Hautes \u00c9tudes<br \/>\nSciences religieuses<br \/>\n4-14 rue Ferrus<br \/>\nFR-75014 Paris<br \/>\nFrance<\/td>\n<\/tr>\n<tr>\n<td>Universit\u00e9 de Gen\u00e8ve<br \/>\nFacult\u00e9 des lettres<br \/>\nCentre de recherches arm\u00e9niologiques<br \/>\nBd des philosophes 22<br \/>\nCH-1205 Gen\u00e8ve 4<br \/>\nSuisse<\/td>\n<td>Universit\u00e9 de Strasbourg<br \/>\n\u00c9quipe d&rsquo;accueil 4378 (Th\u00e9ologie protestante)<br \/>\n9 Place de l&rsquo;Universit\u00e9<br \/>\nFR-67084 Strasbourg<\/td>\n<\/tr>\n<tr>\n<td>Universit\u00e9 de Gen\u00e8ve<br \/>\nFacult\u00e9 autonome de th\u00e9ologie protestante<br \/>\nRue De-Candolle 4<br \/>\nCH-1211 Gen\u00e8ve 4<br \/>\nSuisse<\/td>\n<td>Centre des religions du Livre<br \/>\nCNRS UMR 8584<br \/>\n7 rue Guy M\u00f4quet<br \/>\nB. P. 8<br \/>\nFR-94801 Villejuif Cedex<br \/>\nFrance<\/td>\n<\/tr>\n<\/tbody>\n<\/table>\n<h2>Membres du comit\u00e9<\/h2>\n<ul>\n<li>R\u00e9mi Gounelle (pr\u00e9sident) : <a href=\"mailto:rgounelle[at]unistra.fr\">rgounelle[at]unistra.fr<\/a><\/li>\n<li>Jean-Daniel Kaestli (secr\u00e9taire g\u00e9n\u00e9ral) : <a href=\"mailto:Jean-Daniel.Kaestli[at]unil.ch\">Jean-Daniel.Kaestli[at]unil.ch<\/a><\/li>\n<li>Sergey Kim (secr\u00e9taire scientifique) : <a href=\"mailto:Sergey.Kim[at]unil.ch\">Sergey.Kim[at]unil.ch<\/a><\/li>\n<li>Albert Frey (tr\u00e9sorier) : <a href=\"mailto:Albert.Frey[at]unil.ch\">Albert.Frey[at]unil.ch<\/a><\/li>\n<li>Fr\u00e9d\u00e9ric Amsler : <a href=\"mailto:Frederic.Amsler[at]unil.ch\">Frederic.Amsler[at]unil.ch<\/a><\/li>\n<li>Alessandro Bausi : alessandro.bausi[at]uniroma1.it<\/li>\n<li>Muriel Debi\u00e9 : <a href=\"muriel.debie[at]ephe.psl.eu\">muriel.debie[at]ephe.psl.eu<\/a><\/li>\n<li>Emiliano Fiori : <a href=\"https:\/\/emiliano.fiori[at]unive.it\">emiliano.fiori[at]unive.it<\/a><\/li>\n<li>Enrico Norelli : <a href=\"Enrico.Norelli[at]unige.ch\">Enrico.Norelli[at]unige.ch<\/a><\/li>\n<li>Michel-Yves Perrin : <a href=\"mailto:michel_perrin[at]hotmail.com\">michel_perrin[at]hotmail.com<\/a><\/li>\n<li>Els Rose : h.g.e.rose[at]uu.nl<\/li>\n<\/ul>\n","protected":false},"excerpt":{"rendered":"<p>Adresses de l&rsquo;association Universit\u00e9 de Lausanne Institut romand des sciences bibliques Unith\u00e8que CH-1015 Lausanne Suisse t\u00e9l\u00e9phone : (41 21) 692 27 33 courriel : Albert.Frey[at]unil.ch \u00c9cole Pratique des Hautes \u00c9tudes &hellip; <\/p>\n","protected":false},"author":1395,"featured_media":0,"parent":0,"menu_order":9,"comment_status":"closed","ping_status":"closed","template":"","meta":{"_seopress_robots_primary_cat":"","_seopress_titles_title":"","_seopress_titles_desc":"","_seopress_robots_index":"","footnotes":""},"class_list":["post-266","page","type-page","status-publish"],"_links":{"self":[{"href":"https:\/\/wp.unil.ch\/aelac\/wp-json\/wp\/v2\/pages\/266","targetHints":{"allow":["GET"]}}],"collection":[{"href":"https:\/\/wp.unil.ch\/aelac\/wp-json\/wp\/v2\/pages"}],"about":[{"href":"https:\/\/wp.unil.ch\/aelac\/wp-json\/wp\/v2\/types\/page"}],"author":[{"embeddable":true,"href":"https:\/\/wp.unil.ch\/aelac\/wp-json\/wp\/v2\/users\/1395"}],"replies":[{"embeddable":true,"href":"https:\/\/wp.unil.ch\/aelac\/wp-json\/wp\/v2\/comments?post=266"}],"version-history":[{"count":4,"href":"https:\/\/wp.unil.ch\/aelac\/wp-json\/wp\/v2\/pages\/266\/revisions"}],"predecessor-version":[{"id":1701,"href":"https:\/\/wp.unil.ch\/aelac\/wp-json\/wp\/v2\/pages\/266\/revisions\/1701"}],"wp:attachment":[{"href":"https:\/\/wp.unil.ch\/aelac\/wp-json\/wp\/v2\/media?parent=266"}],"curies":[{"name":"wp","href":"https:\/\/api.w.org\/{rel}","templated":true}]}}