{"id":199,"date":"2014-06-20T17:05:16","date_gmt":"2014-06-20T15:05:16","guid":{"rendered":"http:\/\/wp.unil.ch\/aelac\/?page_id=199"},"modified":"2015-01-20T17:51:55","modified_gmt":"2015-01-20T16:51:55","slug":"credits","status":"publish","type":"page","link":"https:\/\/wp.unil.ch\/aelac\/credits\/","title":{"rendered":"Cr\u00e9dits"},"content":{"rendered":"<p>Site h\u00e9berg\u00e9 par l&rsquo;<a href=\"https:\/\/www.unil.ch\">Universit\u00e9 de Lausanne<\/a>, propuls\u00e9 par <a href=\"https:\/\/www.wordpress.com\">WordPress<\/a>.<\/p>\n<p>Bandeau: Paris, Biblioth\u00e8que nationale de France, <em>Grec 1470<\/em>, 98<sup>v<\/sup> :<\/p>\n<ul>\n<li>\u00c0 gauche, extrait d&rsquo;une hom\u00e9lie de Jean Chrysostome (?) sur Paul (BHG 1462r).<\/li>\n<li>\u00c0 droite, incipit de la recension longue des <em>Actes de Pierre et Paul du Pseudo-Marcellus<\/em> (CANT\u00a0193\u00a0; BHG\u00a01490).<\/li>\n<\/ul>\n<p>Num\u00e9risation : <a href=\"https:\/\/gallica.bnf.fr\/ark:\/12148\/btv1b8528761f\/f209.item\">Gallica<\/a>.<\/p>\n<p>Contenu mis en ligne par <a href=\"https:\/\/www.unil.ch\/irsb\/page92906.html\">Ma\u00efeul Rouquette<\/a> sur la base du travail d&rsquo;<a href=\"https:\/\/www.unil.ch\/irsb\/page27760.html\">Albert Frey<\/a>.<\/p>\n","protected":false},"excerpt":{"rendered":"<p>Site h\u00e9berg\u00e9 par l&rsquo;Universit\u00e9 de Lausanne, propuls\u00e9 par WordPress. Bandeau: Paris, Biblioth\u00e8que nationale de France, Grec 1470, 98v : \u00c0 gauche, extrait d&rsquo;une hom\u00e9lie de Jean Chrysostome (?) sur Paul &hellip; <\/p>\n","protected":false},"author":1395,"featured_media":0,"parent":0,"menu_order":8,"comment_status":"closed","ping_status":"closed","template":"","meta":{"_seopress_robots_primary_cat":"","_seopress_titles_title":"","_seopress_titles_desc":"","_seopress_robots_index":"","footnotes":""},"class_list":["post-199","page","type-page","status-publish"],"_links":{"self":[{"href":"https:\/\/wp.unil.ch\/aelac\/wp-json\/wp\/v2\/pages\/199","targetHints":{"allow":["GET"]}}],"collection":[{"href":"https:\/\/wp.unil.ch\/aelac\/wp-json\/wp\/v2\/pages"}],"about":[{"href":"https:\/\/wp.unil.ch\/aelac\/wp-json\/wp\/v2\/types\/page"}],"author":[{"embeddable":true,"href":"https:\/\/wp.unil.ch\/aelac\/wp-json\/wp\/v2\/users\/1395"}],"replies":[{"embeddable":true,"href":"https:\/\/wp.unil.ch\/aelac\/wp-json\/wp\/v2\/comments?post=199"}],"version-history":[{"count":0,"href":"https:\/\/wp.unil.ch\/aelac\/wp-json\/wp\/v2\/pages\/199\/revisions"}],"wp:attachment":[{"href":"https:\/\/wp.unil.ch\/aelac\/wp-json\/wp\/v2\/media?parent=199"}],"curies":[{"name":"wp","href":"https:\/\/api.w.org\/{rel}","templated":true}]}}