{"id":107,"date":"2014-06-18T11:12:56","date_gmt":"2014-06-18T09:12:56","guid":{"rendered":"http:\/\/wp.unil.ch\/aelac\/?page_id=107"},"modified":"2024-07-22T08:41:55","modified_gmt":"2024-07-22T06:41:55","slug":"champ","status":"publish","type":"page","link":"https:\/\/wp.unil.ch\/aelac\/champ\/","title":{"rendered":"Champ d&rsquo;\u00e9tudes"},"content":{"rendered":"\n<p>Le champ d\u2019\u00e9tudes de l\u2019Association pour l&rsquo;\u00e9tude de la litt\u00e9rature apocryphe chr\u00e9tienne (AELAC) s\u2019\u00e9tend \u00e0 tous les textes pseud\u00e9pigraphiques ou anonymes d\u2019origine chr\u00e9tienne qui ont pour centre d\u2019int\u00e9r\u00eat des personnages apparaissant dans les livres bibliques ou se rapportant \u00e0 des \u00e9v\u00e9nements racont\u00e9s ou sugg\u00e9r\u00e9s par ceux-ci. Dans la mesure o\u00f9 ils ont \u00e9t\u00e9 christianis\u00e9s au cours de leur transmission, les \u00e9crits se rattachant \u00e0 des personnages de l\u2019Ancien Testament ou reprenant des traditions juives appartiennent \u00e9galement \u00e0 cette litt\u00e9rature.<\/p>\n","protected":false},"excerpt":{"rendered":"<p>Le champ d\u2019\u00e9tudes de l\u2019Association pour l&rsquo;\u00e9tude de la litt\u00e9rature apocryphe chr\u00e9tienne (AELAC) s\u2019\u00e9tend \u00e0 tous les textes pseud\u00e9pigraphiques ou anonymes d\u2019origine chr\u00e9tienne qui ont pour centre d\u2019int\u00e9r\u00eat des personnages &hellip; <\/p>\n","protected":false},"author":1395,"featured_media":0,"parent":0,"menu_order":1,"comment_status":"closed","ping_status":"closed","template":"","meta":{"_seopress_robots_primary_cat":"","_seopress_titles_title":"","_seopress_titles_desc":"","_seopress_robots_index":"","footnotes":""},"class_list":["post-107","page","type-page","status-publish"],"_links":{"self":[{"href":"https:\/\/wp.unil.ch\/aelac\/wp-json\/wp\/v2\/pages\/107","targetHints":{"allow":["GET"]}}],"collection":[{"href":"https:\/\/wp.unil.ch\/aelac\/wp-json\/wp\/v2\/pages"}],"about":[{"href":"https:\/\/wp.unil.ch\/aelac\/wp-json\/wp\/v2\/types\/page"}],"author":[{"embeddable":true,"href":"https:\/\/wp.unil.ch\/aelac\/wp-json\/wp\/v2\/users\/1395"}],"replies":[{"embeddable":true,"href":"https:\/\/wp.unil.ch\/aelac\/wp-json\/wp\/v2\/comments?post=107"}],"version-history":[{"count":2,"href":"https:\/\/wp.unil.ch\/aelac\/wp-json\/wp\/v2\/pages\/107\/revisions"}],"predecessor-version":[{"id":1675,"href":"https:\/\/wp.unil.ch\/aelac\/wp-json\/wp\/v2\/pages\/107\/revisions\/1675"}],"wp:attachment":[{"href":"https:\/\/wp.unil.ch\/aelac\/wp-json\/wp\/v2\/media?parent=107"}],"curies":[{"name":"wp","href":"https:\/\/api.w.org\/{rel}","templated":true}]}}