{"id":98,"date":"2013-02-25T11:37:32","date_gmt":"2013-02-25T10:37:32","guid":{"rendered":"http:\/\/wp.unil.ch\/ael\/?page_id=98"},"modified":"2025-09-07T14:11:05","modified_gmt":"2025-09-07T12:11:05","slug":"nouveauxelles-etudiant-e-s","status":"publish","type":"page","link":"https:\/\/wp.unil.ch\/ael\/service-aux-etudiant-e-s\/nouveauxelles-etudiant-e-s\/","title":{"rendered":"Nouvelleaux \u00e9tudiant\u00b7e\u00b7x\u00b7s"},"content":{"rendered":"\n<p>Bienvenue \u00e0 l&rsquo;Universit\u00e9 de Lausanne ! Sur cette page, tu trouveras toutes les informations destin\u00e9es \u00e0 rendre ton arriv\u00e9e et tes d\u00e9buts simples comme bonsoir. <\/p>\n\n\n\n<p><strong>La bible de ta rentr\u00e9e<\/strong><\/p>\n\n\n\n<p>Nos <a href=\"https:\/\/wp.unil.ch\/ael\/aide-avec-des-bds\/\" target=\"_blank\" rel=\"noreferrer noopener\">conseils pratiques&nbsp;<\/a>pour d\u00e9buter en Lettres <\/p>\n\n\n\n<p>Tout savoir sur <a href=\"https:\/\/wp.unil.ch\/ael\/service-aux-etudiant-e-s\/nouveauxelles-etudiant-e-s\/fiches-pratiques\/\" target=\"_blank\" rel=\"noreferrer noopener\">les sections<\/a> de la Facult\u00e9<\/p>\n\n\n\n<p>D\u00e9couvrir la <a href=\"https:\/\/wp.unil.ch\/ael\/service-aux-etudiant-e-s\/nouveauxelles-etudiant-e-s\/vie-sur-le-campus\/\">vie sur le campus<\/a> de Dorigny<\/p>\n\n\n\n<p>Participe \u00e0 nos <a href=\"https:\/\/wp.unil.ch\/ael\/service-aux-etudiant-e-s\/nouveauxelles-etudiant-e-s\/journee-dintegration\/\" target=\"_blank\" rel=\"noreferrer noopener\">journ\u00e9es d&rsquo;int\u00e9gration<\/a>.<\/p>\n\n\n\n<p>Essaie aussi <a rel=\"noreferrer noopener\" href=\"https:\/\/www.unil.ch\/lettres\/fr\/home\/menuguid\/etudiantes.html\" target=\"_blank\">le guide pratique<\/a> officiel fait par la Facult\u00e9 de Lettres de l&rsquo;UNIL pour touste \u00e9tudiant\u00b7e\u00b7x d\u00e9butant\u00b7e\u00b7x.<\/p>\n\n\n\n<p><strong>Des soucis pour pr\u00e9parer ton horaire ?<\/strong><\/p>\n\n\n\n<p>Alors fonce t\u00eate baiss\u00e9e sur <a href=\"https:\/\/wp.unil.ch\/ael\/service-aux-etudiant-e-s\/nouveauxelles-etudiant-e-s\/faire-ton-horaire\/\" target=\"_blank\" rel=\"noreferrer noopener\">notre tutoriel<\/a> en images ! Il te guidera pas \u00e0 pas dans la confection de ton horaire.<\/p>\n","protected":false},"excerpt":{"rendered":"<p>Bienvenue \u00e0 l&rsquo;Universit\u00e9 de Lausanne ! Sur cette page, tu trouveras toutes les informations destin\u00e9es \u00e0 rendre ton arriv\u00e9e et tes d\u00e9buts simples comme bonsoir. La bible de&hellip;<\/p>\n","protected":false},"author":108,"featured_media":2008,"parent":70,"menu_order":0,"comment_status":"closed","ping_status":"closed","template":"","meta":{"_seopress_robots_primary_cat":"","_seopress_titles_title":"","_seopress_titles_desc":"","_seopress_robots_index":"","footnotes":""},"class_list":["post-98","page","type-page","status-publish","has-post-thumbnail"],"_links":{"self":[{"href":"https:\/\/wp.unil.ch\/ael\/wp-json\/wp\/v2\/pages\/98","targetHints":{"allow":["GET"]}}],"collection":[{"href":"https:\/\/wp.unil.ch\/ael\/wp-json\/wp\/v2\/pages"}],"about":[{"href":"https:\/\/wp.unil.ch\/ael\/wp-json\/wp\/v2\/types\/page"}],"author":[{"embeddable":true,"href":"https:\/\/wp.unil.ch\/ael\/wp-json\/wp\/v2\/users\/108"}],"replies":[{"embeddable":true,"href":"https:\/\/wp.unil.ch\/ael\/wp-json\/wp\/v2\/comments?post=98"}],"version-history":[{"count":1,"href":"https:\/\/wp.unil.ch\/ael\/wp-json\/wp\/v2\/pages\/98\/revisions"}],"predecessor-version":[{"id":2189,"href":"https:\/\/wp.unil.ch\/ael\/wp-json\/wp\/v2\/pages\/98\/revisions\/2189"}],"up":[{"embeddable":true,"href":"https:\/\/wp.unil.ch\/ael\/wp-json\/wp\/v2\/pages\/70"}],"wp:featuredmedia":[{"embeddable":true,"href":"https:\/\/wp.unil.ch\/ael\/wp-json\/wp\/v2\/media\/2008"}],"wp:attachment":[{"href":"https:\/\/wp.unil.ch\/ael\/wp-json\/wp\/v2\/media?parent=98"}],"curies":[{"name":"wp","href":"https:\/\/api.w.org\/{rel}","templated":true}]}}