{"id":957,"date":"2017-08-23T23:13:40","date_gmt":"2017-08-23T21:13:40","guid":{"rendered":"http:\/\/wp.unil.ch\/ael\/?page_id=957"},"modified":"2025-11-12T19:07:40","modified_gmt":"2025-11-12T18:07:40","slug":"journee-dintegration","status":"publish","type":"page","link":"https:\/\/wp.unil.ch\/ael\/service-aux-etudiant-e-s\/nouveauxelles-etudiant-e-s\/journee-dintegration\/","title":{"rendered":"Journ\u00e9es d&rsquo;int\u00e9gration"},"content":{"rendered":"\n<p>Chaque ann\u00e9e au semestre d\u2019automne, l\u2019Association des Etudiant\u00b7e\u00b7x\u00b7s en Lettres (AEL) offre \u00e0 ses \u00e9tudiant\u00b7e\u00b7x\u00b7s de premi\u00e8res ann\u00e9es, en priorit\u00e9, la possibilit\u00e9 de participer \u00e0 des journ\u00e9es d\u2019int\u00e9gration. R\u00e9parties sur deux jours, souvent la semaine pr\u00e9c\u00e9dant la rentr\u00e9e, les JI proposent une chasse \u00ab\u00a0au tr\u00e9sor\u00a0\u00bb \u00e0 travers le campus pour se familiariser avec l&rsquo;endroit: de la fameuse \u00ab\u00a0Banane\u00a0\u00bb (en r\u00e9novation) \u00e0 notre cher b\u00e2timent Anthropole.<\/p>\n\n\n\n<p>Pour plus d\u2019informations sur les inscriptions, suis nous sur Instagram ou <a href=\"https:\/\/docs.google.com\/forms\/d\/e\/1FAIpQLSe_h2SW5eiy14Dgj46eLgiLMItmxMzlewXKeEs3h__2ARR2Yw\/viewform\">clique ici<\/a>. Les \u00e9tudiant\u00b7e\u00b7x\u00b7s de premi\u00e8res ann\u00e9es re\u00e7oivent un Flyer dans le \u00ab&nbsp;bundle&nbsp;\u00bb de flyers de l\u2019UNIL qu\u2019iels re\u00e7oivent de la part de l\u2019Universit\u00e9 par la Poste.<\/p>\n\n\n\n<p><\/p>\n\n\n\n<p>Il est possible de participer aux deux journ\u00e9es.<\/p>\n\n\n\n<p>Pour toutes questions concernant les Journ\u00e9es d\u2019int\u00e9grations : <a href=\"mailto:ael@unil.ch\">ael@unil.ch<\/a><\/p>\n\n\n<div class=\"wp-block-image\">\n<figure class=\"aligncenter\"><img decoding=\"async\" src=\"https:\/\/wp.unil.ch\/ael\/files\/2020\/08\/flyer_rentr__e_officiel-212x300.jpg\" alt=\"L\u2019attribut alt de cette image est vide, son nom de fichier est flyer_rentr__e_officiel-212x300.jpg.\" \/><\/figure>\n<\/div>","protected":false},"excerpt":{"rendered":"<p>Chaque ann\u00e9e au semestre d\u2019automne, l\u2019Association des Etudiant\u00b7e\u00b7x\u00b7s en Lettres (AEL) offre \u00e0 ses \u00e9tudiant\u00b7e\u00b7x\u00b7s de premi\u00e8res ann\u00e9es, en priorit\u00e9, la possibilit\u00e9 de participer \u00e0 des journ\u00e9es d\u2019int\u00e9gration.&hellip;<\/p>\n","protected":false},"author":108,"featured_media":2118,"parent":98,"menu_order":0,"comment_status":"closed","ping_status":"closed","template":"","meta":{"_seopress_robots_primary_cat":"","_seopress_titles_title":"","_seopress_titles_desc":"","_seopress_robots_index":"","footnotes":""},"class_list":["post-957","page","type-page","status-publish","has-post-thumbnail"],"_links":{"self":[{"href":"https:\/\/wp.unil.ch\/ael\/wp-json\/wp\/v2\/pages\/957","targetHints":{"allow":["GET"]}}],"collection":[{"href":"https:\/\/wp.unil.ch\/ael\/wp-json\/wp\/v2\/pages"}],"about":[{"href":"https:\/\/wp.unil.ch\/ael\/wp-json\/wp\/v2\/types\/page"}],"author":[{"embeddable":true,"href":"https:\/\/wp.unil.ch\/ael\/wp-json\/wp\/v2\/users\/108"}],"replies":[{"embeddable":true,"href":"https:\/\/wp.unil.ch\/ael\/wp-json\/wp\/v2\/comments?post=957"}],"version-history":[{"count":5,"href":"https:\/\/wp.unil.ch\/ael\/wp-json\/wp\/v2\/pages\/957\/revisions"}],"predecessor-version":[{"id":2234,"href":"https:\/\/wp.unil.ch\/ael\/wp-json\/wp\/v2\/pages\/957\/revisions\/2234"}],"up":[{"embeddable":true,"href":"https:\/\/wp.unil.ch\/ael\/wp-json\/wp\/v2\/pages\/98"}],"wp:featuredmedia":[{"embeddable":true,"href":"https:\/\/wp.unil.ch\/ael\/wp-json\/wp\/v2\/media\/2118"}],"wp:attachment":[{"href":"https:\/\/wp.unil.ch\/ael\/wp-json\/wp\/v2\/media?parent=957"}],"curies":[{"name":"wp","href":"https:\/\/api.w.org\/{rel}","templated":true}]}}