{"id":903,"date":"2017-08-15T15:21:54","date_gmt":"2017-08-15T13:21:54","guid":{"rendered":"http:\/\/wp.unil.ch\/ael\/?page_id=903"},"modified":"2020-10-23T08:56:02","modified_gmt":"2020-10-23T06:56:02","slug":"vie-sur-le-campus","status":"publish","type":"page","link":"https:\/\/wp.unil.ch\/ael\/service-aux-etudiant-e-s\/nouveauxelles-etudiant-e-s\/vie-sur-le-campus\/","title":{"rendered":"Vie sur le campus"},"content":{"rendered":"<p><strong>L&rsquo;Auditoire<\/strong><br \/>\nSite Web: <a href=\"https:\/\/www.auditoire.ch\" target=\"_blank\" rel=\"noopener noreferrer\">https:\/\/www.auditoire.ch<\/a><br \/>\nFacebook: <a href=\"https:\/\/www.facebook.com\/auditoire149\" target=\"_blank\" rel=\"noopener noreferrer\">https:\/\/www.facebook.com\/auditoire149<\/a><br \/>\nMail: <a href=\"mailto:auditoire@gmail.com\" target=\"_blank\" rel=\"noopener noreferrer\">auditoire@gmail.com<\/a><br \/>\n<div class=\"su-accordion su-u-trim\">\n<div class=\"su-spoiler su-spoiler-style-default su-spoiler-icon-plus su-spoiler-closed\" data-scroll-offset=\"0\" data-anchor-in-url=\"no\"><div class=\"su-spoiler-title\" tabindex=\"0\" role=\"button\"><span class=\"su-spoiler-icon\"><\/span>En savoir plus<\/div><div class=\"su-spoiler-content su-u-clearfix su-u-trim\">\n<p style=\"text-align: justify\">Fond\u00e9 en 1982, L\u2019auditoire est le journal de l\u2019EPFL et de l\u2019UNIL. Tir\u00e9 aujourd\u2019hui \u00e0 environ 8\u2019000 exemplaires, L\u2019auditoire permet aux \u00e9tudiant-e-s de partager leurs opinions et de s\u2019exprimer chaque mois de l\u2019ann\u00e9e acad\u00e9mique.<\/p>\n<p style=\"text-align: justify\">Enti\u00e8rement compos\u00e9e d\u2019\u00e9tudiant-e-s, la r\u00e9daction propose diverses rubriques \u00e0 ses r\u00e9dacteurs. \u00abLe dossier\u00bb offre une analyse approfondie d\u2019un sujet choisi par les membres du journal. La rubrique \u00absoci\u00e9t\u00e9\u00bb s\u2019int\u00e9resse aux ph\u00e9nom\u00e8nes de soci\u00e9t\u00e9 actuels en y int\u00e9grant parfois des entretiens avec des enseignant-e-s qui se trouvent \u00e0 port\u00e9e de main. La rubrique \u00abcampus &amp; sport\u00bb traite des th\u00e9matiques propres au site universitaire mais \u00e9galement aux diff\u00e9rentes probl\u00e9matiques en lien avec le monde sportif. La page \u00abFAE\u00bb contient les communications officielles de la F\u00e9d\u00e9ration des associations d\u2019\u00e9tudiant-e-s, \u00e9ditrice du journal. Et finalement, la rubrique \u00abculture\u00bb rassemble des articles concernant la vie culturelle particuli\u00e8rement riche de Lausanne.<\/p>\n<p style=\"text-align: justify\">Le journal a \u00e9galement une page web qui permet aux r\u00e9dacteurs\/-trices de s\u2019exprimer sans restrictions de nombre de signes ou d\u2019illustrations, sur des sujets divers et vari\u00e9s et il peut aussi int\u00e9grer des reportages photo &amp; vid\u00e9o.<br \/>\nEn parall\u00e8le \u00e0 l\u2019\u00e9criture d\u2019articles et l\u2019investigation journalistique, L\u2019auditoire organise un certain nombre d\u2019\u00e9v\u00e9nements sur le campus comme par exemple de d\u00e9bats en lien avec ses dossiers, un prix litt\u00e9raire, un concours photographique, des conf\u00e9rences et plein d\u2019autres encore.<br \/>\nS\u2019engager pour L\u2019auditoire constitue une excellente premi\u00e8re exp\u00e9rience en vue d\u2019une carri\u00e8re les domaines culturel ou bien \u00e9videmment m\u00e9diatique.<\/p>\n<\/div><\/div>\n<\/div>\n<p><strong>Basta!<\/strong><br \/>\nSite Web: <a href=\"https:\/\/www.librairiebasta.ch\" target=\"_blank\" rel=\"noopener noreferrer\">https:\/\/www.librairiebasta.ch <\/a><br \/>\nMail: <a href=\"mailto:dorigny@librairiebasta.ch\" target=\"_blank\" rel=\"noopener noreferrer\">dorigny@librairiebasta.ch<\/a><br \/>\n<div class=\"su-accordion su-u-trim\">\n<div class=\"su-spoiler su-spoiler-style-default su-spoiler-icon-plus su-spoiler-closed\" data-scroll-offset=\"0\" data-anchor-in-url=\"no\"><div class=\"su-spoiler-title\" tabindex=\"0\" role=\"button\"><span class=\"su-spoiler-icon\"><\/span>En savoir plus<\/div><div class=\"su-spoiler-content su-u-clearfix su-u-trim\">\n<p style=\"text-align: justify\">La librairie Basta! existe depuis 1978 en ville pr\u00e8s de la Place Chauderon et a ouvert un deuxi\u00e8me magasin en 1991 \u00e0 l\u2019Anthropole sur demande de l\u2019Unil afin de proposer un service professionnel de librairie sur place \u00e0 Dorigny.<br \/>\nElle commande \u00e0 l\u2019avance les livres de cours dont ont besoin les \u00e9tudiant-e-s et propose par ailleurs une offre g\u00e9n\u00e9raliste en litt\u00e9rature et sciences humaines. Elle assure un service de commandes (sur place ou \u00e0 travers son site internet), un choix de nouveaut\u00e9s, des conseils bibliographiques. Elle accorde toute l\u2019ann\u00e9e un rabais de 10% aux \u00e9tudiant-e-s et assistant-e-s et de 5% aux professeur-e-s et aux institutions.<br \/>\nCoop\u00e9rative, elle fonctionne sur le mode de l\u2019autogestion et chacun-e peut y prendre une ou plusieurs parts sociales. Celles-ci garantissent sa survie et permettent de participer au choix de l\u2019assortiment, d\u2019organiser des \u00e9v\u00e9nements culturels et de s\u2019impliquer dans sa gestion.<\/p>\n<\/div><\/div>\n<\/div>\n<p><strong>Les Belles Lettres<\/strong><br \/>\nSite Web: <a href=\"https:\/\/www.belles-lettres.ch\" target=\"_blank\" rel=\"noopener noreferrer\">https:\/\/www.belles-lettres.ch<\/a><br \/>\nFacebook: <a href=\"https:\/\/www.facebook.com\/belleslettreslausanne\" target=\"_blank\" rel=\"noopener noreferrer\">https:\/\/www.facebook.com\/belleslettreslausanne<\/a><br \/>\nMail: <a href=\"mailto:belles-lettres@romandie.com\" target=\"_blank\" rel=\"noopener noreferrer\">belles-lettres@romandie.com<\/a><br \/>\n<div class=\"su-accordion su-u-trim\">\n<div class=\"su-spoiler su-spoiler-style-default su-spoiler-icon-plus su-spoiler-closed\" data-scroll-offset=\"0\" data-anchor-in-url=\"no\"><div class=\"su-spoiler-title\" tabindex=\"0\" role=\"button\"><span class=\"su-spoiler-icon\"><\/span>En savoir plus<\/div><div class=\"su-spoiler-content su-u-clearfix su-u-trim\">\n<p style=\"text-align: justify\">La Soci\u00e9t\u00e9 de Belles-Lettres est une ancienne soci\u00e9t\u00e9 d\u2019\u00e9tudiant-e-s qui regroupe aujourd\u2019hui un petit nombre de membres provenant de l\u2019UNIL, de l\u2019EPFL et autres hautes \u00e9coles et que rassemble un int\u00e9r\u00eat commun pour la litt\u00e9rature, la musique, la culture, mais aussi l\u2019amiti\u00e9 et l\u2019humour.<br \/>\nFond\u00e9e en 1806 par des gymnasiens lausannois, la Soci\u00e9t\u00e9 de Belles-Lettres est la plus ancienne corporation estudiantine de Suisse. Elle tire son nom de l\u2019auditoire fr\u00e9quent\u00e9 par les futur-e-s \u00e9tudiant-e-s en philosophie. Ces \u00e9tudiant-e-s d\u00e9siraient animer leurs loisirs d\u2019une mani\u00e8re insolite, en participant \u00e0 l\u2019effervescence intellectuelle accompagnant la naissance du tr\u00e8s jeune canton de Vaud. Ainsi, conf\u00e9rences, lectures, expos\u00e9s litt\u00e9raires, discussions p\u00e9dagogiques, disputes philosophiques, \u00e9changes d\u2019anath\u00e8mes religieux et de cultures, promotion et d\u00e9fense d\u2019int\u00e9r\u00eats immat\u00e9riels, culte de l\u2019amiti\u00e9 et de l\u2019art po\u00e9tique, d\u00e9clamations th\u00e9\u00e2trales, composition et interpr\u00e9tation de chansons, Belles-Lettres a pu nourrir les esprits juv\u00e9niles de l\u2019\u00e9lite vaudoise dans une mesure qu\u2019aucune formation officielle ni aucune Acad\u00e9mie ne permettait d\u2019atteindre. Aujourd\u2019hui encore, Belles-Lettres c\u00e9l\u00e8bre la langue fran\u00e7aise et la culture romande, l\u2019amiti\u00e9 fraternelle, et cr\u00e9e et organise diff\u00e9rentes activit\u00e9s culturelles.<br \/>\nLa soci\u00e9t\u00e9 n\u2019a ni culte, ni mot d\u2019ordre, ni soumission id\u00e9ologique \u00e0 offrir \u00e0 ses membres; elle a pour devise \u00abUnion, Etude, Pers\u00e9v\u00e9rance\u00bb. Marqu\u00e9e d\u2019une forte empreinte latine, elle se distingue des autres soci\u00e9t\u00e9s d\u2019\u00e9tudiant-e-s suisses et germaniques dont elle ne suit, au gr\u00e9 de la fantaisie de ses membres, que certains des usages et traditions.<br \/>\nLa Soci\u00e9t\u00e9 de Belles-Lettres est connue dans le monde de la litt\u00e9rature francophone par la publication de la Revue litt\u00e9raire de Belles-Lettres.<\/p>\n<\/div><\/div>\n<\/div>\n<p><strong>Le Cabanon<\/strong><br \/>\nSite Web: <a href=\"https:\/\/lecabanon-unil.ch\" target=\"_blank\" rel=\"noopener noreferrer\">https:\/\/lecabanon-unil.ch <\/a><br \/>\nFacebook: <a href=\"https:\/\/fr-fr.facebook.com\/LeCabanonUniL\/\" target=\"_blank\" rel=\"noopener noreferrer\">https:\/\/fr-fr.facebook.com\/LeCabanonUniL\/<\/a><br \/>\n<div class=\"su-accordion su-u-trim\">\n<div class=\"su-spoiler su-spoiler-style-default su-spoiler-icon-plus su-spoiler-closed\" data-scroll-offset=\"0\" data-anchor-in-url=\"no\"><div class=\"su-spoiler-title\" tabindex=\"0\" role=\"button\"><span class=\"su-spoiler-icon\"><\/span>En savoir plus<\/div><div class=\"su-spoiler-content su-u-clearfix su-u-trim\">\n<p style=\"text-align: justify\">Le Cabanon est un espace pour l\u2019art contemporain au sein de l\u2019Universit\u00e9 de Lausanne, aux abords de l\u2019auditoire 1129 de l\u2019Anthropole. Chaque semestre, il permet \u00e0 un-e \u00e9tudiant-e de la section d\u2019Histoire de l\u2019art d\u2019organiser une exposition et d\u2019exp\u00e9rimenter le r\u00f4le de commissaire. Le comit\u00e9 du Cabanon encadre cet-te \u00e9tudiant-e tout au long du projet, lui proposant un appui autant logistique que th\u00e9orique. Chaque exposition donne lieu \u00e0 de nombreux \u00e9v\u00e8nements?: vernissage, visite guid\u00e9e, table ronde, publications, projection de film et diverses autres activit\u00e9s ouvertes \u00e0 tou-te-s.<br \/>\nDepuis ce printemps, Le Cabanon et le laboratoire EAST-EPFL collaborent afin de proposer un tout nouveau projet. Il s\u2019agit d\u2019un pavillon temporaire qui accueillera l\u2019exposition de cet automne ainsi que d\u2019autres interventions.<br \/>\nN\u2019h\u00e9sitez pas \u00e0 prendre part \u00e0 nos \u00e9v\u00e8nements, que ce soit en tant que spectateur ou en rejoignant le comit\u00e9. Pour \u00eatre au courant de toutes nos derni\u00e8res id\u00e9es, suivez-nous sur Facebook, Tumblr ou Instagram. Au plaisir de vous rencontrer au vernissage de notre prochaine expo!<\/p>\n<\/div><\/div>\n<\/div>\n<p><strong>Le Centre de langues<\/strong><br \/>\nSite Web?: <a href=\"https:\/\/www.unil.ch\/cdl\" target=\"_blank\" rel=\"noopener noreferrer\">www.unil.ch\/cdl<\/a><br \/>\nMail?: <a href=\"mailto:centredelangues@unil.ch\" target=\"_blank\" rel=\"noopener noreferrer\">centredelangues@unil.ch <\/a><br \/>\n<div class=\"su-accordion su-u-trim\">\n<div class=\"su-spoiler su-spoiler-style-default su-spoiler-icon-plus su-spoiler-closed\" data-scroll-offset=\"0\" data-anchor-in-url=\"no\"><div class=\"su-spoiler-title\" tabindex=\"0\" role=\"button\"><span class=\"su-spoiler-icon\"><\/span>En savoir plus<\/div><div class=\"su-spoiler-content su-u-clearfix su-u-trim\">\n<p style=\"text-align: justify\">Le Centre de langue dispense une grande offre de cours en diff\u00e9rentes langues et \u00e0 tous les niveaux du cadre de r\u00e9f\u00e9rence europ\u00e9en pour l\u2019apprentissage des langues. Une des grandes forces du centre de langue c\u2019est qu\u2019il est ouvert \u00e0 tou-te-s les \u00e9tudiant-e-s de l\u2019Unil. Ce sera donc aussi un endroit parfait pour faire connaissance avec des personnes qui ont des formations tr\u00e8s diff\u00e9rentes de la v\u00f4tre. Vous pourrez y c\u00f4toyer des \u00e9tudiant-e-s aussi bien de master que de Bachelor, en passant par des doctorant-e-s. En plus de renforcer vos comp\u00e9tences langagi\u00e8res qui vous permettront de mieux lire toutes ces publications en italien, allemand, anglais ou en d\u2019autres langues. Cette offre vous sera entre autres utile pour pr\u00e9parer une candidature de mobilit\u00e9 sous d\u2019autres cieux.<\/p>\n<\/div><\/div>\n<\/div>\n<p><strong>Les Cin\u00e9-clubs UNIL-EPFL<\/strong><br \/>\nSite Web: <a href=\"https:\/\/cineclub.epfl.ch\" target=\"_blank\" rel=\"noopener noreferrer\">https:\/\/cineclub.epfl.ch <\/a><br \/>\nFacebook: <a href=\"https:\/\/www.facebook.com\/cineclub.unil.epfl\" target=\"_blank\" rel=\"noopener noreferrer\">https:\/\/www.facebook.com\/cineclub.unil.epfl <\/a><br \/>\nMail: <a href=\"mailto:cineclub@asso-unil.ch\" target=\"_blank\" rel=\"noopener noreferrer\">cineclub@asso-unil.ch<\/a><br \/>\n<div class=\"su-accordion su-u-trim\">\n<div class=\"su-spoiler su-spoiler-style-default su-spoiler-icon-plus su-spoiler-closed\" data-scroll-offset=\"0\" data-anchor-in-url=\"no\"><div class=\"su-spoiler-title\" tabindex=\"0\" role=\"button\"><span class=\"su-spoiler-icon\"><\/span>En savoir plus<\/div><div class=\"su-spoiler-content su-u-clearfix su-u-trim\">\n<p style=\"text-align: justify\">Faire partie des Cin\u00e9-clubs UNIL-EPFL, c\u2019est avant tout l\u2019occasion de s\u2019investir dans l\u2019organisation de projections cin\u00e9matographiques sur le campus. L\u2019objectif est simple: contribuer \u00e0 la vie culturelle des \u00e9tudiant-e-s en proposant une programmation riche et vari\u00e9e, en visant autant la d\u00e9tente que l\u2019enrichissement intellectuel.<br \/>\nS\u2019investir dans une association de ce type, c\u2019est participer \u00e0 l\u2019organisation de projets \u00e0 tous les niveaux, logistiques ou communicationnels. Mais c\u2019est aussi envisager son go\u00fbt pour le cin\u00e9ma sous un autre jour: comprendre comment on met en place une projection sur le plan technique, discuter avec diff\u00e9rentes identit\u00e9s officielles du cin\u00e9ma ou de l\u2019administration du campus, trouver la bonne m\u00e9thode pour promouvoir un tel \u00e9v\u00e8nement, c\u2019est s\u2019engager pour qu\u2019un film que l\u2019on a aim\u00e9 puisse \u00eatre valoris\u00e9. Tu appr\u00e9cies peut-\u00eatre regarder des films, seul ou entre amis, chez-toi ou en salle, mais la cin\u00e9philie prend un autre \u00e9lan d\u00e8s lors qu\u2019elle engage de se rendre responsable d\u2019une projection, du choix d\u2019un film que l\u2019on souhaite faire d\u00e9couvrir ou d\u2019un spectacle que l\u2019on veut faire revivre \u00e0 tout un ensemble de personnes.<br \/>\nEn cela, tous types de comp\u00e9tences sont mobilisables pour s\u2019investir au sein des Cin\u00e9-clubs. Un seul mot d\u2019ordre: avoir le d\u00e9sir de s\u2019engager et de se rendre responsable. Nul besoin d\u2019\u00eatre passionn\u00e9 des films les plus secrets, de connaitre tout le cin\u00e9ma chinois ou de cracher sur le mainstream \u00ab?parce que quand m\u00eame, genre, le cin\u00e9ma commercial \u00e7a arrive pas \u00e0 la cheville de ce qu\u2019on faisait dans les ann\u00e9es soixante t\u2019sais!\u00bb. Pour les Cin\u00e9-clubs, l\u2019essentiel est d\u2019avoir en son sein des gens motiv\u00e9s, qui ont envie de proposer quelque chose aux \u00e9tudiant-e-s et de s\u2019investir au maximum pour que le cin\u00e9ma \u00e0 l\u2019UNIL se fasse le vecteur d\u2019un bon moment pass\u00e9 apr\u00e8s les cours et l\u2019occasion de la (re)d\u00e9couverte d\u2019un film.<\/p>\n<\/div><\/div>\n<\/div>\n<p><strong>Le Ch\u0153ur universitaire<\/strong><br \/>\nSite Web: <a href=\"https:\/\/www.asso-unil.ch\/choeur\" target=\"_blank\" rel=\"noopener noreferrer\">https:\/\/www.asso-unil.ch\/choeur<\/a><br \/>\nMail: <a href=\"mailto:choeurunil@asso-unil.ch\" target=\"_blank\" rel=\"noopener noreferrer\">choeurunil@asso-unil.ch <\/a><br \/>\n<div class=\"su-accordion su-u-trim\">\n<div class=\"su-spoiler su-spoiler-style-default su-spoiler-icon-plus su-spoiler-closed\" data-scroll-offset=\"0\" data-anchor-in-url=\"no\"><div class=\"su-spoiler-title\" tabindex=\"0\" role=\"button\"><span class=\"su-spoiler-icon\"><\/span>En savoir plus<\/div><div class=\"su-spoiler-content su-u-clearfix su-u-trim\">\n<p style=\"text-align: justify\">Le Ch\u0153ur universitaire de Lausanne (ou Ch\u0153ur UNIL-EPFL) est un groupe d\u2019une centaine de choristes amateurs\/-trices mais \u00e9clair\u00e9-e-s qui se r\u00e9unissent tous les jeudis soir (et durant quelques week-ends) pour interpr\u00e9ter une ou plusieurs \u0153uvres du r\u00e9pertoire \u2013 souvent classique mais pas que \u2013 dans une ambiance s\u00e9rieuse quand il s\u2019agit de la musique et d\u00e9contract\u00e9e par ailleurs. Encadr\u00e9-e-s par une cheffe dynamique et des formatrices vocales pour le travail dans le d\u00e9tail, les choristes de tout niveau (aucun pr\u00e9requis n\u2019est n\u00e9cessaire et il n\u2019y a pas d\u2019audition d\u2019entr\u00e9e) progressent r\u00e9guli\u00e8rement, pour autant qu\u2019ils\/elles soient motiv\u00e9-e-s. Des activit\u00e9s exceptionnelles (week-end en ext\u00e9rieur, \u00e9change choral) rythment l\u2019ann\u00e9e jusqu\u2019\u00e0 la production de plusieurs concerts en fin d\u2019ann\u00e9e.<br \/>\nSi tu as un petit peu de temps, envie de rencontrer de nouvelles personnes autour d\u2019un int\u00e9r\u00eat commun et rien de pr\u00e9vu le jeudi soir, viens nous voir en d\u00e9but d\u2019ann\u00e9e, une r\u00e9p\u00e9tition publique a lieu lors de la premi\u00e8re semaine de cours et l\u2019inscription est possible jusqu\u2019\u00e0 mi-octobre. Le ch\u0153ur t\u2019attend!<\/p>\n<\/div><\/div>\n<\/div>\n<p><strong>La Grange de Dorigny<\/strong><br \/>\nSite Web: <a href=\"https:\/\/www.grangededorigny.ch\" target=\"_blank\" rel=\"noopener noreferrer\">www.grangededorigny.ch<\/a><br \/>\nFacebook: <a href=\"https:\/\/www.facebook.com\/grangededorigny?fref=ts\" target=\"_blank\" rel=\"noopener noreferrer\">https:\/\/www.facebook.com\/grangededorigny?fref=ts <\/a><br \/>\nMail: <a href=\"mailto:culture@unil.ch\" target=\"_blank\" rel=\"noopener noreferrer\">culture@unil.ch <\/a><br \/>\n<div class=\"su-accordion su-u-trim\">\n<div class=\"su-spoiler su-spoiler-style-default su-spoiler-icon-plus su-spoiler-closed\" data-scroll-offset=\"0\" data-anchor-in-url=\"no\"><div class=\"su-spoiler-title\" tabindex=\"0\" role=\"button\"><span class=\"su-spoiler-icon\"><\/span>En savoir plus<\/div><div class=\"su-spoiler-content su-u-clearfix su-u-trim\">\n<p style=\"text-align: justify\">Le bureau des affaires culturelles de l\u2019Universit\u00e9 de Lausanne se situe au Th\u00e9\u00e2tre La Grange de Dorigny, berceau de la culture sur le campus de l\u2019Universit\u00e9. Le Th\u00e9\u00e2tre propose une saison professionnelle d\u2019une douzaine de spectacles avec un tarif pr\u00e9f\u00e9rentiel pour les \u00e9tudiant-e-s (10.\u2013 CHF le billet, 30.\u2013 CHF pour l\u2019abonnement \u00abGrande Faim\u00bb). Le bureau organise \u00e9galement des stages tout au long de l\u2019ann\u00e9e?: th\u00e9\u00e2tre, impro, danse, etc. Les \u00e9tudiant-e-s ont aussi la possibilit\u00e9 d\u2019utiliser le foyer en journ\u00e9e et plusieurs colloques et autres \u00e9v\u00e9nements culturels organis\u00e9s par les facult\u00e9s viennent enrichir les propositions de La Grange. Enfin, les festivals Point. Virgule, et F\u00e9cule sont les \u00e9v\u00e9nements de cultures universitaires incontournables pour tout-e \u00e9tudiant-e qui souhaite participer aux activit\u00e9s artistiques du campus.<\/p>\n<\/div><\/div>\n<\/div>\n<p><strong>Zelig<\/strong><br \/>\nSite Web: <a href=\"https:\/\/www.zelig.ch\">www.zelig.ch<\/a><br \/>\nMail: <a href=\"mailto:newbies@zelig.ch\">newbies@zelig.ch<\/a> ou <a href=\"mailto:presidence@zelig.ch\">presidence@zelig.ch<\/a><br \/>\n<div class=\"su-accordion su-u-trim\">\n<div class=\"su-spoiler su-spoiler-style-default su-spoiler-icon-plus su-spoiler-closed\" data-scroll-offset=\"0\" data-anchor-in-url=\"no\"><div class=\"su-spoiler-title\" tabindex=\"0\" role=\"button\"><span class=\"su-spoiler-icon\"><\/span>En savoir plus<\/div><div class=\"su-spoiler-content su-u-clearfix su-u-trim\">\n<p style=\"text-align: justify\">Zelig est un espace de rencontre (auto-)g\u00e9r\u00e9 par des b\u00e9n\u00e9voles \u00e9tudiant-e-s pour les \u00e9tudiant-e-s et le personnel universitaire (m\u00eame si on les voit moins ceux-l\u00e0, ils n\u2019ont pas encore compris).<br \/>\nTu y es bienvenu-e si tu veux boire un verre (th\u00e9 froid, limonade, mais aussi bi\u00e8res belges et locales) en t\u2019enfon\u00e7ant dans nos canap\u00e9s. Tu peux aussi participer aux nombreux \u00e9v\u00e9nements organis\u00e9s chaque semaine, comme des concerts live le jeudi soir, des tournois de chibre, de babyfoot ou de ping-pong, et aussi diff\u00e9rentes expositions! Les associations de l\u2019Unil prennent aussi parfois possession de nos locaux le temps d\u2019organiser une soir\u00e9e \u00e0 leur sauce.<br \/>\nTu peux d\u2019ailleurs toi-m\u00eame en faire partie et devenir membre. C\u2019est l\u2019occasion de t\u2019impliquer dans la vie universitaire, de g\u00e9rer des soir\u00e9es, servir des ch\u00e8vres derri\u00e8re le bar, de programmer des concerts, d\u2019apprendre la technique du son \/ lumi\u00e8re, d\u2019avoir ta propre adresse mail (eh ouais, \u00e7a rigole plus), d\u2019arroser les plantes ou tout simplement de faire partie d\u2019une chouette bande d\u2019imb\u00e9ciles!<br \/>\nCela implique plusieurs choses?: chaque membre doit accomplir sa t\u00e2che, servir au bar pendant quelques heures chaque semaine, \u00eatre pr\u00e9sent aux soir\u00e9es chaque jeudis, travailler \u00e0 quelques soir\u00e9es d\u2019association, \u00eatre pr\u00e9sent aux Assembl\u00e9es G\u00e9n\u00e9rales (et autres r\u00e9unions) et participer aux nettoyages semestriels. Travailler \u00e0 Zelig est un investissement qui n\u00e9cessite un don personnel assez important?!<br \/>\nMais bon, commence par passer par chez nous et t\u2019imbiber&#8230; de l\u2019atmosph\u00e8re particuli\u00e8re du lieu, on verra ensuite!<\/p>\n<\/div><\/div>\n<\/div>\n","protected":false},"excerpt":{"rendered":"<p>L&rsquo;Auditoire Site Web: https:\/\/www.auditoire.ch Facebook: https:\/\/www.facebook.com\/auditoire149 Mail: auditoire@gmail.com Basta! Site Web: https:\/\/www.librairiebasta.ch Mail: dorigny@librairiebasta.ch Les Belles Lettres Site Web: https:\/\/www.belles-lettres.ch Facebook: https:\/\/www.facebook.com\/belleslettreslausanne Mail: belles-lettres@romandie.com Le Cabanon Site Web:&hellip;<\/p>\n","protected":false},"author":1480,"featured_media":0,"parent":98,"menu_order":0,"comment_status":"closed","ping_status":"closed","template":"","meta":{"_seopress_robots_primary_cat":"","_seopress_titles_title":"","_seopress_titles_desc":"","_seopress_robots_index":"","footnotes":""},"class_list":["post-903","page","type-page","status-publish","has-post-thumbnail"],"_links":{"self":[{"href":"https:\/\/wp.unil.ch\/ael\/wp-json\/wp\/v2\/pages\/903","targetHints":{"allow":["GET"]}}],"collection":[{"href":"https:\/\/wp.unil.ch\/ael\/wp-json\/wp\/v2\/pages"}],"about":[{"href":"https:\/\/wp.unil.ch\/ael\/wp-json\/wp\/v2\/types\/page"}],"author":[{"embeddable":true,"href":"https:\/\/wp.unil.ch\/ael\/wp-json\/wp\/v2\/users\/1480"}],"replies":[{"embeddable":true,"href":"https:\/\/wp.unil.ch\/ael\/wp-json\/wp\/v2\/comments?post=903"}],"version-history":[{"count":0,"href":"https:\/\/wp.unil.ch\/ael\/wp-json\/wp\/v2\/pages\/903\/revisions"}],"up":[{"embeddable":true,"href":"https:\/\/wp.unil.ch\/ael\/wp-json\/wp\/v2\/pages\/98"}],"wp:attachment":[{"href":"https:\/\/wp.unil.ch\/ael\/wp-json\/wp\/v2\/media?parent=903"}],"curies":[{"name":"wp","href":"https:\/\/api.w.org\/{rel}","templated":true}]}}