{"id":77,"date":"2013-02-25T10:07:33","date_gmt":"2013-02-25T09:07:33","guid":{"rendered":"http:\/\/wp.unil.ch\/ael\/?page_id=77"},"modified":"2022-04-11T15:40:28","modified_gmt":"2022-04-11T13:40:28","slug":"politiquefacultaire","status":"publish","type":"page","link":"https:\/\/wp.unil.ch\/ael\/politiquefacultaire\/","title":{"rendered":"Politique Facultaire"},"content":{"rendered":"\n<h3 class=\"wp-block-heading\">Participation de l&rsquo;AEL aux diff\u00e9rents niveaux<\/h3>\n\n\n\n<p>L&rsquo;AEL a pour but de d\u00e9fendre les int\u00e9r\u00eats des \u00e9tudiant\u00b7e\u00b7x\u00b7s en Lettres. Pour cela, les \u00e9tudiant\u00b7e\u00b7x\u00b7s b\u00e9n\u00e9voles qui la composent sont actif\u00b7ve\u00b7x\u00b7s dans tous les organes de l&rsquo;Universit\u00e9, aussi bien au niveau de la Facult\u00e9 que de l&rsquo;Universit\u00e9:<\/p>\n\n\n\n<ul class=\"wp-block-list\"><li>Nous avons des contacts r\u00e9guliers avec le D\u00e9canat.<\/li><li>Nous avons des d\u00e9l\u00e9gu\u00e9\u00b7e\u00b7x\u00b7s au Conseil de Facult\u00e9 (12 si\u00e8ges), o\u00f9 sont vot\u00e9s les r\u00e8glements de facult\u00e9, sont approuv\u00e9s les plans d&rsquo;\u00e9tudes et o\u00f9 sont soumis au vote les rapports des commissions de pr\u00e9sentation (ce sont les commissions qui s\u00e9lectionnent les membres du corps enseignant).<\/li><li>Nous avons \u00e9galement des d\u00e9l\u00e9gu\u00e9\u00b7e\u00b7x\u00b7s au Conseil de l&rsquo;Universit\u00e9 (2 si\u00e8ges), o\u00f9 sont prises des d\u00e9cisions concernant toute l&rsquo;Universit\u00e9.<\/li><li>D&rsquo;autre part, nous si\u00e9geons aussi dans plusieurs commissions importantes de la facult\u00e9.<\/li><li>Pour finir, nous avons quatre si\u00e8ges au sein de l&rsquo;Assembl\u00e9e des D\u00e9l\u00e9gu\u00e9-e-s de la F\u00e9d\u00e9ration des Associations d&rsquo;Etudiant-e-s (FAE). Cette association fa\u00eeti\u00e8re regroupe toutes les Associations et les \u00e9tudiant\u00b7e\u00b7x\u00b7s du site universitaire, et nous avons donc des contacts fr\u00e9quents avec elle.<\/li><\/ul>\n\n\n\n<p>Tu trouveras des d\u00e9tails concernant toutes ces instances, et la participation de l&rsquo;AEL dans celles-ci, en cliquant sur les pages-filles.<\/p>\n\n\n\n<figure class=\"wp-block-embed is-type-video is-provider-youtube wp-block-embed-youtube wp-embed-aspect-16-9 wp-has-aspect-ratio\"><div class=\"wp-block-embed__wrapper\">\n<iframe loading=\"lazy\" title=\"Politique facultaire - AEL\" width=\"580\" height=\"326\" src=\"https:\/\/www.youtube.com\/embed\/Ps0h7rCwrtc?feature=oembed\" frameborder=\"0\" allow=\"accelerometer; autoplay; clipboard-write; encrypted-media; gyroscope; picture-in-picture; web-share\" referrerpolicy=\"strict-origin-when-cross-origin\" allowfullscreen><\/iframe>\n<\/div><figcaption>Une vid\u00e9o qui pr\u00e9sente la politique facultaire se trouve sur la cha\u00eene youtube des Lettres. Vous pouvez la visionner ci-dessus.<\/figcaption><\/figure>\n","protected":false},"excerpt":{"rendered":"<p>Participation de l&rsquo;AEL aux diff\u00e9rents niveaux L&rsquo;AEL a pour but de d\u00e9fendre les int\u00e9r\u00eats des \u00e9tudiant\u00b7e\u00b7x\u00b7s en Lettres. Pour cela, les \u00e9tudiant\u00b7e\u00b7x\u00b7s b\u00e9n\u00e9voles qui la composent sont actif\u00b7ve\u00b7x\u00b7s&hellip;<\/p>\n","protected":false},"author":108,"featured_media":2017,"parent":0,"menu_order":4,"comment_status":"closed","ping_status":"closed","template":"","meta":{"_seopress_robots_primary_cat":"","_seopress_titles_title":"","_seopress_titles_desc":"","_seopress_robots_index":"","footnotes":""},"class_list":["post-77","page","type-page","status-publish","has-post-thumbnail"],"_links":{"self":[{"href":"https:\/\/wp.unil.ch\/ael\/wp-json\/wp\/v2\/pages\/77","targetHints":{"allow":["GET"]}}],"collection":[{"href":"https:\/\/wp.unil.ch\/ael\/wp-json\/wp\/v2\/pages"}],"about":[{"href":"https:\/\/wp.unil.ch\/ael\/wp-json\/wp\/v2\/types\/page"}],"author":[{"embeddable":true,"href":"https:\/\/wp.unil.ch\/ael\/wp-json\/wp\/v2\/users\/108"}],"replies":[{"embeddable":true,"href":"https:\/\/wp.unil.ch\/ael\/wp-json\/wp\/v2\/comments?post=77"}],"version-history":[{"count":0,"href":"https:\/\/wp.unil.ch\/ael\/wp-json\/wp\/v2\/pages\/77\/revisions"}],"wp:featuredmedia":[{"embeddable":true,"href":"https:\/\/wp.unil.ch\/ael\/wp-json\/wp\/v2\/media\/2017"}],"wp:attachment":[{"href":"https:\/\/wp.unil.ch\/ael\/wp-json\/wp\/v2\/media?parent=77"}],"curies":[{"name":"wp","href":"https:\/\/api.w.org\/{rel}","templated":true}]}}