{"id":28,"date":"2013-01-16T16:30:49","date_gmt":"2013-01-16T15:30:49","guid":{"rendered":"http:\/\/wp.unil.ch\/ael\/?page_id=28"},"modified":"2026-03-12T09:28:03","modified_gmt":"2026-03-12T08:28:03","slug":"bureauexecutif","status":"publish","type":"page","link":"https:\/\/wp.unil.ch\/ael\/lael\/bureauexecutif\/","title":{"rendered":"Bureau Ex\u00e9cutif"},"content":{"rendered":"\n<p>Le Bureau Ex\u00e9cutif (BE) est \u00e9lu lors l&rsquo;Assembl\u00e9e G\u00e9n\u00e9rale (AG) qui se r\u00e9unit une fois par semestre au minimum. L&rsquo; AG est organis\u00e9e par le BE. Touste \u00e9tudiant\u00b7e\u00b7x inscrit\u00b7e\u00b7x en Lettres peut y participer et soumettre sa candidature aux divers postes \u00e0 pourvoir.<\/p>\n\n\n\n<h2 class=\"wp-block-heading\">Fonctionnement du comit\u00e9<\/h2>\n\n\n\n<p>Le BE est compos\u00e9 de membres r\u00e9guliers et b\u00e9n\u00e9voles, qui se divisent en deux cat\u00e9gories : les responsables de dicast\u00e8res et les membres actifs. Huit dicast\u00e8res structurent l\u2019association. (Vous trouverez la liste ci-dessous.) Chacun\u00b7e\u00b7x d&rsquo;entre eux d\u00e9die ses efforts \u00e0 une t\u00e2che bien pr\u00e9cise et sont soutenu\u00b7e\u00b7x\u00b7s par les membres actifs. Pour des probl\u00e8mes plus ponctuels, des groupes de travail peuvent \u00eatre constitu\u00e9s pour une dur\u00e9e d\u00e9termin\u00e9e. Ceux-ci sont ouverts \u00e0 touste \u00e9tudiant\u00b7e\u00b7x de Lettres.<\/p>\n\n\n\n<h2 class=\"wp-block-heading\">Bureau ex\u00e9cutif<\/h2>\n\n\n\n<h4 class=\"wp-block-heading has-text-align-left\">Copr\u00e9sident\u00b7e\u00b7x\u00b7s<\/h4>\n\n\n\n<p class=\"has-text-align-left\">Hannah Maxwell (<a href=\"mailto:hannah.maxwell@unil.ch\">hannah.maxwell@unil.ch<\/a>)<\/p>\n\n\n\n<figure class=\"wp-block-image size-full is-resized\"><a href=\"https:\/\/wp.unil.ch\/ael\/files\/2026\/02\/hannah-2.png\"><img loading=\"lazy\" decoding=\"async\" width=\"808\" height=\"888\" src=\"https:\/\/wp.unil.ch\/ael\/files\/2026\/02\/hannah-2.png\" alt=\"hannah 2\" class=\"wp-image-2267\" style=\"aspect-ratio:0.909925182522999;width:244px;height:auto\" srcset=\"https:\/\/wp.unil.ch\/ael\/files\/2026\/02\/hannah-2.png 808w, https:\/\/wp.unil.ch\/ael\/files\/2026\/02\/hannah-2-273x300.png 273w, https:\/\/wp.unil.ch\/ael\/files\/2026\/02\/hannah-2-768x844.png 768w, https:\/\/wp.unil.ch\/ael\/files\/2026\/02\/hannah-2-540x593.png 540w\" sizes=\"auto, (max-width: 808px) 100vw, 808px\" \/><\/a><\/figure>\n\n\n\n<p class=\"has-text-align-left\">Am\u00e9lie Dauban (<a href=\"mailto:amelie.dauban@unil.ch\">Amelie.dauban@unil.ch<\/a>)<\/p>\n\n\n\n<figure class=\"wp-block-image size-large is-resized\"><a href=\"https:\/\/wp.unil.ch\/ael\/files\/2026\/02\/foxsona.png\"><img loading=\"lazy\" decoding=\"async\" width=\"560\" height=\"560\" src=\"https:\/\/wp.unil.ch\/ael\/files\/2026\/02\/foxsona-edited-1.png\" alt=\"foxsona\" class=\"wp-image-2272\" style=\"width:287px;height:auto\" srcset=\"https:\/\/wp.unil.ch\/ael\/files\/2026\/02\/foxsona-edited-1.png 560w, https:\/\/wp.unil.ch\/ael\/files\/2026\/02\/foxsona-edited-1-300x300.png 300w, https:\/\/wp.unil.ch\/ael\/files\/2026\/02\/foxsona-edited-1-150x150.png 150w, https:\/\/wp.unil.ch\/ael\/files\/2026\/02\/foxsona-edited-1-540x540.png 540w\" sizes=\"auto, (max-width: 560px) 100vw, 560px\" \/><\/a><\/figure>\n\n\n\n<h4 class=\"wp-block-heading\">Secr\u00e9taire<\/h4>\n\n\n\n<p class=\"has-text-align-left\">Tim Hadrien Baud (<a href=\"mailto:tim.baud@unil.ch\">tim.baud@unil.ch<\/a>)<\/p>\n\n\n\n<figure class=\"wp-block-image size-full is-resized\"><a href=\"https:\/\/wp.unil.ch\/ael\/files\/2026\/02\/whatsapp-image-2026-02-04-at-13.43.27-1.jpeg\"><img loading=\"lazy\" decoding=\"async\" width=\"736\" height=\"920\" src=\"https:\/\/wp.unil.ch\/ael\/files\/2026\/02\/whatsapp-image-2026-02-04-at-13.43.27-1.jpeg\" alt=\"whatsapp image 2026 02 04 at 13.43.27 (1)\" class=\"wp-image-2269\" style=\"width:292px;height:auto\" srcset=\"https:\/\/wp.unil.ch\/ael\/files\/2026\/02\/whatsapp-image-2026-02-04-at-13.43.27-1.jpeg 736w, https:\/\/wp.unil.ch\/ael\/files\/2026\/02\/whatsapp-image-2026-02-04-at-13.43.27-1-240x300.jpeg 240w, https:\/\/wp.unil.ch\/ael\/files\/2026\/02\/whatsapp-image-2026-02-04-at-13.43.27-1-540x675.jpeg 540w\" sizes=\"auto, (max-width: 736px) 100vw, 736px\" \/><\/a><\/figure>\n\n\n\n<h4 class=\"wp-block-heading\">Tr\u00e9sorerie<\/h4>\n\n\n\n<p><br>Emilien Charbonnet (<a href=\"mailto:emilien.charbonnet@unil.ch\">emilien.charbonnet@unil.ch<\/a>)<\/p>\n\n\n\n<figure class=\"wp-block-image size-large is-resized\"><a href=\"https:\/\/wp.unil.ch\/ael\/files\/2026\/02\/emilien.png\"><img loading=\"lazy\" decoding=\"async\" width=\"939\" height=\"1024\" src=\"https:\/\/wp.unil.ch\/ael\/files\/2026\/02\/emilien-939x1024.png\" alt=\"emilien\" class=\"wp-image-2261\" style=\"aspect-ratio:0.916993166287016;width:290px;height:auto\" srcset=\"https:\/\/wp.unil.ch\/ael\/files\/2026\/02\/emilien-939x1024.png 939w, https:\/\/wp.unil.ch\/ael\/files\/2026\/02\/emilien-275x300.png 275w, https:\/\/wp.unil.ch\/ael\/files\/2026\/02\/emilien-768x837.png 768w, https:\/\/wp.unil.ch\/ael\/files\/2026\/02\/emilien-1409x1536.png 1409w, https:\/\/wp.unil.ch\/ael\/files\/2026\/02\/emilien-540x589.png 540w, https:\/\/wp.unil.ch\/ael\/files\/2026\/02\/emilien-1080x1177.png 1080w, https:\/\/wp.unil.ch\/ael\/files\/2026\/02\/emilien.png 1600w\" sizes=\"auto, (max-width: 939px) 100vw, 939px\" \/><\/a><\/figure>\n\n\n\n<h4 class=\"wp-block-heading\">Informatique et communication<\/h4>\n\n\n\n<p><br>Anisha Baskaralingam (<a href=\"mailto:anisha.baskaralingam@unil.ch\">anisha.baskaralingam@unil.ch<\/a>)<\/p>\n\n\n\n<figure class=\"wp-block-image size-full is-resized\"><a href=\"https:\/\/wp.unil.ch\/ael\/files\/2026\/02\/whatsapp-image-2026-02-04-at-13.43.27-2.jpeg\"><img loading=\"lazy\" decoding=\"async\" width=\"564\" height=\"705\" src=\"https:\/\/wp.unil.ch\/ael\/files\/2026\/02\/whatsapp-image-2026-02-04-at-13.43.27-2.jpeg\" alt=\"whatsapp image 2026 02 04 at 13.43.27 (2)\" class=\"wp-image-2262\" style=\"width:246px;height:auto\" srcset=\"https:\/\/wp.unil.ch\/ael\/files\/2026\/02\/whatsapp-image-2026-02-04-at-13.43.27-2.jpeg 564w, https:\/\/wp.unil.ch\/ael\/files\/2026\/02\/whatsapp-image-2026-02-04-at-13.43.27-2-240x300.jpeg 240w, https:\/\/wp.unil.ch\/ael\/files\/2026\/02\/whatsapp-image-2026-02-04-at-13.43.27-2-540x675.jpeg 540w\" sizes=\"auto, (max-width: 564px) 100vw, 564px\" \/><\/a><\/figure>\n\n\n\n<h4 class=\"wp-block-heading\">Politique facultaire et universitaire<\/h4>\n\n\n\n<p>Ash Arnold (<a href=\"mailto:ash.arnold@unil.ch\">ash.arnold@unil.ch<\/a>)<\/p>\n\n\n\n<figure class=\"wp-block-image size-large is-resized\"><a href=\"https:\/\/wp.unil.ch\/ael\/files\/2026\/02\/ash.png\"><img loading=\"lazy\" decoding=\"async\" width=\"679\" height=\"1024\" src=\"https:\/\/wp.unil.ch\/ael\/files\/2026\/02\/ash-679x1024.png\" alt=\"ash\" class=\"wp-image-2264\" style=\"aspect-ratio:0.6630868061274914;width:243px;height:auto\" srcset=\"https:\/\/wp.unil.ch\/ael\/files\/2026\/02\/ash-679x1024.png 679w, https:\/\/wp.unil.ch\/ael\/files\/2026\/02\/ash-199x300.png 199w, https:\/\/wp.unil.ch\/ael\/files\/2026\/02\/ash-768x1158.png 768w, https:\/\/wp.unil.ch\/ael\/files\/2026\/02\/ash-540x814.png 540w, https:\/\/wp.unil.ch\/ael\/files\/2026\/02\/ash.png 796w\" sizes=\"auto, (max-width: 679px) 100vw, 679px\" \/><\/a><\/figure>\n\n\n\n<h4 class=\"wp-block-heading\">Culturel et \u00e9v\u00e9nements<\/h4>\n\n\n\n<p>Dominika Bukowska (<a href=\"mailto:dominika.bukowska@unil.ch\">dominika.bukowska@unil.ch<\/a>)<\/p>\n\n\n\n<figure class=\"wp-block-image size-large is-resized\"><a href=\"https:\/\/wp.unil.ch\/ael\/files\/2026\/02\/domi-3.png\"><img loading=\"lazy\" decoding=\"async\" width=\"1024\" height=\"877\" src=\"https:\/\/wp.unil.ch\/ael\/files\/2026\/02\/domi-3-1024x877.png\" alt=\"domi 3\" class=\"wp-image-2265\" style=\"aspect-ratio:1.1676189923717262;width:300px;height:auto\" srcset=\"https:\/\/wp.unil.ch\/ael\/files\/2026\/02\/domi-3-1024x877.png 1024w, https:\/\/wp.unil.ch\/ael\/files\/2026\/02\/domi-3-300x257.png 300w, https:\/\/wp.unil.ch\/ael\/files\/2026\/02\/domi-3-768x658.png 768w, https:\/\/wp.unil.ch\/ael\/files\/2026\/02\/domi-3-540x463.png 540w, https:\/\/wp.unil.ch\/ael\/files\/2026\/02\/domi-3-1080x925.png 1080w, https:\/\/wp.unil.ch\/ael\/files\/2026\/02\/domi-3.png 1401w\" sizes=\"auto, (max-width: 1024px) 100vw, 1024px\" \/><\/a><\/figure>\n\n\n\n<h4 class=\"wp-block-heading\">Service aux \u00e9tudiant\u00b7e\u00b7x\u00b7s<\/h4>\n\n\n\n<p>Sarah Pilosio (<a href=\"mailto:sarah.pilosio@unil.ch\">sarah.pilosio@unil.ch<\/a>)<\/p>\n\n\n\n<figure class=\"wp-block-image size-large is-resized\"><a href=\"https:\/\/wp.unil.ch\/ael\/files\/2026\/02\/whatsapp-image-2026-02-04-at-13.43.27-5.jpeg\"><img loading=\"lazy\" decoding=\"async\" width=\"1024\" height=\"682\" src=\"https:\/\/wp.unil.ch\/ael\/files\/2026\/02\/whatsapp-image-2026-02-04-at-13.43.27-5-1024x682.jpeg\" alt=\"whatsapp image 2026 02 04 at 13.43.27 (5)\" class=\"wp-image-2268\" style=\"aspect-ratio:1.5014732758942224;width:284px;height:auto\" srcset=\"https:\/\/wp.unil.ch\/ael\/files\/2026\/02\/whatsapp-image-2026-02-04-at-13.43.27-5-1024x682.jpeg 1024w, https:\/\/wp.unil.ch\/ael\/files\/2026\/02\/whatsapp-image-2026-02-04-at-13.43.27-5-300x200.jpeg 300w, https:\/\/wp.unil.ch\/ael\/files\/2026\/02\/whatsapp-image-2026-02-04-at-13.43.27-5-768x512.jpeg 768w, https:\/\/wp.unil.ch\/ael\/files\/2026\/02\/whatsapp-image-2026-02-04-at-13.43.27-5-1536x1023.jpeg 1536w, https:\/\/wp.unil.ch\/ael\/files\/2026\/02\/whatsapp-image-2026-02-04-at-13.43.27-5-540x360.jpeg 540w, https:\/\/wp.unil.ch\/ael\/files\/2026\/02\/whatsapp-image-2026-02-04-at-13.43.27-5-1080x720.jpeg 1080w, https:\/\/wp.unil.ch\/ael\/files\/2026\/02\/whatsapp-image-2026-02-04-at-13.43.27-5.jpeg 1600w\" sizes=\"auto, (max-width: 1024px) 100vw, 1024px\" \/><\/a><\/figure>\n\n\n\n<h4 class=\"wp-block-heading\">Contact avec les associations<\/h4>\n\n\n\n<p class=\"has-text-align-left\">(cf contacts copr\u00e9sidence)<\/p>\n\n\n\n<h4 class=\"wp-block-heading\">Membres actifs<\/h4>\n\n\n\n<p>Lucie Ortet (<a href=\"mailto:lucie.ortet@unil.ch\">lucie.ortet@unil.ch<\/a>)<\/p>\n\n\n\n<figure class=\"wp-block-image size-large is-resized\"><a href=\"https:\/\/wp.unil.ch\/ael\/files\/2026\/02\/lucie.png\"><img loading=\"lazy\" decoding=\"async\" width=\"1024\" height=\"576\" src=\"https:\/\/wp.unil.ch\/ael\/files\/2026\/02\/lucie-1024x576.png\" alt=\"lucie\" class=\"wp-image-2258\" style=\"width:315px;height:auto\" srcset=\"https:\/\/wp.unil.ch\/ael\/files\/2026\/02\/lucie-1024x576.png 1024w, https:\/\/wp.unil.ch\/ael\/files\/2026\/02\/lucie-300x169.png 300w, https:\/\/wp.unil.ch\/ael\/files\/2026\/02\/lucie-768x432.png 768w, https:\/\/wp.unil.ch\/ael\/files\/2026\/02\/lucie-540x304.png 540w, https:\/\/wp.unil.ch\/ael\/files\/2026\/02\/lucie-1080x608.png 1080w, https:\/\/wp.unil.ch\/ael\/files\/2026\/02\/lucie.png 1440w\" sizes=\"auto, (max-width: 1024px) 100vw, 1024px\" \/><\/a><\/figure>\n\n\n\n<p class=\"has-text-align-left\">Niko Goldmann (<a href=\"mailto:niko.goldmann@unil.ch\">niko.goldmann@unil.ch<\/a>) &nbsp;<\/p>\n\n\n\n<figure class=\"wp-block-image size-full is-resized\"><a href=\"https:\/\/wp.unil.ch\/ael\/files\/2026\/02\/whatsapp-image-2026-02-04-at-13.43.27-3.jpeg\"><img loading=\"lazy\" decoding=\"async\" width=\"600\" height=\"600\" src=\"https:\/\/wp.unil.ch\/ael\/files\/2026\/02\/whatsapp-image-2026-02-04-at-13.43.27-3.jpeg\" alt=\"whatsapp image 2026 02 04 at 13.43.27 (3)\" class=\"wp-image-2263\" style=\"width:292px;height:auto\" srcset=\"https:\/\/wp.unil.ch\/ael\/files\/2026\/02\/whatsapp-image-2026-02-04-at-13.43.27-3.jpeg 600w, https:\/\/wp.unil.ch\/ael\/files\/2026\/02\/whatsapp-image-2026-02-04-at-13.43.27-3-300x300.jpeg 300w, https:\/\/wp.unil.ch\/ael\/files\/2026\/02\/whatsapp-image-2026-02-04-at-13.43.27-3-150x150.jpeg 150w, https:\/\/wp.unil.ch\/ael\/files\/2026\/02\/whatsapp-image-2026-02-04-at-13.43.27-3-540x540.jpeg 540w\" sizes=\"auto, (max-width: 600px) 100vw, 600px\" \/><\/a><\/figure>\n\n\n\n<p class=\"has-text-align-left\">Kair\u00f3s Diniz e Berson (<a href=\"mailto:kairos.dinizeberson@unil.ch\">kairos.dinizeberson@unil.ch<\/a>) <\/p>\n\n\n\n<figure class=\"wp-block-image size-large is-resized\"><a href=\"https:\/\/wp.unil.ch\/ael\/files\/2026\/02\/cybele-2.png\"><img loading=\"lazy\" decoding=\"async\" width=\"1024\" height=\"770\" src=\"https:\/\/wp.unil.ch\/ael\/files\/2026\/02\/cybele-2-1024x770.png\" alt=\"cyb\u00e8le 2\" class=\"wp-image-2266\" style=\"aspect-ratio:1.3298975883713247;width:316px;height:auto\" srcset=\"https:\/\/wp.unil.ch\/ael\/files\/2026\/02\/cybele-2-1024x770.png 1024w, https:\/\/wp.unil.ch\/ael\/files\/2026\/02\/cybele-2-300x226.png 300w, https:\/\/wp.unil.ch\/ael\/files\/2026\/02\/cybele-2-768x577.png 768w, https:\/\/wp.unil.ch\/ael\/files\/2026\/02\/cybele-2-1536x1155.png 1536w, https:\/\/wp.unil.ch\/ael\/files\/2026\/02\/cybele-2-540x406.png 540w, https:\/\/wp.unil.ch\/ael\/files\/2026\/02\/cybele-2-1080x812.png 1080w, https:\/\/wp.unil.ch\/ael\/files\/2026\/02\/cybele-2.png 1596w\" sizes=\"auto, (max-width: 1024px) 100vw, 1024px\" \/><\/a><\/figure>\n\n\n\n<p>Ana\u00efs Meury (<a href=\"mailto:anais.meury@unil.ch\">anais.meury@unil.ch<\/a>)<\/p>\n\n\n\n<p class=\"has-text-align-left\"><strong>Toustes<\/strong><\/p>\n\n\n\n<p class=\"has-text-align-center\"><\/p>\n\n\n\n<p class=\"has-text-align-left\"><strong>Le Bureau Ex\u00e9cutif en BD <\/strong><\/p>\n\n\n\n<figure class=\"wp-block-image\"><img alt=\"\" loading=\"lazy\" decoding=\"async\" width=\"225\" height=\"300\" src=\"https:\/\/wp.unil.ch\/ael\/files\/2021\/02\/811C62C2-7DE7-4385-A84D-44750661F9EC-225x300.jpeg\" alt=\"\" class=\"wp-image-1824\" srcset=\"https:\/\/wp.unil.ch\/ael\/files\/2021\/02\/811C62C2-7DE7-4385-A84D-44750661F9EC-225x300.jpeg 225w, https:\/\/wp.unil.ch\/ael\/files\/2021\/02\/811C62C2-7DE7-4385-A84D-44750661F9EC-768x1024.jpeg 768w, https:\/\/wp.unil.ch\/ael\/files\/2021\/02\/811C62C2-7DE7-4385-A84D-44750661F9EC.jpeg 900w\" sizes=\"auto, (max-width: 225px) 100vw, 225px\" \/><\/figure>\n\n\n\n<figure class=\"wp-block-image\"><a href=\"https:\/\/wp.unil.ch\/ael\/files\/2021\/02\/E98A2DB0-5A5C-49D9-B919-167DCBD973BF.jpeg\"><img alt=\"\" loading=\"lazy\" decoding=\"async\" width=\"225\" height=\"300\" src=\"https:\/\/wp.unil.ch\/ael\/files\/2021\/02\/E98A2DB0-5A5C-49D9-B919-167DCBD973BF-225x300.jpeg\" alt=\"\" class=\"wp-image-1825\" srcset=\"https:\/\/wp.unil.ch\/ael\/files\/2021\/02\/E98A2DB0-5A5C-49D9-B919-167DCBD973BF-225x300.jpeg 225w, https:\/\/wp.unil.ch\/ael\/files\/2021\/02\/E98A2DB0-5A5C-49D9-B919-167DCBD973BF-768x1024.jpeg 768w, https:\/\/wp.unil.ch\/ael\/files\/2021\/02\/E98A2DB0-5A5C-49D9-B919-167DCBD973BF.jpeg 900w\" sizes=\"auto, (max-width: 225px) 100vw, 225px\" \/><\/a><\/figure>\n\n\n\n<p><a href=\"https:\/\/wp.unil.ch\/ael\/files\/2021\/02\/811C62C2-7DE7-4385-A84D-44750661F9EC.jpeg\"> &nbsp;&nbsp;&nbsp;&nbsp;&nbsp;&nbsp;&nbsp;&nbsp;&nbsp;&nbsp;&nbsp;&nbsp;&nbsp;&nbsp;&nbsp;&nbsp;&nbsp;&nbsp;&nbsp;&nbsp;&nbsp;&nbsp;&nbsp;&nbsp;&nbsp;&nbsp;&nbsp; <\/a> <\/p>\n\n\n\n<p><\/p>\n","protected":false},"excerpt":{"rendered":"<p>Le Bureau Ex\u00e9cutif (BE) est \u00e9lu lors l&rsquo;Assembl\u00e9e G\u00e9n\u00e9rale (AG) qui se r\u00e9unit une fois par semestre au minimum. L&rsquo; AG est organis\u00e9e par le BE. Touste \u00e9tudiant\u00b7e\u00b7x&hellip;<\/p>\n","protected":false},"author":108,"featured_media":0,"parent":21,"menu_order":2,"comment_status":"closed","ping_status":"closed","template":"","meta":{"_seopress_robots_primary_cat":"","_seopress_titles_title":"","_seopress_titles_desc":"","_seopress_robots_index":"","footnotes":""},"class_list":["post-28","page","type-page","status-publish","has-post-thumbnail"],"_links":{"self":[{"href":"https:\/\/wp.unil.ch\/ael\/wp-json\/wp\/v2\/pages\/28","targetHints":{"allow":["GET"]}}],"collection":[{"href":"https:\/\/wp.unil.ch\/ael\/wp-json\/wp\/v2\/pages"}],"about":[{"href":"https:\/\/wp.unil.ch\/ael\/wp-json\/wp\/v2\/types\/page"}],"author":[{"embeddable":true,"href":"https:\/\/wp.unil.ch\/ael\/wp-json\/wp\/v2\/users\/108"}],"replies":[{"embeddable":true,"href":"https:\/\/wp.unil.ch\/ael\/wp-json\/wp\/v2\/comments?post=28"}],"version-history":[{"count":5,"href":"https:\/\/wp.unil.ch\/ael\/wp-json\/wp\/v2\/pages\/28\/revisions"}],"predecessor-version":[{"id":2281,"href":"https:\/\/wp.unil.ch\/ael\/wp-json\/wp\/v2\/pages\/28\/revisions\/2281"}],"up":[{"embeddable":true,"href":"https:\/\/wp.unil.ch\/ael\/wp-json\/wp\/v2\/pages\/21"}],"wp:attachment":[{"href":"https:\/\/wp.unil.ch\/ael\/wp-json\/wp\/v2\/media?parent=28"}],"curies":[{"name":"wp","href":"https:\/\/api.w.org\/{rel}","templated":true}]}}