{"id":184,"date":"2013-03-14T15:46:35","date_gmt":"2013-03-14T14:46:35","guid":{"rendered":"http:\/\/wp.unil.ch\/ael\/?page_id=184"},"modified":"2024-04-11T16:45:42","modified_gmt":"2024-04-11T14:45:42","slug":"conseil-de-section","status":"publish","type":"page","link":"https:\/\/wp.unil.ch\/ael\/politiquefacultaire\/conseil-de-section\/","title":{"rendered":"Assembl\u00e9e de section"},"content":{"rendered":"\n<h3 class=\"wp-block-heading\">Qu\u2019est-ce que c\u2019est ?<\/h3>\n\n\n\n<p>Chaque section de la Facult\u00e9 des Lettres poss\u00e8de son conseil ou son assembl\u00e9e de section. Cet organe se r\u00e9unit au moins une fois par ann\u00e9e au minimum et est pr\u00e9sid\u00e9 par le\u00b7a\/les pr\u00e9sident\u00b7e\u00b7x\u00b7s de section. Il r\u00e9unit l\u2019ensemble des collaborateurs\/trices de la section et est ouvert \u00e0 toustes les \u00e9tudiant\u00b7e\u00b7x\u00b7s. Les points suivants sont tir\u00e9s de la Directives 0.4 du D\u00e9canat.<\/p>\n\n\n\n<h3 class=\"wp-block-heading\">Organisation du vote estudiantin dans les conseils de section<\/h3>\n\n\n\n<p>Si toustes les \u00e9tudiant\u00b7e\u00b7x\u00b7s de la section peuvent participer au conseil de section, en cas de vote, seules dix voix estudiantines sont prises en compte (5 voix estudiantines dans les sections comptant moins de 10 membres du corps professoral et du corps interm\u00e9diaire r\u00e9unis).<\/p>\n\n\n\n<p>Si une section poss\u00e8de une association d\u2019\u00e9tudiant\u00b7e\u00b7x\u00b7s, le r\u00e8glement ne permet pas que ces 10 voix estudiantines reviennent exclusivement aux membres de cette association. Ce n\u2019est pas non plus \u00e0 l\u2019association d\u2019\u00e9lire les repr\u00e9sentant\u00b7e\u00b7x\u00b7s \u00e9tudiant\u00b7e\u00b7x\u00b7s lors des votes des conseils de section. Il revient donc aux \u00e9tudiant\u00b7e\u00b7x\u00b7s pr\u00e9sent\u00b7e\u00b7x\u00b7s de s\u2019organiser, lors de chaque conseil, afin de d\u00e9terminer sur le moment quels sont les dix \u00e9tudiant\u00b7e\u00b7x\u00b7s dont les voix seront prises en compte en cas de vote.<\/p>\n\n\n\n<h3 class=\"wp-block-heading\">Fonction et pouvoir du conseil de section<\/h3>\n\n\n\n<p>Le conseil de section \u00e9lit tous les deux ans le\u00b7a pr\u00e9sident\u00b7e\u00b7x de section. L\u2019assembl\u00e9e prend connaissance du budget annuel de la section, approuve les plans d\u2019\u00e9tude s\u2019ils sont modifi\u00e9s, approuve le rapport quadriennal de planification avant son envoi \u00e0 la Commission de planification acad\u00e9mique. C\u2019est aussi l\u2019occasion pour les participant\u00b7e\u00b7x\u00b7s d\u2019aborder les affaires courantes et de d\u00e9battre des \u00e9ventuels probl\u00e8mes etc.<\/p>\n\n\n\n<p>Tu trouveras le r\u00e8glement complet r\u00e9gissant les conseils de section dans la <a href=\"https:\/\/www.unil.ch\/lettres\/home\/menuinst\/faculte\/reglements-directives.html#directives-de-la-faculte\" target=\"_blank\" rel=\"noreferrer noopener\">Directive 0.4 du D\u00e9canat<\/a> sur les unit\u00e9s de la Facult\u00e9.<\/p>\n\n\n\n<h3 class=\"wp-block-heading\">Pour r\u00e9sumer, tu as le droit de :<\/h3>\n\n\n\n<ul class=\"wp-block-list\"><li>Assister au conseil de section<\/li><li>Prendre part aux discussions et aux votes<\/li><li>Te pr\u00e9senter pour les \u00e9ventuels groupes de travail cr\u00e9\u00e9s durant le conseil de section.<\/li><\/ul>\n\n\n\n<p>La section a par ailleurs le devoir d&rsquo;avertir toustes les \u00e9tudiant\u00b7e\u00b7x\u00b7s des r\u00e9unions du conseil de section. N&rsquo;h\u00e9site donc pas \u00e0 signaler toute irr\u00e9gularit\u00e9 \u00e0 l&rsquo;AEL. Les associations de Section sont n\u00e9cessaires \u00e0 la vie de Section mais sont dans aucun cas repr\u00e9sentatives.<\/p>\n","protected":false},"excerpt":{"rendered":"<p>Qu\u2019est-ce que c\u2019est ? Chaque section de la Facult\u00e9 des Lettres poss\u00e8de son conseil ou son assembl\u00e9e de section. Cet organe se r\u00e9unit au moins une fois par&hellip;<\/p>\n","protected":false},"author":108,"featured_media":0,"parent":77,"menu_order":4,"comment_status":"closed","ping_status":"closed","template":"","meta":{"_seopress_robots_primary_cat":"","_seopress_titles_title":"","_seopress_titles_desc":"","_seopress_robots_index":"","footnotes":""},"class_list":["post-184","page","type-page","status-publish","has-post-thumbnail"],"_links":{"self":[{"href":"https:\/\/wp.unil.ch\/ael\/wp-json\/wp\/v2\/pages\/184","targetHints":{"allow":["GET"]}}],"collection":[{"href":"https:\/\/wp.unil.ch\/ael\/wp-json\/wp\/v2\/pages"}],"about":[{"href":"https:\/\/wp.unil.ch\/ael\/wp-json\/wp\/v2\/types\/page"}],"author":[{"embeddable":true,"href":"https:\/\/wp.unil.ch\/ael\/wp-json\/wp\/v2\/users\/108"}],"replies":[{"embeddable":true,"href":"https:\/\/wp.unil.ch\/ael\/wp-json\/wp\/v2\/comments?post=184"}],"version-history":[{"count":1,"href":"https:\/\/wp.unil.ch\/ael\/wp-json\/wp\/v2\/pages\/184\/revisions"}],"predecessor-version":[{"id":2104,"href":"https:\/\/wp.unil.ch\/ael\/wp-json\/wp\/v2\/pages\/184\/revisions\/2104"}],"up":[{"embeddable":true,"href":"https:\/\/wp.unil.ch\/ael\/wp-json\/wp\/v2\/pages\/77"}],"wp:attachment":[{"href":"https:\/\/wp.unil.ch\/ael\/wp-json\/wp\/v2\/media?parent=184"}],"curies":[{"name":"wp","href":"https:\/\/api.w.org\/{rel}","templated":true}]}}