{"id":1831,"date":"2021-02-02T22:55:39","date_gmt":"2021-02-02T21:55:39","guid":{"rendered":"https:\/\/wp.unil.ch\/ael\/?page_id=1831"},"modified":"2025-11-12T19:06:45","modified_gmt":"2025-11-12T18:06:45","slug":"aide-avec-des-bds","status":"publish","type":"page","link":"https:\/\/wp.unil.ch\/ael\/aide-avec-des-bds\/","title":{"rendered":"Aid\u00e9\u00b7e\u00b7x avec des BDs"},"content":{"rendered":"\n<p class=\"has-text-align-left\">Un bon d\u00e9part c&rsquo;est de regarder r\u00e9guli\u00e8rement ses mails.<\/p>\n\n\n\n<p class=\"has-text-align-center\"><img alt=\"\" loading=\"lazy\" decoding=\"async\" width=\"900\" height=\"1200\" class=\"wp-image-1834\" style=\"width: 300px\" src=\"https:\/\/wp.unil.ch\/ael\/files\/2021\/02\/WhatsApp-Image-2021-02-02-at-9.52.08-PM.jpeg\" alt=\"\" srcset=\"https:\/\/wp.unil.ch\/ael\/files\/2021\/02\/WhatsApp-Image-2021-02-02-at-9.52.08-PM.jpeg 900w, https:\/\/wp.unil.ch\/ael\/files\/2021\/02\/WhatsApp-Image-2021-02-02-at-9.52.08-PM-225x300.jpeg 225w, https:\/\/wp.unil.ch\/ael\/files\/2021\/02\/WhatsApp-Image-2021-02-02-at-9.52.08-PM-768x1024.jpeg 768w\" sizes=\"auto, (max-width: 900px) 100vw, 900px\" \/><\/p>\n\n\n\n<p class=\"has-text-align-left\">Le Bachelor en Lettres c&rsquo;est un peu particulier. On commence avec une premi\u00e8re ann\u00e9e appel\u00e9e \u00ab\u00a0prop\u00e9deutique\u00a0\u00bb, pendant laquelle tu as trois branches. Ensuite, lors de la deuxi\u00e8me partie, une des trois branches est remplac\u00e9e par un programme \u00e0 option, o\u00f9 on peut choisir des cours de diff\u00e9rentes sections voir m\u00eame d&rsquo;une autre Facult\u00e9. <\/p>\n\n\n\n<p class=\"has-text-align-center\"><img alt=\"\" loading=\"lazy\" decoding=\"async\" width=\"900\" height=\"1200\" class=\"wp-image-1837\" style=\"width: 300px\" src=\"https:\/\/wp.unil.ch\/ael\/files\/2021\/02\/WhatsApp-Image-2021-02-02-at-9.27.35-PM.jpeg\" alt=\"\" srcset=\"https:\/\/wp.unil.ch\/ael\/files\/2021\/02\/WhatsApp-Image-2021-02-02-at-9.27.35-PM.jpeg 900w, https:\/\/wp.unil.ch\/ael\/files\/2021\/02\/WhatsApp-Image-2021-02-02-at-9.27.35-PM-225x300.jpeg 225w, https:\/\/wp.unil.ch\/ael\/files\/2021\/02\/WhatsApp-Image-2021-02-02-at-9.27.35-PM-768x1024.jpeg 768w\" sizes=\"auto, (max-width: 900px) 100vw, 900px\" \/><\/p>\n\n\n\n<p class=\"has-text-align-left\">Pour constituer son horaire au d\u00e9but du semestre, il faut d\u00e9j\u00e0 commencer par lire le plan d\u2019\u00e9tude de ta branche et de ton ann\u00e9e (prop\u00e9deutique, 2e partie). Tu les trouveras sur le site de la Facult\u00e9 en cherchant \u00ab\u00a0plan d\u2019\u00e9tude unil lettres\u00a0\u00bb, sous la cat\u00e9gorie \u00ab\u00a0disciplines; 70 cr\u00e9dits\u00a0\u00bb. Dans cette brochure, tu trouveras tous les cours qui te sont propos\u00e9s, obligatoires ou optionnels. <\/p>\n\n\n\n<p class=\"has-text-align-center\"><img alt=\"\" loading=\"lazy\" decoding=\"async\" width=\"900\" height=\"1200\" class=\"wp-image-1838\" style=\"width: 300px\" src=\"https:\/\/wp.unil.ch\/ael\/files\/2021\/02\/WhatsApp-Image-2021-02-02-at-9.25.18-PM.jpeg\" alt=\"\" srcset=\"https:\/\/wp.unil.ch\/ael\/files\/2021\/02\/WhatsApp-Image-2021-02-02-at-9.25.18-PM.jpeg 900w, https:\/\/wp.unil.ch\/ael\/files\/2021\/02\/WhatsApp-Image-2021-02-02-at-9.25.18-PM-225x300.jpeg 225w, https:\/\/wp.unil.ch\/ael\/files\/2021\/02\/WhatsApp-Image-2021-02-02-at-9.25.18-PM-768x1024.jpeg 768w\" sizes=\"auto, (max-width: 900px) 100vw, 900px\" \/><\/p>\n\n\n\n<p class=\"has-text-align-left\">Ensuite, il te faut rechercher la page des horaires sur le site de la Facult\u00e9, ou chercher dans Google \u00ab\u00a0horaire unil lettres\u00a0\u00bb. <\/p>\n\n\n\n<p class=\"has-text-align-center\"><img alt=\"\" loading=\"lazy\" decoding=\"async\" width=\"900\" height=\"1200\" class=\"wp-image-1839\" style=\"width: 300px\" src=\"https:\/\/wp.unil.ch\/ael\/files\/2021\/02\/WhatsApp-Image-2021-02-02-at-9.42.35-PM.jpeg\" alt=\"\" srcset=\"https:\/\/wp.unil.ch\/ael\/files\/2021\/02\/WhatsApp-Image-2021-02-02-at-9.42.35-PM.jpeg 900w, https:\/\/wp.unil.ch\/ael\/files\/2021\/02\/WhatsApp-Image-2021-02-02-at-9.42.35-PM-225x300.jpeg 225w, https:\/\/wp.unil.ch\/ael\/files\/2021\/02\/WhatsApp-Image-2021-02-02-at-9.42.35-PM-768x1024.jpeg 768w\" sizes=\"auto, (max-width: 900px) 100vw, 900px\" \/><\/p>\n\n\n\n<p class=\"has-text-align-left\">Tu n&rsquo;as plus qu&rsquo;\u00e0 cliquer sur le bouton \u00ab\u00a0plus\u00a0\u00bb \u00e0 cot\u00e9 de ta\/tes branche.s, puis s\u00e9lectionner ton ann\u00e9e d&rsquo;\u00e9tude. Une fois que tu as s\u00e9lectionn\u00e9 tes trois branches, il te suffit de cliquer sur le bouton version PDF en haut de la page (CF image). Mais attention \u00e0 choisir l&rsquo;horaire du semestre d&rsquo;automne, et non celui de printemps, qui corresponds au deuxi\u00e8me semestre de l&rsquo;ann\u00e9e. <\/p>\n\n\n\n<p class=\"has-text-align-center\"><img alt=\"\" loading=\"lazy\" decoding=\"async\" width=\"900\" height=\"1200\" class=\"wp-image-1842\" style=\"width: 300px\" src=\"https:\/\/wp.unil.ch\/ael\/files\/2021\/02\/WhatsApp-Image-2021-02-02-at-9.39.20-PM.jpeg\" alt=\"\" srcset=\"https:\/\/wp.unil.ch\/ael\/files\/2021\/02\/WhatsApp-Image-2021-02-02-at-9.39.20-PM.jpeg 900w, https:\/\/wp.unil.ch\/ael\/files\/2021\/02\/WhatsApp-Image-2021-02-02-at-9.39.20-PM-225x300.jpeg 225w, https:\/\/wp.unil.ch\/ael\/files\/2021\/02\/WhatsApp-Image-2021-02-02-at-9.39.20-PM-768x1024.jpeg 768w\" sizes=\"auto, (max-width: 900px) 100vw, 900px\" \/><\/p>\n\n\n\n<p class=\"has-text-align-left\">Ensuite tu vas atterrir sur cette page l\u00e0, qui te pr\u00e9sente toutes les diff\u00e9rentes options de cours avec leur horaire sp\u00e9cifique. Attention, tu ne dois pas prendre tous les cours, c&rsquo;est pour cela que tu dois te r\u00e9f\u00e9rer au plan d\u2019\u00e9tude de ta\/tes branches. <\/p>\n\n\n\n<p class=\"has-text-align-center\"><img alt=\"\" loading=\"lazy\" decoding=\"async\" width=\"900\" height=\"1200\" class=\"wp-image-1843\" style=\"width: 300px\" src=\"https:\/\/wp.unil.ch\/ael\/files\/2021\/02\/WhatsApp-Image-2021-02-02-at-9.25.19-PM.jpeg\" alt=\"\" srcset=\"https:\/\/wp.unil.ch\/ael\/files\/2021\/02\/WhatsApp-Image-2021-02-02-at-9.25.19-PM.jpeg 900w, https:\/\/wp.unil.ch\/ael\/files\/2021\/02\/WhatsApp-Image-2021-02-02-at-9.25.19-PM-225x300.jpeg 225w, https:\/\/wp.unil.ch\/ael\/files\/2021\/02\/WhatsApp-Image-2021-02-02-at-9.25.19-PM-768x1024.jpeg 768w\" sizes=\"auto, (max-width: 900px) 100vw, 900px\" \/><\/p>\n\n\n\n<p class=\"has-text-align-left\">Si tu as la moindre interrogation, tu peux soit consulter cette brochure magique qui exaucera tous tes v\u0153ux, nous contacter ou contacter les conseillers aux \u00e9tudes (qui ne vont pas te manger). <\/p>\n\n\n\n<p class=\"has-text-align-center\"><img alt=\"\" loading=\"lazy\" decoding=\"async\" width=\"900\" height=\"1200\" class=\"wp-image-1844\" style=\"width: 300px\" src=\"https:\/\/wp.unil.ch\/ael\/files\/2021\/02\/WhatsApp-Image-2021-02-02-at-9.27.34-PM.jpeg\" alt=\"\" srcset=\"https:\/\/wp.unil.ch\/ael\/files\/2021\/02\/WhatsApp-Image-2021-02-02-at-9.27.34-PM.jpeg 900w, https:\/\/wp.unil.ch\/ael\/files\/2021\/02\/WhatsApp-Image-2021-02-02-at-9.27.34-PM-225x300.jpeg 225w, https:\/\/wp.unil.ch\/ael\/files\/2021\/02\/WhatsApp-Image-2021-02-02-at-9.27.34-PM-768x1024.jpeg 768w\" sizes=\"auto, (max-width: 900px) 100vw, 900px\" \/><\/p>\n\n\n\n<p class=\"has-text-align-left\">Finalement, ici, tu trouves quelques conseils OFFICIELS de notre cher\u00b7e\u00b7x Doyen\u00b7ne\u00b7x et de notre Facult\u00e9 ch\u00e9rie. (Et n&rsquo;oublies pas; Lis tes mails stp)<\/p>\n\n\n\n<p class=\"has-text-align-center\"><img alt=\"\" loading=\"lazy\" decoding=\"async\" width=\"900\" height=\"1200\" class=\"wp-image-1845\" style=\"width: 300px\" src=\"https:\/\/wp.unil.ch\/ael\/files\/2021\/02\/WhatsApp-Image-2021-02-02-at-9.25.20-PM.jpeg\" alt=\"\" srcset=\"https:\/\/wp.unil.ch\/ael\/files\/2021\/02\/WhatsApp-Image-2021-02-02-at-9.25.20-PM.jpeg 900w, https:\/\/wp.unil.ch\/ael\/files\/2021\/02\/WhatsApp-Image-2021-02-02-at-9.25.20-PM-225x300.jpeg 225w, https:\/\/wp.unil.ch\/ael\/files\/2021\/02\/WhatsApp-Image-2021-02-02-at-9.25.20-PM-768x1024.jpeg 768w\" sizes=\"auto, (max-width: 900px) 100vw, 900px\" \/><\/p>\n\n\n\n<p><\/p>\n","protected":false},"excerpt":{"rendered":"<p>Un bon d\u00e9part c&rsquo;est de regarder r\u00e9guli\u00e8rement ses mails. Le Bachelor en Lettres c&rsquo;est un peu particulier. On commence avec une premi\u00e8re ann\u00e9e appel\u00e9e \u00ab\u00a0prop\u00e9deutique\u00a0\u00bb, pendant laquelle tu&hellip;<\/p>\n","protected":false},"author":1001858,"featured_media":0,"parent":0,"menu_order":0,"comment_status":"closed","ping_status":"closed","template":"","meta":{"_seopress_robots_primary_cat":"","_seopress_titles_title":"","_seopress_titles_desc":"","_seopress_robots_index":"","footnotes":""},"class_list":["post-1831","page","type-page","status-publish","has-post-thumbnail"],"_links":{"self":[{"href":"https:\/\/wp.unil.ch\/ael\/wp-json\/wp\/v2\/pages\/1831","targetHints":{"allow":["GET"]}}],"collection":[{"href":"https:\/\/wp.unil.ch\/ael\/wp-json\/wp\/v2\/pages"}],"about":[{"href":"https:\/\/wp.unil.ch\/ael\/wp-json\/wp\/v2\/types\/page"}],"author":[{"embeddable":true,"href":"https:\/\/wp.unil.ch\/ael\/wp-json\/wp\/v2\/users\/1001858"}],"replies":[{"embeddable":true,"href":"https:\/\/wp.unil.ch\/ael\/wp-json\/wp\/v2\/comments?post=1831"}],"version-history":[{"count":3,"href":"https:\/\/wp.unil.ch\/ael\/wp-json\/wp\/v2\/pages\/1831\/revisions"}],"predecessor-version":[{"id":2233,"href":"https:\/\/wp.unil.ch\/ael\/wp-json\/wp\/v2\/pages\/1831\/revisions\/2233"}],"wp:attachment":[{"href":"https:\/\/wp.unil.ch\/ael\/wp-json\/wp\/v2\/media?parent=1831"}],"curies":[{"name":"wp","href":"https:\/\/api.w.org\/{rel}","templated":true}]}}