{"id":173,"date":"2013-03-05T11:41:21","date_gmt":"2013-03-05T10:41:21","guid":{"rendered":"http:\/\/wp.unil.ch\/ael\/?page_id=173"},"modified":"2025-09-30T11:10:24","modified_gmt":"2025-09-30T09:10:24","slug":"commissions","status":"publish","type":"page","link":"https:\/\/wp.unil.ch\/ael\/politiquefacultaire\/commissions\/","title":{"rendered":"Commissions de la Facult\u00e9"},"content":{"rendered":"\n<h3 class=\"wp-block-heading\">Commissions de la Facult\u00e9 dans lesquelles si\u00e8gent des membres de l&rsquo;AEL<\/h3>\n\n\n\n<p>Des repr\u00e9sentant\u00b7e\u00b7x\u00b7s \u00e9tudiant\u00b7e\u00b7x\u00b7s si\u00e8gent dans plusieurs commissions de la Facult\u00e9 des Lettres et peuvent donc prendre part aux d\u00e9cisions qui s&rsquo;y prennent. Voici <a href=\"https:\/\/www.unil.ch\/lettres\/fr\/home\/menuinst\/faculte\/commissions.html\" target=\"_blank\" rel=\"noreferrer noopener\">la liste<\/a> des commissions o\u00f9 elle est pr\u00e9sente.<\/p>\n\n\n\n<h4 class=\"wp-block-heading\">Commission de planification acad\u00e9mique<\/h4>\n\n\n\n<p>Son objectif principal est de d\u00e9finir l&rsquo;avenir des postes de la facult\u00e9 des lettres.<br>Elle d\u00e9termine, en collaboration avec les sections, les profils des postes professoraux \u00e0 mettre au concours et r\u00e9fl\u00e9chit aux besoins des diff\u00e9rentes sections. La commission de planification acad\u00e9mique se r\u00e9unit deux \u00e0 trois fois par semestre.<\/p>\n\n\n\n<p>D\u00e9l\u00e9gu\u00e9\u00b7e\u00b7x\u00b7s de l&rsquo;AEL : <strong>O. Burnand,<\/strong> <strong>VACAT<\/strong><\/p>\n\n\n\n<h4 class=\"wp-block-heading\">Commission de l&rsquo;enseignement<\/h4>\n\n\n\n<p>Au sein de la commission de l&rsquo;enseignement toutes les questions relatives \u00e0 ce th\u00e8me sont abord\u00e9s. La voix des \u00e9tudiant\u00b7e\u00b7x\u00b7s y est donc particuli\u00e8rement importante pusique les questions les concernent directement. Des r\u00e9fl\u00e9xions y sont men\u00e9es par exemple sur la question de l&rsquo;utilisation des IAs par les \u00e9tudiant.exs ou encore de l&rsquo;inclusivit\u00e9 des enseignements. La commission a notamment \u00e9t\u00e9 \u00e0 l&rsquo;origine de la refonte des plans d&rsquo;\u00e9tude de Bachelor et a beaucoup influenc\u00e9 sur le fonctionnement du nouveau syst\u00e8me. La commission se r\u00e9unit une fois par semestre et ne demande pas d&rsquo;autre travail que sa pr\u00e9sence aux r\u00e9unions.<\/p>\n\n\n\n<p>D\u00e9l\u00e9gu\u00e9\u00b7e\u00b7x\u00b7s de l&rsquo;AEL : <strong>M. Heine,<\/strong> <b>P. Nastasi<br><\/b><\/p>\n\n\n\n<h4 class=\"wp-block-heading\">Commission pour la certification en langues<\/h4>\n\n\n\n<p>Cette commission est charg\u00e9e de discuter des probl\u00e9matiques et nouveaut\u00e9s li\u00e9es aux attestations et comp\u00e9tence linguistique dans le domaine acad\u00e9mique disciplinaire en langues. Ces derni\u00e8res sont obtenues suite \u00e0 un passage d\u2019examen, permettant d\u2019attester d\u2019un C1 ou d\u2019un C2. Ces derniers sont particuli\u00e8rement utiles pour des candidatures Erasmus ou pour devenir enseignant\u00b7e\u00b7x dans telle langue par la suite. Le travail consiste \u00e0 participer \u00e0 la r\u00e9union semestrielle, \u00e0 pr\u00e9parer celle-ci afin d\u2019y apporter le point de vue estudiantin, ainsi qu\u2019\u00e0 lire le proc\u00e8s-verbal. Les langues concern\u00e9es sont: l\u2019allemand, l\u2019anglais, l\u2019espagnol, le fran\u00e7ais en tant que langue \u00e9trang\u00e8re et l\u2019italien. Il est ainsi pr\u00e9f\u00e9rable que la personne repr\u00e9sentant le corps estudiantin \u00e9tudie au moins une de ces branches.<\/p>\n\n\n\n<p>D\u00e9l\u00e9gu\u00e9\u00b7e\u00b7x\u00b7s de l&rsquo;AEL : <strong>VACAT<\/strong><br><\/p>\n\n\n\n<h4 class=\"wp-block-heading\">Commission de recours<\/h4>\n\n\n\n<p>La commission de recours est charg\u00e9e d&rsquo;\u00e9valuer les recours des \u00e9tudiant\u00b7e\u00b7x\u00b7s quant \u00e0 des notes d&rsquo;examens qu&rsquo;iels jugent injustifi\u00e9es. Pour ce faire, elle auditionne l&rsquo;\u00e9tudiant\u00b7e\u00b7x et le\u00b7a professeur\u00b7e\u00b7x et rend sa d\u00e9cision en cons\u00e9quence.<\/p>\n\n\n\n<p>Pour rappel, vous trouverez <a href=\"https:\/\/wp.unil.ch\/ael\/service-aux-etudiant-e-s\/recours\/\" target=\"_blank\" rel=\"noopener noreferrer\">ici<\/a> quelques-unes des conditions pour qu&rsquo;un recours ait la chance d&rsquo;\u00eatre retenu par la commission.<\/p>\n\n\n\n<p>D\u00e9l\u00e9gu\u00e9\u00b7e\u00b7x de l&rsquo;AEL : <strong>A. Dauban <br><\/strong><\/p>\n\n\n\n<h4 class=\"wp-block-heading\">Commission des \u00e9quivalences et de la mobilit\u00e9<\/h4>\n\n\n\n<p>Le but premier de cette commission est de r\u00e9fl\u00e9chir \u00e0 la mobilit\u00e9 en g\u00e9n\u00e9ral, que ce soit pour les \u00e9tudiant\u00b7e\u00b7x\u00b7s qui viennent en \u00e9change \u00e0 Lausanne ou pour les \u00e9tudiant\u00b7e\u00b7x\u00b7s qui partent de Lausanne. Elle cherche par exemple des solutions pour les cas jug\u00e9s probl\u00e9matiques. Ces solutions en th\u00e9orie devraient devenir des lignes de conduite pour les prochains cas similaires.<\/p>\n\n\n\n<p>Elle r\u00e9fl\u00e9chit de plus aux modalit\u00e9s d&rsquo;\u00e9changes, aux probl\u00e8mes principaux encourus, \u00e0 la politique de la Facult\u00e9 en mati\u00e8re de mobilit\u00e9 et aux diff\u00e9rents accords que la Facult\u00e9 conclus avec d&rsquo;autres universit\u00e9s. Elle ne peut toutefois pas \u00e9tablir des r\u00e8gles strictes et pr\u00e9cises, mais seulement \u00e9noncer des conseils pour la Facult\u00e9 et les responsables de la mobilit\u00e9.<\/p>\n\n\n\n<p>D\u00e9l\u00e9gu\u00e9\u00b7e\u00b7x\u00b7s de l&rsquo;AEL :<strong> H. Maxwell, VACAT<\/strong> , <strong>VACAT<\/strong><\/p>\n\n\n\n<p><\/p>\n\n\n\n<p style=\"font-size:23px\"><strong>Commission pour la rel\u00e8ve et l\u2019\u00e9galit\u00e9 <\/strong><\/p>\n\n\n\n<p>Le but de cette commission est de discuter des diff\u00e9rents aspects li\u00e9s \u00e0 l\u2019\u00e9galit\u00e9 dans toutes ses formes, que ce soit de l\u2019\u00e9galit\u00e9 des chances pour acc\u00e9der aux \u00e9tudes que la discussion de la parit\u00e9 des genres au sein de la Facult\u00e9. De plus, la discussion de la rel\u00e8ve, tout autant doctorale que post-doctorale est un sujet d\u2019actualit\u00e9 pour la commission. <\/p>\n\n\n\n<p>D\u00e9l\u00e9gu\u00e9\u00b7e\u00b7x\u00b7s de l&rsquo;AEL : <strong>N. Goldmann<\/strong>, <strong>VACAT<\/strong><\/p>\n\n\n\n<div class=\"wp-block-file\"><a id=\"wp-block-file--media-b20f2d86-291e-48f4-b228-52b9477658b3\" href=\"https:\/\/wp.unil.ch\/ael\/files\/2020\/10\/commission-de-presentation-Rodolphe2.pdf\">T\u00e9moignage d&rsquo;une commission de nomination (R. Maeusli)<\/a><a href=\"https:\/\/wp.unil.ch\/ael\/files\/2020\/10\/commission-de-presentation-Rodolphe2.pdf\" class=\"wp-block-file__button wp-element-button\" download aria-describedby=\"wp-block-file--media-b20f2d86-291e-48f4-b228-52b9477658b3\">T\u00e9l\u00e9charger<\/a><\/div>\n\n\n\n<div class=\"wp-block-file\"><a id=\"wp-block-file--media-dd457f9c-f8a5-439f-9a9c-72442f5948da\" href=\"https:\/\/wp.unil.ch\/ael\/files\/2020\/10\/commission-de-presentation-Thibault.pdf\">T\u00e9moignage d&rsquo;une commission de nomination (T. Hugentobler)<\/a><a href=\"https:\/\/wp.unil.ch\/ael\/files\/2020\/10\/commission-de-presentation-Thibault.pdf\" class=\"wp-block-file__button wp-element-button\" download aria-describedby=\"wp-block-file--media-dd457f9c-f8a5-439f-9a9c-72442f5948da\">T\u00e9l\u00e9charger<\/a><\/div>\n","protected":false},"excerpt":{"rendered":"<p>Commissions de la Facult\u00e9 dans lesquelles si\u00e8gent des membres de l&rsquo;AEL Des repr\u00e9sentant\u00b7e\u00b7x\u00b7s \u00e9tudiant\u00b7e\u00b7x\u00b7s si\u00e8gent dans plusieurs commissions de la Facult\u00e9 des Lettres et peuvent donc prendre part&hellip;<\/p>\n","protected":false},"author":108,"featured_media":0,"parent":77,"menu_order":1,"comment_status":"closed","ping_status":"closed","template":"","meta":{"_seopress_robots_primary_cat":"","_seopress_titles_title":"","_seopress_titles_desc":"","_seopress_robots_index":"","footnotes":""},"class_list":["post-173","page","type-page","status-publish","has-post-thumbnail"],"_links":{"self":[{"href":"https:\/\/wp.unil.ch\/ael\/wp-json\/wp\/v2\/pages\/173","targetHints":{"allow":["GET"]}}],"collection":[{"href":"https:\/\/wp.unil.ch\/ael\/wp-json\/wp\/v2\/pages"}],"about":[{"href":"https:\/\/wp.unil.ch\/ael\/wp-json\/wp\/v2\/types\/page"}],"author":[{"embeddable":true,"href":"https:\/\/wp.unil.ch\/ael\/wp-json\/wp\/v2\/users\/108"}],"replies":[{"embeddable":true,"href":"https:\/\/wp.unil.ch\/ael\/wp-json\/wp\/v2\/comments?post=173"}],"version-history":[{"count":5,"href":"https:\/\/wp.unil.ch\/ael\/wp-json\/wp\/v2\/pages\/173\/revisions"}],"predecessor-version":[{"id":2219,"href":"https:\/\/wp.unil.ch\/ael\/wp-json\/wp\/v2\/pages\/173\/revisions\/2219"}],"up":[{"embeddable":true,"href":"https:\/\/wp.unil.ch\/ael\/wp-json\/wp\/v2\/pages\/77"}],"wp:attachment":[{"href":"https:\/\/wp.unil.ch\/ael\/wp-json\/wp\/v2\/media?parent=173"}],"curies":[{"name":"wp","href":"https:\/\/api.w.org\/{rel}","templated":true}]}}