{"id":165,"date":"2013-03-05T11:32:34","date_gmt":"2013-03-05T10:32:34","guid":{"rendered":"http:\/\/wp.unil.ch\/ael\/?page_id=165"},"modified":"2025-11-12T19:23:41","modified_gmt":"2025-11-12T18:23:41","slug":"conseil-de-luniversite","status":"publish","type":"page","link":"https:\/\/wp.unil.ch\/ael\/politiquefacultaire\/conseil-de-luniversite\/","title":{"rendered":"Conseil de l&rsquo;Universit\u00e9"},"content":{"rendered":"\n<h3 class=\"wp-block-heading\">Qu&rsquo;est-ce que le Conseil de l&rsquo;Universit\u00e9?<\/h3>\n\n\n\n<p>Le Conseil de l&rsquo;Universit\u00e9 se r\u00e9unit une fois par mois, durant le semestre. Il est constitu\u00e9 par le\u00b7a pr\u00e9sident\u00b7e\u00b7x du CU, le\u00b7a\u00b7x Secr\u00e9taire du CU, les membres de la Direction de l&rsquo;Universit\u00e9 de Lausanne, 18 repr\u00e9sentant\u00b7e\u00b7x\u00b7s des professeur\u00b7e\u00b7x\u00b7s, 8 repr\u00e9sentant\u00b7e\u00b7x\u00b7s du corps interm\u00e9diaire, 6 repr\u00e9sentant\u00b7e\u00b7x\u00b7s du personnel administratif et technique, 12 repr\u00e9sentant\u00b7e\u00b7x\u00b7s \u00e9tudiant\u00b7e\u00b7x\u00b7s.<\/p>\n\n\n\n<p>Les facult\u00e9s \u00e9tant au nombre de 7, la r\u00e9partition des si\u00e8ges pour la repr\u00e9sentation \u00e9tudiante se fait par nombres d&rsquo;\u00e9tudiant\u00b7e\u00b7x\u00b7s inscrit\u00b7e\u00b7x\u00b7s dans chaque facult\u00e9s. Les repr\u00e9sentant\u00b7e\u00b7x\u00b7s \u00e9tudiant\u00b7e\u00b7x\u00b7s sont \u00e9lu\u00b7e\u00b7x\u00b7s pour un mandat de 2 ans. Pour la p\u00e9riode 2023-2025, le corps \u00e9tudiant de la Facult\u00e9 des Lettres a droit \u00e0 2 si\u00e8ges. L&rsquo; AEL organise les \u00e9lections pour ces si\u00e8ges.<\/p>\n\n\n\n<h3 class=\"wp-block-heading\">Attributions du Conseil de l&rsquo;Universit\u00e9<\/h3>\n\n\n\n<p>Afin que tu puisses avoir une id\u00e9e plus pr\u00e9cise de ce qui se cache sous ce nom laconique, voici les attributions du Conseil de l&rsquo;Universit\u00e9:<\/p>\n\n\n\n<ul class=\"wp-block-list\">\n<li>proposer au Conseil d&rsquo;Etat un candidat pour le poste de recteur;<\/li>\n\n\n\n<li>ratifier en bloc les membres acad\u00e9miques de la Direction d\u00e9sign\u00e9s par le recteur;<\/li>\n\n\n\n<li>pr\u00e9aviser le plan strat\u00e9gique pluriannuel de l&rsquo;Universit\u00e9;<\/li>\n\n\n\n<li>adopter le plan de d\u00e9veloppement pluriannuel de l&rsquo;Universit\u00e9 propos\u00e9 par la Direction;<\/li>\n\n\n\n<li>ratifier le budget de l&rsquo;Universit\u00e9;<\/li>\n\n\n\n<li>adopter les r\u00e8glements qui sont de sa comp\u00e9tence;<\/li>\n\n\n\n<li>adopter l&rsquo;organisation de l&rsquo;Universit\u00e9 en facult\u00e9s sur proposition de la Direction;<\/li>\n\n\n\n<li>se prononcer sur la gestion de la Direction, les comptes et adopter le rapport annuel de suivi du plan strat\u00e9gique pluriannuel de l&rsquo;Universit\u00e9;<\/li>\n\n\n\n<li>d\u00e9signer les membres du Conseil de discipline \u00e0 l&rsquo;exception de son pr\u00e9sident;<\/li>\n\n\n\n<li>adopter des r\u00e9solutions sur toute question relative \u00e0 l&rsquo;Universit\u00e9.<\/li>\n<\/ul>\n\n\n\n<h3 class=\"wp-block-heading\">D\u00e9l\u00e9gu\u00e9\u00b7e\u00b7x\u00b7s du corps \u00e9tudiant des Lettres au Conseil de l&rsquo;Universit\u00e9<\/h3>\n\n\n\n<p class=\"has-text-align-center\">Victoria Piaget<\/p>\n\n\n\n<p class=\"has-text-align-center\">Marco Prost<\/p>\n\n\n\n<h3 class=\"wp-block-heading\">Tu d\u00e9sires en savoir plus sur le Conseil de l&rsquo;Universit\u00e9?<\/h3>\n\n\n\n<p class=\"has-text-align-left\">Consulte donc la page qui lui est d\u00e9di\u00e9 <a href=\"https:\/\/www.unil.ch\/unil\/fr\/home\/menuinst\/universite\/organisation-universite\/le-conseil.html\" target=\"_blank\" rel=\"noreferrer noopener\">sur le site de l&rsquo;universit\u00e9<\/a>.<\/p>\n","protected":false},"excerpt":{"rendered":"<p>Qu&rsquo;est-ce que le Conseil de l&rsquo;Universit\u00e9? Le Conseil de l&rsquo;Universit\u00e9 se r\u00e9unit une fois par mois, durant le semestre. Il est constitu\u00e9 par le\u00b7a pr\u00e9sident\u00b7e\u00b7x du CU, le\u00b7a\u00b7x&hellip;<\/p>\n","protected":false},"author":108,"featured_media":0,"parent":77,"menu_order":3,"comment_status":"closed","ping_status":"closed","template":"","meta":{"_seopress_robots_primary_cat":"","_seopress_titles_title":"","_seopress_titles_desc":"","_seopress_robots_index":"","footnotes":""},"class_list":["post-165","page","type-page","status-publish","has-post-thumbnail"],"_links":{"self":[{"href":"https:\/\/wp.unil.ch\/ael\/wp-json\/wp\/v2\/pages\/165","targetHints":{"allow":["GET"]}}],"collection":[{"href":"https:\/\/wp.unil.ch\/ael\/wp-json\/wp\/v2\/pages"}],"about":[{"href":"https:\/\/wp.unil.ch\/ael\/wp-json\/wp\/v2\/types\/page"}],"author":[{"embeddable":true,"href":"https:\/\/wp.unil.ch\/ael\/wp-json\/wp\/v2\/users\/108"}],"replies":[{"embeddable":true,"href":"https:\/\/wp.unil.ch\/ael\/wp-json\/wp\/v2\/comments?post=165"}],"version-history":[{"count":4,"href":"https:\/\/wp.unil.ch\/ael\/wp-json\/wp\/v2\/pages\/165\/revisions"}],"predecessor-version":[{"id":2242,"href":"https:\/\/wp.unil.ch\/ael\/wp-json\/wp\/v2\/pages\/165\/revisions\/2242"}],"up":[{"embeddable":true,"href":"https:\/\/wp.unil.ch\/ael\/wp-json\/wp\/v2\/pages\/77"}],"wp:attachment":[{"href":"https:\/\/wp.unil.ch\/ael\/wp-json\/wp\/v2\/media?parent=165"}],"curies":[{"name":"wp","href":"https:\/\/api.w.org\/{rel}","templated":true}]}}