{"id":1631,"date":"2020-08-05T14:37:32","date_gmt":"2020-08-05T12:37:32","guid":{"rendered":"http:\/\/wp.unil.ch\/ael\/?page_id=1631"},"modified":"2025-05-13T18:31:39","modified_gmt":"2025-05-13T16:31:39","slug":"presentation","status":"publish","type":"page","link":"https:\/\/wp.unil.ch\/ael\/presentation\/","title":{"rendered":"Service aux \u00e9tudiant\u00b7e\u00b7x\u00b7s"},"content":{"rendered":"\n<p>Si l\u2019Anthropole te semble ressembler plus \u00e0 un labyrinthe qu\u2019\u00e0 un b\u00e2timent o\u00f9 l\u2019on donne des cours, ne t\u2019en fais pas! Il y a quelques rep\u00e8res qui peuvent t\u2019aider. Par exemple, les escaliers en colima\u00e7ons sont du c\u00f4t\u00e9 Ouest (Gen\u00e8ve) et les escaliers crois\u00e9s sont du c\u00f4t\u00e9 Est (Lausanne, Vevey). De plus, les num\u00e9ros de salles te donnent des informations sur leur emplacement dans le b\u00e2timent: le premier num\u00e9ro donne l\u2019\u00e9tage, et les grands num\u00e9ros sont c\u00f4t\u00e9 Gen\u00e8ve (la salle 3185 sera au troisi\u00e8me \u00e9tage, c\u00f4t\u00e9 Gen\u00e8ve, la 5093 au cinqui\u00e8me, vers le milieu, et la 2024 au deuxi\u00e8me \u00e9tage, c\u00f4t\u00e9 Lausanne). Si, cependant, tu n\u2019es pas s\u00fbre de toi, tu peux chercher tes salles sur le plan interactif de l\u2019UNIL (<a href=\"https:\/\/planete.unil.ch\/plan\/\">Plan\u00e8te UNIL<\/a>), ou consulter les plans \u00e0 disposition \u00e0 chaque \u00e9tage.<\/p>\n\n\n\n<p>Si tu es press\u00e9\u00b7e\u00b7x, \u00e7a ne sert pas \u00e0 grand-chose de sortir \u00e0 Mouline pour aller \u00e0 la biblioth\u00e8que depuis le Flon dans l\u2019espoir de gagner du temps, autant sortir \u00e0 Chamberonne, qui est \u00e0 peu pr\u00e8s \u00e0 la m\u00eame distance de la banane, et gagner les quelques minutes qu\u2019aurait pris le m\u00e9tro pour arriver \u00e0 Mouline.<\/p>\n\n\n\n<p>\u00c9vite de r\u00e9server des places pour tes ami\u00b7e\u00b7x\u00b7s \u00e0 la biblioth\u00e8que, en particulier en p\u00e9riode d\u2019examen. \u00c7a les arrange peut-\u00eatre parce qu\u2019iels ne peuvent pas venir avant, mais d\u2019autres personnes ayant fait le d\u00e9placement et qui ont autant le droit de s\u2019asseoir \u00e0 la biblioth\u00e8que se verront refuser des places pourtant vides.<\/p>\n\n\n\n<p>L\u2019universit\u00e9 a cr\u00e9\u00e9 un num\u00e9ro \u00abalerte moutons\u00bb, que tu peux appeler si tu vois l\u2019une de nos ch\u00e8res mascottes en dehors de leur enclos ou que tu remarques tout autre probl\u00e8me: 021 692 26 66.<\/p>\n\n\n\n<p>Choisis bien tes heures pour aller chercher \u00e0 manger \u00e0 la caf\u00e8te, il y a en g\u00e9n\u00e9ral du monde \u00e0 toutes les pauses entre 10h et 13h30.<\/p>\n\n\n\n<p>Sois attentif\u00b7x\u00b7ve au fait que l\u2019intervalle entre la fin des cours et le d\u00e9but de la session d\u2019examens est plus court au semestre de printemps qu\u2019au semestre d\u2019hiver.<\/p>\n\n\n\n<h5 class=\"wp-block-heading\">Les Dix commandements de l\u2019\u00e9tudiant\u00b7e\u00b7x<\/h5>\n\n\n\n<p class=\"has-text-align-center\">I<br>Tes mails une fois par jour tu liras.<\/p>\n\n\n\n<p class=\"has-text-align-center\">II<br>Ta CampusCard au d\u00e9but de chaque semestre tu valideras.<\/p>\n\n\n\n<p class=\"has-text-align-center\">III<br>Tes inscriptions aux enseignements et aux validations 35 fois tu v\u00e9rifieras.<\/p>\n\n\n\n<p class=\"has-text-align-center\">IV<br>Le mail de confirmation comme ta vie tu garderas.<\/p>\n\n\n\n<p class=\"has-text-align-center\">V<br>Aux AG de l\u2019AEL tu iras.<\/p>\n\n\n\n<p class=\"has-text-align-center\">VI<br>Le retour BCU \u00e0 l\u2019Internef et la Riponne tu utiliseras.<\/p>\n\n\n\n<p class=\"has-text-align-center\">VII<br>Aux \u00e9v\u00e9nements de l\u2019AEL tu participeras.<\/p>\n\n\n\n<p class=\"has-text-align-center\">VIII<br>La semaine d\u2019\u00e9tudes libres et la semaine de P\u00e2ques pour travailler tu utiliseras.<\/p>\n\n\n\n<p class=\"has-text-align-center\">IX<br>Les d\u00e9lais tu respecteras.<\/p>\n\n\n\n<p class=\"has-text-align-center\">X<br>Si un probl\u00e8me tu as, \u00e0 l\u2019AEL tu t\u2019adresseras.<\/p>\n","protected":false},"excerpt":{"rendered":"<p>Si l\u2019Anthropole te semble ressembler plus \u00e0 un labyrinthe qu\u2019\u00e0 un b\u00e2timent o\u00f9 l\u2019on donne des cours, ne t\u2019en fais pas! Il y a quelques rep\u00e8res qui peuvent&hellip;<\/p>\n","protected":false},"author":1001858,"featured_media":0,"parent":0,"menu_order":0,"comment_status":"closed","ping_status":"closed","template":"","meta":{"_seopress_robots_primary_cat":"","_seopress_titles_title":"","_seopress_titles_desc":"","_seopress_robots_index":"","footnotes":""},"class_list":["post-1631","page","type-page","status-publish","has-post-thumbnail"],"_links":{"self":[{"href":"https:\/\/wp.unil.ch\/ael\/wp-json\/wp\/v2\/pages\/1631","targetHints":{"allow":["GET"]}}],"collection":[{"href":"https:\/\/wp.unil.ch\/ael\/wp-json\/wp\/v2\/pages"}],"about":[{"href":"https:\/\/wp.unil.ch\/ael\/wp-json\/wp\/v2\/types\/page"}],"author":[{"embeddable":true,"href":"https:\/\/wp.unil.ch\/ael\/wp-json\/wp\/v2\/users\/1001858"}],"replies":[{"embeddable":true,"href":"https:\/\/wp.unil.ch\/ael\/wp-json\/wp\/v2\/comments?post=1631"}],"version-history":[{"count":1,"href":"https:\/\/wp.unil.ch\/ael\/wp-json\/wp\/v2\/pages\/1631\/revisions"}],"predecessor-version":[{"id":2170,"href":"https:\/\/wp.unil.ch\/ael\/wp-json\/wp\/v2\/pages\/1631\/revisions\/2170"}],"wp:attachment":[{"href":"https:\/\/wp.unil.ch\/ael\/wp-json\/wp\/v2\/media?parent=1631"}],"curies":[{"name":"wp","href":"https:\/\/api.w.org\/{rel}","templated":true}]}}