{"id":1606,"date":"2020-07-30T21:22:55","date_gmt":"2020-07-30T19:22:55","guid":{"rendered":"http:\/\/wp.unil.ch\/ael\/?page_id=1606"},"modified":"2025-11-12T19:19:45","modified_gmt":"2025-11-12T18:19:45","slug":"discriminations","status":"publish","type":"page","link":"https:\/\/wp.unil.ch\/ael\/discriminations\/","title":{"rendered":"Discriminations"},"content":{"rendered":"\n<p><span style=\"font-weight: 400\">Cette page a \u00e9t\u00e9 cr\u00e9\u00e9e dans le but d\u2019aider les personnes concern\u00e9es par des discriminations et d\u2019informer toute personne ayant envie de se sensibiliser aux causes d\u00e9taill\u00e9es ci-dessous.<\/span><\/p>\n\n\n\n<p><span style=\"font-weight: 400\">Il est important de noter que l\u2019AEL s\u2019oppose \u00e0 toute forme de discrimination et ne tol\u00e8re aucun comportement haineux envers une tierce personne de son apparence, sa situation financi\u00e8re, son orientation sexuelle, et autres.<\/span><\/p>\n\n\n\n<p><span style=\"font-weight: 400\">Tout comportement portant pr\u00e9judice \u00e0 toi ou quelqu\u2019un que tu connais peut \u00eatre d\u00e9nonc\u00e9 <\/span><span style=\"font-weight: 400\">ici<\/span><span style=\"font-weight: 400\">.<\/span><\/p>\n\n\n\n<p><span style=\"font-weight: 400\">Ci-dessous se trouvent des associations ou instances de l\u2019universit\u00e9 qui peuvent t\u2019apporter une oreille attentive, bien s\u00fbr tu peux aussi nous contacter et nous verrons ce que l\u2019on peut faire pour toi.&nbsp;<\/span><\/p>\n\n\n\n<ul class=\"wp-block-list\">\n<li>Aide UNIL. Tu trouveras plus d\u2019informations relatives \u00e0 la lutte contre le harc\u00e8lement et toute forme d\u2019atteinte \u00e0 la personne sur le site aide&nbsp;unil.&nbsp;Tout comportement portant pr\u00e9judice \u00e0 toi ou quelqu\u2019un que tu connais peut \u00eatre d\u00e9nonc\u00e9&nbsp;sur le site&nbsp;AIDE UNIL.(lien internet: <a href=\"https:\/\/www.unil.ch\/aide-help\/fr\/home.html\">https:\/\/www.unil.ch\/aide-help\/fr\/home.html<\/a> )<\/li>\n\n\n\n<li><span style=\"font-weight: 400\">l\u2019AEA (association des \u00e9tudiant\u00b7e\u00b7s afro-descendant\u00b7e\u00b7s de l\u2019UNIL) Mails: <\/span><a href=\"mailto:aea@asso-unil.ch\"><span style=\"font-weight: 400\">aea@asso-unil.ch<\/span><\/a><span style=\"font-weight: 400\"> \/ <\/span><a href=\"mailto:associationaeaunil@gmail.com\"><span style=\"font-weight: 400\">associationaeaunil@gmail.com<\/span><\/a><\/li>\n\n\n\n<li><span style=\"font-weight: 400\">Planqueer (Association des \u00e9tudiant\u00b7e\u00b7s LGBTIQ+ des Hautes Ecoles de Lausanne ) Mail: <\/span><a href=\"mailto:planqueer@asso-unil.ch\"><span style=\"font-weight: 400\">planqueer@asso-unil.ch<\/span><\/a><\/li>\n\n\n\n<li><span style=\"font-weight: 400\">AFU (association f\u00e9ministe unil) Mail: <\/span><a href=\"mailto:afu.unil@gmail.com\"><span style=\"font-weight: 400\">afu.unil@gmail.com<\/span><\/a><span style=\"font-weight: 400\"> (<\/span><a href=\"https:\/\/www.formation-sans-harcelement.ch\/qui-sommes-nous\/www.facebook.com\/AFUnil\"><span style=\"font-weight: 400\">www.facebook.com\/AFUnil<\/span><\/a><span style=\"font-weight: 400\">)<\/span><\/li>\n\n\n\n<li><span style=\"font-weight: 400\">Le bureau de l\u2019\u00e9galit\u00e9 -&gt; sur la page internet de l\u2019unil se trouve une section pour le bureau de l\u2019\u00e9galit\u00e9 o\u00f9 se trouvent des informations concernant l\u2019\u00e9galit\u00e9 des chances entre les genres, mais aussi sur les droits que les minorit\u00e9s ont \u00e0 l\u2019universit\u00e9 et dans la soci\u00e9t\u00e9, de plus de nombreux liens sont mis en \u00e9vidence pour orienter les etudiant\u00b7e\u00b7x\u00b7s vers des associations s\u2019occupant de sujets pr\u00e9cis comme la question des personnes lgbt+. Mail: <\/span><a href=\"https:\/\/egalite@unil.ch\"><span style=\"font-weight: 400\">egalite@unil.ch<\/span><\/a><span style=\"font-weight: 400\">&nbsp;<\/span><\/li>\n\n\n\n<li><span style=\"font-weight: 400\">Amnesty International des Hautes Ecoles lausannoises -&gt; \u00ab\u00a0association promouvant la d\u00e9fense des droits humains sur le campus de l&rsquo;UNIL-EPFL en sensibilisant nos \u00e9tudiants aux enjeux socio-politiques. Nous avons 5 sections : Droit des Femmes, Environnement, Actualit\u00e9 Politique, LGBTQ+ et Asile et Migration. Au sein de celles-ci, nous organisons des activit\u00e9s multiples : des conf\u00e9rences, des projections de films, des ateliers, des actions concr\u00e8tes (collecte de d\u00e9chets).\u00a0\u00bb <\/span><span style=\"font-weight: 400\">Mail: <\/span><a href=\"mailto:amnestyhel@asso-unil.ch\"><span style=\"font-weight: 400\">amnestyhel@asso-unil.ch<\/span><\/a><\/li>\n\n\n\n<li><span style=\"font-weight: 400\">M.E.T.I.S (Mouvement des Etudiant\u00b7e\u00b7s travaillant contre les In\u00e9galit\u00e9s d&rsquo;acc\u00e8s \u00e0 la Sant\u00e9 ) Mail: <\/span><a href=\"mailto:metis@swimsa.ch\"><span style=\"font-weight: 400\">metis@swimsa.ch<\/span><\/a><span style=\"font-weight: 400\">&nbsp;<\/span><\/li>\n<\/ul>\n\n\n\n<h3 class=\"wp-block-heading\"><em><b>Liens utiles<\/b><\/em><\/h3>\n\n\n\n<h4 class=\"wp-block-heading\"><span style=\"font-weight: 400\"><em><strong>Racisme<\/strong><\/em><\/span><\/h4>\n\n\n\n<p><a href=\"https:\/\/www.network-racism.ch\/fr\/accueil.html\"><span style=\"font-weight: 400\">https:\/\/www.network-racism.ch\/fr\/accueil.html<\/span><\/a><span style=\"font-weight: 400\"> (aides)<\/span><\/p>\n\n\n\n<p><a href=\"https:\/\/www.unil.ch\/egalite\/racisme\"><span style=\"font-weight: 400\">https:\/\/www.unil.ch\/egalite\/racisme<\/span><\/a><span style=\"font-weight: 400\"> (page UNIL)<\/span><\/p>\n\n\n\n<p><a href=\"https:\/\/www.edi.admin.ch\/edi\/fr\/home\/fachstellen\/frb.html\"><span style=\"font-weight: 400\">https:\/\/www.edi.admin.ch\/edi\/fr\/home\/fachstellen\/frb.html<\/span><\/a><span style=\"font-weight: 400\"> (Service de lutte contre le racisme)<\/span><\/p>\n\n\n\n<p><a href=\"https:\/\/www.vd.ch\/themes\/population\/integration-des-etrangers-et-prevention-du-racisme\/\"><span style=\"font-weight: 400\">https:\/\/www.vd.ch\/themes\/population\/integration-des-etrangers-et-prevention-du-racisme\/<\/span><\/a><span style=\"font-weight: 400\"> ( lois du canton de Vaud sur le racisme)&nbsp;<\/span><\/p>\n\n\n\n<p><a href=\"https:\/\/www.lausanne.ch\/en\/officiel\/administration\/sport-et-cohesion-sociale\/secretariat-general-scs\/bli.html\"><span style=\"font-weight: 400\">https:\/\/www.lausanne.ch\/en\/officiel\/administration\/sport-et-cohesion-sociale\/secretariat-general-scs\/bli.html<\/span><\/a><span style=\"font-weight: 400\"> (domaines de l&rsquo;int\u00e9gration et de la pr\u00e9vention du racisme [Lausanne])<\/span><\/p>\n\n\n\n<h4 class=\"wp-block-heading\"><em><strong>LGBT+<\/strong><\/em><\/h4>\n\n\n\n<p><a href=\"https:\/\/www.unil.ch\/egalite\/home\/menuinst\/non-discrimination\/contre-les-discriminations-anti-lgbt.html\"><span style=\"font-weight: 400\">https:\/\/www.unil.ch\/egalite\/home\/menuinst\/non-discrimination\/contre-les-discriminations-anti-lgbt.html<\/span><\/a><span style=\"font-weight: 400\"> (page de l\u2019UNIL)<\/span><\/p>\n\n\n\n<p><a href=\"https:\/\/www.profa.ch\/\"><span style=\"font-weight: 400\">https:\/\/www.profa.ch\/<\/span><\/a><span style=\"font-weight: 400\"> (soutien, \u00e9coute et renseignements)&nbsp;<\/span><\/p>\n\n\n\n<p><a href=\"https:\/\/www.transwelcome.ch\/fr\/\"><span style=\"font-weight: 400\">https:\/\/www.transwelcome.ch\/fr\/<\/span><\/a><span style=\"font-weight: 400\">&nbsp; (pour le travail)<\/span><\/p>\n\n\n\n<p><a href=\"https:\/\/www.tgns.ch\/de\/\"><span style=\"font-weight: 400\">https:\/\/www.tgns.ch\/de\/<\/span><\/a><span style=\"font-weight: 400\"> (droits pour les personnes trans* en Suisse)<\/span><\/p>\n\n\n\n<p><a href=\"https:\/\/agnodice.ch\/\"><span style=\"font-weight: 400\">https:\/\/agnodice.ch\/<\/span><\/a><span style=\"font-weight: 400\"> (pour les mineurs trans* et les professionnels s\u2019occupant de personnes trans*)&nbsp;<\/span><\/p>\n\n\n\n<p><a href=\"https:\/\/www.suisse-romande.com\/homosexualite-suisse-romande.html\"><span style=\"font-weight: 400\">https:\/\/www.suisse-romande.com\/homosexualite-suisse-romande.html<\/span><\/a><span style=\"font-weight: 400\"> (liste d\u2019assocs utiles)<\/span><\/p>\n\n\n\n<p><a href=\"https:\/\/federationlgbt-geneve.ch\/associations-lgbt\/associations-lgbt-romandes\/\"><span style=\"font-weight: 400\">https:\/\/federationlgbt-geneve.ch\/associations-lgbt\/associations-lgbt-romandes\/<\/span><\/a><span style=\"font-weight: 400\"> (liste d\u2019assocs utiles)<\/span><\/p>\n\n\n\n<p><a href=\"https:\/\/voqueer.ch\/\">Voqueer<\/a> (\u00e9coute, aide et renseignements)<\/p>\n\n\n\n<p><a href=\"https:\/\/360.ch\/\"><span style=\"font-weight: 400\">https:\/\/360.ch\/<\/span><\/a><span style=\"font-weight: 400\"> (magazine suisse LGBT+)&nbsp;<\/span><\/p>\n\n\n\n<h4 class=\"wp-block-heading\"><span style=\"font-weight: 400\"><strong><em>SASME<\/em><\/strong> (Service des affaires sociales et de la mobilit\u00e9 \u00e9tudiante)<\/span><\/h4>\n\n\n\n<p><a href=\"https:\/\/www.unil.ch\/sasme\/home.html\"><span style=\"font-weight: 400\">https:\/\/www.unil.ch\/sasme\/home.html<\/span><\/a><span style=\"font-weight: 400\"> (logements, finances, mobilit\u00e9, bourses, emplois\u2026)<\/span><\/p>\n\n\n\n<h4 class=\"wp-block-heading\"><em><strong>Bureau de l\u2019\u00e9galit\u00e9<\/strong><\/em><\/h4>\n\n\n\n<p><a href=\"https:\/\/www.unil.ch\/egalite\/fr\/home.html\"><span style=\"font-weight: 400\">https:\/\/www.unil.ch\/egalite\/fr\/home.html<\/span><\/a><span style=\"font-weight: 400\"> (page principale)&nbsp;<\/span><\/p>\n\n\n\n<p><a href=\"https:\/\/www.unil.ch\/egalite\/home\/menuinst\/lgbtiq\/associations-et-services-de-soutien-1.html\"><span style=\"font-weight: 400\">https:\/\/www.unil.ch\/egalite\/home\/menuinst\/lgbtiq\/associations-et-services-de-soutien-1.html<\/span><\/a><span style=\"font-weight: 400\"> (assocs et services de soutiens)<\/span><\/p>\n\n\n\n<p><a href=\"https:\/\/www.unil.ch\/egalite\/home\/menuinst\/notre-engagement-1\/actrices-et-acteurs\/bureau-de-legalite\/lequipe-1.html\"><span style=\"font-weight: 400\">https:\/\/www.unil.ch\/egalite\/home\/menuinst\/notre-engagement-1\/actrices-et-acteurs\/bureau-de-legalite\/lequipe-1.html<\/span><\/a><span style=\"font-weight: 400\"> (personnes de contacts)&nbsp;<\/span><\/p>\n\n\n\n<h4 class=\"wp-block-heading\"><strong><em>Autres liens utiles:<\/em><\/strong><\/h4>\n\n\n\n<p><a href=\"https:\/\/www.leg.ch\/\"><span style=\"font-weight: 400\">https:\/\/www.leg.ch\/<\/span><\/a><span style=\"font-weight: 400\"> (discriminations li\u00e9es \u00e0 l\u2019\u00e9galit\u00e9 homme-femme)\u00a0\u00a0\u00a0\u00a0\u00a0\u00a0\u00a0\u00a0\u00a0\u00a0\u00a0\u00a0\u00a0\u00a0\u00a0\u00a0\u00a0\u00a0\u00a0\u00a0\u00a0\u00a0\u00a0\u00a0\u00a0\u00a0\u00a0\u00a0\u00a0\u00a0\u00a0\u00a0\u00a0\u00a0\u00a0\u00a0\u00a0\u00a0\u00a0\u00a0<\/span><\/p>\n\n\n\n<p><span style=\"font-weight: 400\">(Cette page est mise \u00e0 jour de temps en temps. L&rsquo;AEL est d&rsquo;ailleurs ouverte \u00e0 d&rsquo;autres propositions.)\u00a0<\/span><\/p>\n","protected":false},"excerpt":{"rendered":"<p>Cette page a \u00e9t\u00e9 cr\u00e9\u00e9e dans le but d\u2019aider les personnes concern\u00e9es par des discriminations et d\u2019informer toute personne ayant envie de se sensibiliser aux causes d\u00e9taill\u00e9es ci-dessous.&hellip;<\/p>\n","protected":false},"author":1001858,"featured_media":0,"parent":0,"menu_order":0,"comment_status":"closed","ping_status":"closed","template":"","meta":{"_seopress_robots_primary_cat":"","_seopress_titles_title":"","_seopress_titles_desc":"","_seopress_robots_index":"","footnotes":""},"class_list":["post-1606","page","type-page","status-publish","has-post-thumbnail"],"_links":{"self":[{"href":"https:\/\/wp.unil.ch\/ael\/wp-json\/wp\/v2\/pages\/1606","targetHints":{"allow":["GET"]}}],"collection":[{"href":"https:\/\/wp.unil.ch\/ael\/wp-json\/wp\/v2\/pages"}],"about":[{"href":"https:\/\/wp.unil.ch\/ael\/wp-json\/wp\/v2\/types\/page"}],"author":[{"embeddable":true,"href":"https:\/\/wp.unil.ch\/ael\/wp-json\/wp\/v2\/users\/1001858"}],"replies":[{"embeddable":true,"href":"https:\/\/wp.unil.ch\/ael\/wp-json\/wp\/v2\/comments?post=1606"}],"version-history":[{"count":4,"href":"https:\/\/wp.unil.ch\/ael\/wp-json\/wp\/v2\/pages\/1606\/revisions"}],"predecessor-version":[{"id":2241,"href":"https:\/\/wp.unil.ch\/ael\/wp-json\/wp\/v2\/pages\/1606\/revisions\/2241"}],"wp:attachment":[{"href":"https:\/\/wp.unil.ch\/ael\/wp-json\/wp\/v2\/media?parent=1606"}],"curies":[{"name":"wp","href":"https:\/\/api.w.org\/{rel}","templated":true}]}}