{"id":1587,"date":"2020-07-30T14:55:36","date_gmt":"2020-07-30T12:55:36","guid":{"rendered":"http:\/\/wp.unil.ch\/ael\/?page_id=1587"},"modified":"2025-11-12T18:41:56","modified_gmt":"2025-11-12T17:41:56","slug":"presentation-de-lael","status":"publish","type":"page","link":"https:\/\/wp.unil.ch\/ael\/presentation-de-lael\/","title":{"rendered":"Pr\u00e9sentation de l&rsquo;AEL"},"content":{"rendered":"\n<h1 class=\"wp-block-heading\">L\u2019AEL<\/h1>\n\n\n\n<h3 class=\"wp-block-heading\">Soutient, conseille et aide les \u00e9tudiant\u00b7e\u00b7x\u00b7s<\/h3>\n\n\n\n<p>Dans les eaux troubles de l\u2019archipel de la Facult\u00e9 des Lettres, bien des embarcations estudiantines naviguent \u00e0 vue et manquent de s\u2019\u00e9chouer ! L\u2019AEL est l\u00e0 pour poser des balises et allumer feux de temp\u00eates et autres phares sur ce trac\u00e9 o\u00f9 les cartes varient de lieu en lieu. Parfois ces derni\u00e8res n\u2019existent tout simplement pas ou sont difficiles d\u2019acc\u00e8s pour un\u00b7e\u00b7x moussaillon fra\u00eechement d\u00e9barqu\u00e9\u00b7e\u00b7x.<\/p>\n\n\n\n<p>Gr\u00e2ce \u00e0 leur exp\u00e9rience, les vieux loups de mer de l\u2019AEL peuvent vous aider \u00e0 obtenir les pr\u00e9cieux parchemins et les cartes indispensables \u00e0 votre chasse au tr\u00e9sor. Elle peut aussi vous aider en cas de conflit avec un navire professoral, de contestation des r\u00e9sultats d\u2019un examen, etc.<\/p>\n\n\n\n<h3 class=\"wp-block-heading\">Repr\u00e9sente les \u00e9tudiant\u00b7e\u00b7x\u00b7s et d\u00e9fend leurs int\u00e9r\u00eats<\/h3>\n\n\n\n<p>Les int\u00e9r\u00eats des \u00e9tudiant\u00b7e\u00b7x\u00b7s en Lettres se doivent d\u2019\u00eatre d\u00e9fendus face aux autorit\u00e9s universitaire et politique. L\u2019AEL s\u2019efforce de promouvoir la d\u00e9mocratisation des \u00e9tudes ainsi que la participation active des \u00e9tudiant\u00b7e\u00b7x\u00b7s aux d\u00e9cisions de la Facult\u00e9. Si nous ne voulons pas que les embarcations pirates se transforment en bateaux de ligne, tels ceux de la CGN \u2013 ne valorisant que certains trac\u00e9s rentables \u2013 il est temps de passer \u00e0 l\u2019abordage ! Les \u00e9tudiant\u00b7e\u00b7x\u00b7s sont \u00e9galement repr\u00e9sent\u00e9\u00b7e\u00b7x\u00b7s dans les organes d\u00e9cisionnels de l\u2019Universit\u00e9. Notre association se charge d\u2019organiser les \u00e9lections des repr\u00e9sentantes au Conseil de Facult\u00e9, ainsi qu\u2019au Conseil de l\u2019Universit\u00e9 et dans les organes de la FAE.<\/p>\n\n\n\n<h3 class=\"wp-block-heading\">Contribue \u00e0 l\u2019animation du site universitaire<\/h3>\n\n\n\n<p>Diverses associations animent la vie culturelle dans les latitudes marines de Dorigny: le Cin\u00e9-club, la revue litt\u00e9raire Archipel, le F\u00e9cule et d\u2019autres encore\u2026 Soucieuse de promouvoir de telles activit\u00e9s, l\u2019AEL encourage ces associations par des subventions qu\u2019elle leur octroie. <\/p>\n\n\n\n<h3 class=\"wp-block-heading\">Statuts<\/h3>\n\n\n\n<p>Le fonctionnement de l&rsquo;AEL est r\u00e9gi par un r\u00e8glement interne connu sous le nom de \u00ab\u00a0statuts\u00a0\u00bb. Ceux-ci sont adopt\u00e9s lors d&rsquo;Assembl\u00e9es g\u00e9n\u00e9rales. Consultez les : <a href=\"https:\/\/wp.unil.ch\/ael\/files\/2020\/04\/STATUTS-AEL_2019.pdf\">Statuts AEL novembre 2019<\/a><\/p>\n","protected":false},"excerpt":{"rendered":"<p>L\u2019AEL Soutient, conseille et aide les \u00e9tudiant\u00b7e\u00b7x\u00b7s Dans les eaux troubles de l\u2019archipel de la Facult\u00e9 des Lettres, bien des embarcations estudiantines naviguent \u00e0 vue et manquent de&hellip;<\/p>\n","protected":false},"author":1001858,"featured_media":2006,"parent":0,"menu_order":0,"comment_status":"closed","ping_status":"closed","template":"","meta":{"_seopress_robots_primary_cat":"","_seopress_titles_title":"","_seopress_titles_desc":"","_seopress_robots_index":"","footnotes":""},"class_list":["post-1587","page","type-page","status-publish","has-post-thumbnail"],"_links":{"self":[{"href":"https:\/\/wp.unil.ch\/ael\/wp-json\/wp\/v2\/pages\/1587","targetHints":{"allow":["GET"]}}],"collection":[{"href":"https:\/\/wp.unil.ch\/ael\/wp-json\/wp\/v2\/pages"}],"about":[{"href":"https:\/\/wp.unil.ch\/ael\/wp-json\/wp\/v2\/types\/page"}],"author":[{"embeddable":true,"href":"https:\/\/wp.unil.ch\/ael\/wp-json\/wp\/v2\/users\/1001858"}],"replies":[{"embeddable":true,"href":"https:\/\/wp.unil.ch\/ael\/wp-json\/wp\/v2\/comments?post=1587"}],"version-history":[{"count":2,"href":"https:\/\/wp.unil.ch\/ael\/wp-json\/wp\/v2\/pages\/1587\/revisions"}],"predecessor-version":[{"id":2223,"href":"https:\/\/wp.unil.ch\/ael\/wp-json\/wp\/v2\/pages\/1587\/revisions\/2223"}],"wp:featuredmedia":[{"embeddable":true,"href":"https:\/\/wp.unil.ch\/ael\/wp-json\/wp\/v2\/media\/2006"}],"wp:attachment":[{"href":"https:\/\/wp.unil.ch\/ael\/wp-json\/wp\/v2\/media?parent=1587"}],"curies":[{"name":"wp","href":"https:\/\/api.w.org\/{rel}","templated":true}]}}