{"id":1562,"date":"2020-04-23T20:32:07","date_gmt":"2020-04-23T18:32:07","guid":{"rendered":"http:\/\/wp.unil.ch\/ael\/?page_id=1562"},"modified":"2025-11-12T19:11:01","modified_gmt":"2025-11-12T18:11:01","slug":"systeme-de-parrainage","status":"publish","type":"page","link":"https:\/\/wp.unil.ch\/ael\/service-aux-etudiant-e-s\/systeme-de-parrainage\/","title":{"rendered":"Syst\u00e8me de parrainage"},"content":{"rendered":"\n<h3 class=\"wp-block-heading\"><em><strong>Soyons solidaire\u00b7x\u00b7s !<\/strong><\/em><\/h3>\n\n\n\n<p>\u00catre en prop\u00e9deutique n\u2019est pas une mince affaire : Cette \u00e9tape difficile dans un parcours universitaire peut s\u2019av\u00e9rer compliqu\u00e9e sans exp\u00e9rience. Pour les aider, l\u2019AEL met en contact des \u00e9tudiant\u00b7e\u00b7x\u00b7s avanc\u00e9\u00b7e\u00b7x\u00b7s (BA 2-3 et MA) avec des \u00e9tudiant\u00b7e\u00b7x\u00b7s en prop\u00e9deutique. Ainsi les \u00e9tudiant\u00b7e\u00b7x\u00b7s parrain\u00e9\u00b7e\u00b7x\u00b7s pourraient dialoguer avec des personnes de r\u00e9f\u00e9rence pour toutes les questions relatives \u00e0 leurs \u00e9tudes en premi\u00e8re ann\u00e9e de Bachelor. La mati\u00e8re desdites conversations concernera quelques points simples li\u00e9s \u00e0 des enseignements ou \u00e0 l\u2019organisation g\u00e9n\u00e9rale de la vie universitaire.<\/p>\n\n\n\n<p><em>Les marraines et parrains ne sont en aucun cas des alternatives aux enseignements, mais uniquement des soutiens bas\u00e9s sur le partage d\u2019exp\u00e9rience acad\u00e9mique. En cas de questions d\u2019ordre administratif, nous vous invitons \u00e0 contacter le secr\u00e9tariat des \u00e9tudiants (<a href=\"mailto:infolettres@unil.ch\">info-lettres@unil.ch<\/a>), ou les conseillers aux \u00e9tudes (<a href=\"conseilEtudes-lettres@unil.ch\" target=\"_blank\" rel=\"noreferrer noopener\">conseilEtudes-lettres@unil.ch<\/a>re probl\u00e8me.<\/em><\/p>\n\n\n\n<p>Ce syst\u00e8me ne garantit pas que tout le monde trouve une marraine ou un parrain. Apr\u00e8s les multiples sondages que nous avons organis\u00e9s, nous demeurons optimistes. Avant de rencontrer votre camarade, il vous sera soumis une charte d\u00e9ontologique qui r\u00e9glemente les interactions et pr\u00e9vient toutes formes d\u2019abus malencontreux. Les bin\u00f4mes pourront \u00eatre rapidement dissous si l\u2019une des deux parties le d\u00e9sire.<\/p>\n\n\n\n<h4 class=\"wp-block-heading\"><em>Comment participer ?<\/em><\/h4>\n\n\n\n<ol class=\"wp-block-list\">\n<li>Remplissez les formulaires suivants :<\/li>\n<\/ol>\n\n\n\n<p>Pour les parrains (actuellement ferm\u00e9)<\/p>\n\n\n\n<p>Pour les parrain\u00e9s (actuellement ferm\u00e9)<\/p>\n\n\n\n<ol start=\"2\" class=\"wp-block-list\">\n<li>L\u2019AEL, selon les possibilit\u00e9s, t\u2019attribuera un parrain ou une marraine d\u00e8s que possible.<\/li>\n\n\n\n<li>Signe et fait nous parvenir la charte de d\u00e9ontologie que l\u2019AEL t\u2019auras envoy\u00e9 d\u00e8s que nous t\u2019aurons trouv\u00e9 un bin\u00f4me.<\/li>\n\n\n\n<li>Le parrain \/ marraine et l\u2019\u00e9tudiant\u00b7e\u00b7x seront mis en contact afin de pouvoir \u00e9changer les e-mails \/ num\u00e9ros de t\u00e9l\u00e9phones<\/li>\n\n\n\n<li>A partir de l\u00e0, vous \u00eates libres de vous arranger pour convenir la m\u00e9thode de parrainage qui vous convient le mieux (rencontre audio-visuelle, \u00e9change de mails, de messages, \u2026)<\/li>\n\n\n\n<li>Si vous avez des questions ou quelconque probl\u00e8me avec votre parrain \/ marraine ou \u00e9tudiant\u00b7e\u00b7x parrain\u00e9, n\u2019h\u00e9sitez pas \u00e0 envoyer un email \u00e0 <a href=\"mailto:unil@ael.ch\">unil@ael.ch<\/a><\/li>\n<\/ol>\n\n\n\n<p class=\"has-text-align-center\">Ci-dessous se trouve la charte:<\/p>\n\n\n\n<p class=\"has-text-align-center\"><a href=\"https:\/\/wp.unil.ch\/ael\/files\/2020\/09\/Charte-deontologique-systeme-parrainage-AEL.pdf\">Charte d\u00e9ontologique syst\u00e8me parrainage AEL<\/a><\/p>\n\n\n\n<p class=\"has-text-align-center\"><strong>L\u2019AEL vous remercie d\u2019avance pour votre engagement et vous souhaite une belle collaboration!<\/strong><\/p>\n\n\n\n<h4 class=\"wp-block-heading\"><em>Rappel des points importants<\/em><\/h4>\n\n\n\n<p><em>Le parrainage prop\u00e9deutique est un syst\u00e8me d&rsquo;entraide estudiantine. La difficile \u00e9tape de la premi\u00e8re ann\u00e9e d\u2019un parcours universitaire peut s\u2019av\u00e9rer d\u00e9stabilisante. Pour aider les \u00e9tudiants de prop\u00e9deutique, l\u2019AEL souhaite mettre en contact des \u00e9tudiant\u00b7e\u00b7x\u00b7s avanc\u00e9\u00b7e\u00b7x\u00b7s (BA 2-3 et MA) avec des \u00e9tudiant\u00b7e\u00b7x\u00b7s en prop\u00e9deutique. Ce syst\u00e8me fonctionne de mani\u00e8re enti\u00e8rement b\u00e9n\u00e9vole. <\/em><\/p>\n\n\n\n<p>En quoi consiste le r\u00f4le de parrain \/ marraine ?<\/p>\n\n\n\n<p>\u2192 R\u00e9pondre \u00e0 des questions simples relatives \u00e0 des enseignements ou aux cours de l\u2019universit\u00e9 de mani\u00e8re g\u00e9n\u00e9rale.<\/p>\n\n\n\n<p>\u2192 R\u00e9pondre \u00e0 des questions sur l\u2019organisation et la vie universitaire.<\/p>\n\n\n\n<p class=\"has-text-align-center\"><strong><em>Les parrains et marraines sont l\u00e0 pour partager leur exp\u00e9rience acad\u00e9mique<\/em><\/strong><\/p>\n\n\n\n<p>En quoi de consiste <strong>PAS<\/strong> le r\u00f4le du parrain \/ marraine ?<\/p>\n\n\n\n<p>\u2192 Le parrain ou la marraine ne sont pas des professeur\u00b7e\u00b7x\u00b7s ; iels ne peuvent et ne doivent pas servir de remplacement aux enseignements et ses conseils ne sont pas des v\u00e9rit\u00e9s g\u00e9n\u00e9rales ; les parrains et marraines n\u2019ont aucune formation particuli\u00e8re en dehors de leur parcours acad\u00e9mique : ce sont des \u00e9tudiant\u00b7e\u00b7x\u00b7s avant tout, iels sont l\u00e0 pour donner un \u00ab coup de main \u00bb<\/p>\n\n\n\n<p>\u2192 Le parrain ou la marraine ne sont en aucun cas l\u00e0 pour d\u00e9charger psychologiquement les \u00e9tudiant\u00b7e\u00b7x\u00b7s ; il existe \u00e0 ce propos des services particuliers \u00e0 l\u2019UNIL, cliquez <a href=\"https:\/\/www.unil.ch\/sasme\/fr\/home\/menuinst\/soutien-aux-etudiantes\/consultation-psychotherapeutique.html\" target=\"_blank\" rel=\"noreferrer noopener\">ici<\/a> pour plus d\u2019information ou contactez-nous \u00e0 <a href=\"mailto:ael@unil.ch\">ael@unil.ch<\/a><\/p>\n","protected":false},"excerpt":{"rendered":"<p>Soyons solidaire\u00b7x\u00b7s ! \u00catre en prop\u00e9deutique n\u2019est pas une mince affaire : Cette \u00e9tape difficile dans un parcours universitaire peut s\u2019av\u00e9rer compliqu\u00e9e sans exp\u00e9rience. Pour les aider, l\u2019AEL&hellip;<\/p>\n","protected":false},"author":1001858,"featured_media":0,"parent":70,"menu_order":0,"comment_status":"closed","ping_status":"closed","template":"","meta":{"_seopress_robots_primary_cat":"","_seopress_titles_title":"","_seopress_titles_desc":"","_seopress_robots_index":"","footnotes":""},"class_list":["post-1562","page","type-page","status-publish","has-post-thumbnail"],"_links":{"self":[{"href":"https:\/\/wp.unil.ch\/ael\/wp-json\/wp\/v2\/pages\/1562","targetHints":{"allow":["GET"]}}],"collection":[{"href":"https:\/\/wp.unil.ch\/ael\/wp-json\/wp\/v2\/pages"}],"about":[{"href":"https:\/\/wp.unil.ch\/ael\/wp-json\/wp\/v2\/types\/page"}],"author":[{"embeddable":true,"href":"https:\/\/wp.unil.ch\/ael\/wp-json\/wp\/v2\/users\/1001858"}],"replies":[{"embeddable":true,"href":"https:\/\/wp.unil.ch\/ael\/wp-json\/wp\/v2\/comments?post=1562"}],"version-history":[{"count":2,"href":"https:\/\/wp.unil.ch\/ael\/wp-json\/wp\/v2\/pages\/1562\/revisions"}],"predecessor-version":[{"id":2236,"href":"https:\/\/wp.unil.ch\/ael\/wp-json\/wp\/v2\/pages\/1562\/revisions\/2236"}],"up":[{"embeddable":true,"href":"https:\/\/wp.unil.ch\/ael\/wp-json\/wp\/v2\/pages\/70"}],"wp:attachment":[{"href":"https:\/\/wp.unil.ch\/ael\/wp-json\/wp\/v2\/media?parent=1562"}],"curies":[{"name":"wp","href":"https:\/\/api.w.org\/{rel}","templated":true}]}}