{"id":130,"date":"2013-02-27T14:45:02","date_gmt":"2013-02-27T13:45:02","guid":{"rendered":"http:\/\/wp.unil.ch\/ael\/?page_id=130"},"modified":"2024-04-10T15:54:00","modified_gmt":"2024-04-10T13:54:00","slug":"subventions","status":"publish","type":"page","link":"https:\/\/wp.unil.ch\/ael\/service-aux-etudiant-e-s\/subventions\/","title":{"rendered":"Subventions"},"content":{"rendered":"\n<p>Les fonds principaux de l&rsquo;AEL sont constitu\u00e9s d&rsquo;une part d&rsquo;un soutien du D\u00e9canat de la Facult\u00e9 des Lettres et d&rsquo;autre part de l&rsquo;argent gagn\u00e9 lors de ventes de pr\u00e9locations pour les divers \u00e9v\u00e9nements organis\u00e9s au cours de l&rsquo;ann\u00e9e. <\/p>\n\n\n\n<p>Chaque ann\u00e9e, une grande partie du budget de l&rsquo;association est allou\u00e9 \u00e0 l\u2019octroi de subventions pour des projets d&rsquo;associations ou de personnes individuelles de l&rsquo;Universit\u00e9. Ces projets doivent avoir un contenu culturel et\/ou associatif et profiter au plus grand nombre des \u00e9tudiant\u00b7e\u00b7x\u00b7s de l&rsquo;Universit\u00e9 et\/ou de la Facult\u00e9 des Lettres. Les subventions peuvent par exemple \u00eatre allou\u00e9es \u00e0 des revues litt\u00e9raires, des pi\u00e8ces de th\u00e9\u00e2tre ou \u00e0 des ap\u00e9ros de Section.<\/p>\n\n\n\n<p>Donc si vous avez un projet, n&rsquo;h\u00e9sitez pas \u00e0 prendre contact avec nous, en suivant les recommandations ci-dessous.<\/p>\n\n\n\n<p>Les budgets de l&rsquo;association \u00e9tant vot\u00e9s \u00e0 l&rsquo;Assembl\u00e9e G\u00e9n\u00e9rale de printemps (courant avril), si le projet demande une subvention cons\u00e9quente (au dessus de 500.00 CHF) et est d&rsquo;un int\u00e9r\u00eat particulier pour notre Facult\u00e9, par exemple, un colloque organis\u00e9 en partenariat avec notre association, il est envisageable de faire une entr\u00e9e sp\u00e9ciale au budget et ainsi de garantir cette subvention. Le d\u00e9lai de <strong>prise de contact\u00a0et <\/strong>de<strong> d\u00e9pose de dossier (ci-dessous)<\/strong> pour ce genre de cas est le <strong>5 f\u00e9vrier<\/strong> pour l&rsquo;ann\u00e9e comptable actuelle. Pour toute demande de subvention ordinaire, se r\u00e9f\u00e9rer au paragraphe ci-dessous.<\/p>\n\n\n\n<h3 class=\"wp-block-heading\">Conditions de soumission d&rsquo;une demande de subvention<\/h3>\n\n\n\n<p>Si vous d\u00e9sirez obtenir une subvention de l&rsquo;AEL, il vous faudra d&rsquo;abord&nbsp;compl\u00e9ter ce document ci-dessous, nous le renvoyer avec <strong>les annexes demand\u00e9es<\/strong>:<\/p>\n\n\n\n<p><a href=\"https:\/\/wp.unil.ch\/ael\/files\/2017\/11\/Dossier-de-demande-de-subvention-AEL-2017.pdf\">Dossier de demande de subvention AEL <\/a><\/p>\n\n\n\n<p>Le d\u00e9lai de traitement d&rsquo;une demande de subvention est de <strong>2 \u00e0 5 semaines<\/strong>. Il est possible que nous vous contactions pour de plus amples informations sur votre dossier, ou que nous vous invitions \u00e0 venir pr\u00e9senter votre projet lors de l&rsquo;un de nos bureaux hebdomadaires.<\/p>\n","protected":false},"excerpt":{"rendered":"<p>Les fonds principaux de l&rsquo;AEL sont constitu\u00e9s d&rsquo;une part d&rsquo;un soutien du D\u00e9canat de la Facult\u00e9 des Lettres et d&rsquo;autre part de l&rsquo;argent gagn\u00e9 lors de ventes de&hellip;<\/p>\n","protected":false},"author":108,"featured_media":2093,"parent":70,"menu_order":4,"comment_status":"closed","ping_status":"closed","template":"","meta":{"_seopress_robots_primary_cat":"","_seopress_titles_title":"","_seopress_titles_desc":"","_seopress_robots_index":"","footnotes":""},"class_list":["post-130","page","type-page","status-publish","has-post-thumbnail"],"_links":{"self":[{"href":"https:\/\/wp.unil.ch\/ael\/wp-json\/wp\/v2\/pages\/130","targetHints":{"allow":["GET"]}}],"collection":[{"href":"https:\/\/wp.unil.ch\/ael\/wp-json\/wp\/v2\/pages"}],"about":[{"href":"https:\/\/wp.unil.ch\/ael\/wp-json\/wp\/v2\/types\/page"}],"author":[{"embeddable":true,"href":"https:\/\/wp.unil.ch\/ael\/wp-json\/wp\/v2\/users\/108"}],"replies":[{"embeddable":true,"href":"https:\/\/wp.unil.ch\/ael\/wp-json\/wp\/v2\/comments?post=130"}],"version-history":[{"count":2,"href":"https:\/\/wp.unil.ch\/ael\/wp-json\/wp\/v2\/pages\/130\/revisions"}],"predecessor-version":[{"id":2094,"href":"https:\/\/wp.unil.ch\/ael\/wp-json\/wp\/v2\/pages\/130\/revisions\/2094"}],"up":[{"embeddable":true,"href":"https:\/\/wp.unil.ch\/ael\/wp-json\/wp\/v2\/pages\/70"}],"wp:featuredmedia":[{"embeddable":true,"href":"https:\/\/wp.unil.ch\/ael\/wp-json\/wp\/v2\/media\/2093"}],"wp:attachment":[{"href":"https:\/\/wp.unil.ch\/ael\/wp-json\/wp\/v2\/media?parent=130"}],"curies":[{"name":"wp","href":"https:\/\/api.w.org\/{rel}","templated":true}]}}