{"id":128,"date":"2013-02-27T14:44:05","date_gmt":"2013-02-27T13:44:05","guid":{"rendered":"http:\/\/wp.unil.ch\/ael\/?page_id=128"},"modified":"2025-10-06T21:17:24","modified_gmt":"2025-10-06T19:17:24","slug":"fonds-de-solidarite","status":"publish","type":"page","link":"https:\/\/wp.unil.ch\/ael\/service-aux-etudiant-e-s\/fonds-de-solidarite\/","title":{"rendered":"Fonds de solidarit\u00e9"},"content":{"rendered":"\n<h3 class=\"wp-block-heading\">Fonds de solidarit\u00e9 des \u00c9tudiant\u00b7e\u00b7x\u00b7s (FSE)<\/h3>\n\n\n\n<p>Le FSE est une structure mise sur pied par la FAE conjointement avec les associations de Facult\u00e9 pour permettre de soutenir les \u00e9tudiant\u00b7e\u00b7x\u00b7s ayant un besoin financier ponctuel (livres, dentiste, etc\u2026) et ne remplissant pas les crit\u00e8res pour l\u2019octroi d\u2019une subvention ponctuelle de la part des structures d\u00e9j\u00e0 existantes (permis B, etc).<\/p>\n\n\n\n<p>L\u2019AEL a int\u00e9gr\u00e9 les statuts du FSE dans les siens lors de l\u2019Assembl\u00e9e g\u00e9n\u00e9rale, mais depuis, le FSE a chang\u00e9 de fonctionnement, relevant d\u00e9sormais de la FAE seulement et \u00e9tant financ\u00e9 en grande partie par les r\u00e9trocessions (une somme d\u2019argent que re\u00e7oivent toutes les associations de facult\u00e9, proportionnellement au nombre d\u2019\u00e9tudiant\u00b7e\u00b7x\u00b7s inscrit\u00b7e\u00b7x\u00b7s dans la facult\u00e9 en question) auxquelles ont renonc\u00e9 les associations d\u2019\u00e9tudiants de l\u2019UNIL.<\/p>\n\n\n\n<h3 class=\"wp-block-heading\">Comment faire appel au FSE?<\/h3>\n\n\n\n<p>Il suffit d\u2019adresser une lettre \u00e0 la FAE expliquant quel est ton probl\u00e8me et d\u2019y joindre une copie de la facture qui te pose probl\u00e8me. Les d\u00e9tails se trouvent sur la page d\u00e9di\u00e9e sur le site de la FAE, dont tu trouveras le lien en bas de cette page.<\/p>\n\n\n\n<p>La commission s\u2019occupant de ce fonds te proposera ensuite un rendez-vous pour en parler et te donner sa r\u00e9ponse.<\/p>\n\n\n\n<p>Pour plus d\u2019informations, rendez-vous sur <a href=\"https:\/\/fae-unil.ch\/aide-financiere\/\" target=\"_blank\" rel=\"noreferrer noopener\">&nbsp;le site de la FAE<\/a><\/p>\n","protected":false},"excerpt":{"rendered":"<p>Fonds de solidarit\u00e9 des \u00c9tudiant\u00b7e\u00b7x\u00b7s (FSE) Le FSE est une structure mise sur pied par la FAE conjointement avec les associations de Facult\u00e9 pour permettre de soutenir les&hellip;<\/p>\n","protected":false},"author":108,"featured_media":0,"parent":70,"menu_order":3,"comment_status":"closed","ping_status":"closed","template":"","meta":{"_seopress_robots_primary_cat":"","_seopress_titles_title":"","_seopress_titles_desc":"","_seopress_robots_index":"","footnotes":""},"class_list":["post-128","page","type-page","status-publish","has-post-thumbnail"],"_links":{"self":[{"href":"https:\/\/wp.unil.ch\/ael\/wp-json\/wp\/v2\/pages\/128","targetHints":{"allow":["GET"]}}],"collection":[{"href":"https:\/\/wp.unil.ch\/ael\/wp-json\/wp\/v2\/pages"}],"about":[{"href":"https:\/\/wp.unil.ch\/ael\/wp-json\/wp\/v2\/types\/page"}],"author":[{"embeddable":true,"href":"https:\/\/wp.unil.ch\/ael\/wp-json\/wp\/v2\/users\/108"}],"replies":[{"embeddable":true,"href":"https:\/\/wp.unil.ch\/ael\/wp-json\/wp\/v2\/comments?post=128"}],"version-history":[{"count":2,"href":"https:\/\/wp.unil.ch\/ael\/wp-json\/wp\/v2\/pages\/128\/revisions"}],"predecessor-version":[{"id":2221,"href":"https:\/\/wp.unil.ch\/ael\/wp-json\/wp\/v2\/pages\/128\/revisions\/2221"}],"up":[{"embeddable":true,"href":"https:\/\/wp.unil.ch\/ael\/wp-json\/wp\/v2\/pages\/70"}],"wp:attachment":[{"href":"https:\/\/wp.unil.ch\/ael\/wp-json\/wp\/v2\/media?parent=128"}],"curies":[{"name":"wp","href":"https:\/\/api.w.org\/{rel}","templated":true}]}}