{"id":1275,"date":"2017-12-20T12:54:14","date_gmt":"2017-12-20T11:54:14","guid":{"rendered":"http:\/\/wp.unil.ch\/ael\/?page_id=1275"},"modified":"2019-01-28T16:07:59","modified_gmt":"2019-01-28T15:07:59","slug":"festivites-interfacultaires-les-bals","status":"publish","type":"page","link":"https:\/\/wp.unil.ch\/ael\/activites\/festivites-interfacultaires-les-bals\/","title":{"rendered":"Festivit\u00e9s interfacultaires &#8211; Les Bals"},"content":{"rendered":"<h2>Bal de la Rentr\u00e9e et Bal de No\u00ebl<\/h2>\n<p style=\"text-align: justify\">Que \u00e7a soit la Rentr\u00e9e o\u00f9 tu penses encore \u00eatre en vacances ou le grand rush de la fin de semestre, les Bals sont LES \u00e9v\u00e9nements INCONTOURNABLES de l&rsquo;Universit\u00e9. C&rsquo;est l&rsquo;occasion de rencontrer des gens de toutes les Facult\u00e9s, de l&rsquo;EPFL et de passer un moment inoubliable. Chaque ann\u00e9e, les Bals te donnent acc\u00e8s \u00e0 un large panel de bo\u00eetes, comme le D!, le buzz, le White, l&rsquo;abc, etc.<\/p>\n<h3>La Pr\u00e9location<\/h3>\n<p style=\"text-align: justify\">Elle co\u00fbte <strong>10.00 CHF\u00a0<\/strong>que peux en acheter aupr\u00e8s de l&rsquo;AEL, qui organise avant chaque \u00e9v\u00e9nement, un stand de vente. Si tu n&rsquo;as pas ton s\u00e9same pour le Bal, pas de panique! Tu pourras encore acheter un billet pour <strong>15.00<\/strong> \u00e0 l&rsquo;entr\u00e9e d&rsquo;une bo\u00eete partenaire de la soir\u00e9e.<\/p>\n<p style=\"text-align: justify\">Cette pr\u00e9location te donne acc\u00e8s \u00e0 toutes les bo\u00eetes qui participent \u00e0 l&rsquo;\u00e9v\u00e9nement, que tu retrouves sur les affiches du Bal ou sur la page Facebook.<\/p>\n<h5>Stand de vente<\/h5>\n<p style=\"text-align: justify\">Chaque ann\u00e9e, l&rsquo;AEL vend ses pr\u00e9locations devant <strong>le Centre de Langues de 12h00 \u00e0 13h00, du lundi au jeudi<\/strong> (de la 2\u00e8me semaine de la Rentr\u00e9e). Attention! Les pr\u00e9locations partent tr\u00e8s vite, alors ne tarde pas \u00e0 venir chercher ton billet!<\/p>\n<h3>Bal de la Rentr\u00e9e<\/h3>\n<p style=\"text-align: justify\"><strong>Quand?<\/strong> Le Bal de la Rentr\u00e9e se d\u00e9roule toujours <strong>le 2\u00e8me jeudi de la Rentr\u00e9e <\/strong>(deuxi\u00e8me semaine du semestre d&rsquo;Automne).<\/p>\n<p style=\"text-align: justify\">Voil\u00e0 d\u00e9j\u00e0 quelques temps que tu es en vacances, et tout \u00e0 coup, tu te retrouves projet\u00e9e (\u00e0 nouveau) dans le monde universitaire! Le Bal de la Rentr\u00e9e est alors l&rsquo;occasion parfaite pour faire la transition entre ton mode vacances et ton mode \u00e9tudiant.<\/p>\n<h5>Before<\/h5>\n<p style=\"text-align: justify\">Traditionnellement, une before est organis\u00e9e aux arches \u00e0 partir de 20h00 pour patienter jusqu&rsquo;\u00e0 l&rsquo;ouverture des bo\u00eetes \u00e0 23h00. Pour plus d&rsquo;informations, regarde sur la page Facebook de l&rsquo;\u00e9v\u00e9nement ou surveille bien tes mails.<\/p>\n<p><a href=\"https:\/\/wp.unil.ch\/ael\/files\/2017\/12\/21765824_2091603470857146_753298320963455702_o.jpg\"><img alt=\"\" loading=\"lazy\" decoding=\"async\" class=\"alignnone size-large wp-image-1283\" src=\"https:\/\/wp.unil.ch\/ael\/files\/2017\/12\/21765824_2091603470857146_753298320963455702_o-1024x576.jpg\" alt=\"\" width=\"1024\" height=\"576\" srcset=\"https:\/\/wp.unil.ch\/ael\/files\/2017\/12\/21765824_2091603470857146_753298320963455702_o-1024x576.jpg 1024w, https:\/\/wp.unil.ch\/ael\/files\/2017\/12\/21765824_2091603470857146_753298320963455702_o-300x169.jpg 300w, https:\/\/wp.unil.ch\/ael\/files\/2017\/12\/21765824_2091603470857146_753298320963455702_o-768x432.jpg 768w, https:\/\/wp.unil.ch\/ael\/files\/2017\/12\/21765824_2091603470857146_753298320963455702_o.jpg 1200w\" sizes=\"auto, (max-width: 1024px) 100vw, 1024px\" \/><\/a><\/p>\n<h3>Bal de No\u00ebl<\/h3>\n<p style=\"text-align: justify\"><strong>Quand?<\/strong> Le Bal de No\u00ebl se d\u00e9roule toujours <strong>le dernier jeudi du semestre d&rsquo;automne<\/strong>.<\/p>\n<p style=\"text-align: justify\">C&rsquo;est l&rsquo;occasion de finir l&rsquo;ann\u00e9e en beaut\u00e9, de laisser le stress de c\u00f4t\u00e9 et de f\u00eater No\u00ebl dignement! Profite! les r\u00e9visions n&rsquo;ont pas encore commenc\u00e9 et c&rsquo;est ta derni\u00e8re occasion de participer \u00e0 une des plus grosses soir\u00e9es estudiantines de l&rsquo;ann\u00e9e.<\/p>\n<p><a href=\"https:\/\/wp.unil.ch\/ael\/files\/2017\/12\/Cover.page_.Bal_.Noel_.2017.png\"><img alt=\"\" loading=\"lazy\" decoding=\"async\" class=\"alignnone size-large wp-image-1284\" src=\"https:\/\/wp.unil.ch\/ael\/files\/2017\/12\/Cover.page_.Bal_.Noel_.2017-1024x385.png\" alt=\"\" width=\"1024\" height=\"385\" srcset=\"https:\/\/wp.unil.ch\/ael\/files\/2017\/12\/Cover.page_.Bal_.Noel_.2017-1024x385.png 1024w, https:\/\/wp.unil.ch\/ael\/files\/2017\/12\/Cover.page_.Bal_.Noel_.2017-300x113.png 300w, https:\/\/wp.unil.ch\/ael\/files\/2017\/12\/Cover.page_.Bal_.Noel_.2017-768x289.png 768w, https:\/\/wp.unil.ch\/ael\/files\/2017\/12\/Cover.page_.Bal_.Noel_.2017.png 1920w\" sizes=\"auto, (max-width: 1024px) 100vw, 1024px\" \/><\/a><\/p>\n","protected":false},"excerpt":{"rendered":"<p>Bal de la Rentr\u00e9e et Bal de No\u00ebl Que \u00e7a soit la Rentr\u00e9e o\u00f9 tu penses encore \u00eatre en vacances ou le grand rush de la fin de&hellip;<\/p>\n","protected":false},"author":1001659,"featured_media":0,"parent":9,"menu_order":0,"comment_status":"closed","ping_status":"closed","template":"","meta":{"_seopress_robots_primary_cat":"","_seopress_titles_title":"","_seopress_titles_desc":"","_seopress_robots_index":"","footnotes":""},"class_list":["post-1275","page","type-page","status-publish","has-post-thumbnail"],"_links":{"self":[{"href":"https:\/\/wp.unil.ch\/ael\/wp-json\/wp\/v2\/pages\/1275","targetHints":{"allow":["GET"]}}],"collection":[{"href":"https:\/\/wp.unil.ch\/ael\/wp-json\/wp\/v2\/pages"}],"about":[{"href":"https:\/\/wp.unil.ch\/ael\/wp-json\/wp\/v2\/types\/page"}],"author":[{"embeddable":true,"href":"https:\/\/wp.unil.ch\/ael\/wp-json\/wp\/v2\/users\/1001659"}],"replies":[{"embeddable":true,"href":"https:\/\/wp.unil.ch\/ael\/wp-json\/wp\/v2\/comments?post=1275"}],"version-history":[{"count":0,"href":"https:\/\/wp.unil.ch\/ael\/wp-json\/wp\/v2\/pages\/1275\/revisions"}],"up":[{"embeddable":true,"href":"https:\/\/wp.unil.ch\/ael\/wp-json\/wp\/v2\/pages\/9"}],"wp:attachment":[{"href":"https:\/\/wp.unil.ch\/ael\/wp-json\/wp\/v2\/media?parent=1275"}],"curies":[{"name":"wp","href":"https:\/\/api.w.org\/{rel}","templated":true}]}}