{"id":117,"date":"2013-02-27T14:35:39","date_gmt":"2013-02-27T13:35:39","guid":{"rendered":"http:\/\/wp.unil.ch\/ael\/?page_id=117"},"modified":"2025-11-12T19:09:13","modified_gmt":"2025-11-12T18:09:13","slug":"117-2","status":"publish","type":"page","link":"https:\/\/wp.unil.ch\/ael\/service-aux-etudiant-e-s\/117-2\/","title":{"rendered":"Inscription aux enseignements"},"content":{"rendered":"\n<h3 class=\"wp-block-heading\">Inscription aux enseignements en Lettres<\/h3>\n\n\n\n<p>Il est imp\u00e9ratif que tu t\u2019inscrives \u00e0 tous les enseignements\/s\u00e9minaires\/TP\/exercices que tu suis, et ce sans exception!<\/p>\n\n\n\n<p>Pour ce faire, rends-toi sur <a href=\"https:\/\/www.unil.ch\/lettres\/fr\/home\/menuguid\/etudiantes\/enseignements-evaluations.html\" target=\"_blank\" rel=\"noreferrer noopener\">cette page<\/a>.<\/p>\n\n\n\n<p><strong>ATTENTION&nbsp;:<\/strong><\/p>\n\n\n\n<ul class=\"wp-block-list\">\n<li>\u00abL\u2019heure c\u2019est l\u2019heure, quand c\u2019est plus l\u2019heure, c\u2019est plus l\u2019heure!\u00bb Inscris-toi dans les temps, car une fois le d\u00e9lai d\u2019inscriptions d\u00e9pass\u00e9, des taxes de retard seront per\u00e7ues.<\/li>\n\n\n\n<li>Tu as la possibilit\u00e9 de modifier tes inscriptions tout au long de la p\u00e9riode d\u2019ouverture des inscriptions aux enseignements.<\/li>\n\n\n\n<li>Tu as la possibilit\u00e9, dans MyUnil, de t\u2019abonner aux enseignements que tu suis. Cela ne signifie pas que tu t\u2019inscris officiellement aux enseignements, seule l\u2019inscription via le lien ci-dessus est officielle. Les abonnements MyUnil permettent uniquement d\u2019acc\u00e9der \u00e0 un horaire online et t\u00e9l\u00e9chargeable, et d\u2019acc\u00e9der \u00e0 certains support de cours quand les profs les mettent sur MyUnil.<\/li>\n\n\n\n<li>Si tu as un quelconque doute sur une inscription, file au secr\u00e9tariat des \u00e9tudiant\u00b7e\u00b7x\u00b7s (au D\u00e9canat des Lettres)!<\/li>\n<\/ul>\n","protected":false},"excerpt":{"rendered":"<p>Inscription aux enseignements en Lettres Il est imp\u00e9ratif que tu t\u2019inscrives \u00e0 tous les enseignements\/s\u00e9minaires\/TP\/exercices que tu suis, et ce sans exception! Pour ce faire, rends-toi sur cette&hellip;<\/p>\n","protected":false},"author":108,"featured_media":0,"parent":70,"menu_order":1,"comment_status":"closed","ping_status":"closed","template":"","meta":{"_seopress_robots_primary_cat":"","_seopress_titles_title":"","_seopress_titles_desc":"","_seopress_robots_index":"","footnotes":""},"class_list":["post-117","page","type-page","status-publish","has-post-thumbnail"],"_links":{"self":[{"href":"https:\/\/wp.unil.ch\/ael\/wp-json\/wp\/v2\/pages\/117","targetHints":{"allow":["GET"]}}],"collection":[{"href":"https:\/\/wp.unil.ch\/ael\/wp-json\/wp\/v2\/pages"}],"about":[{"href":"https:\/\/wp.unil.ch\/ael\/wp-json\/wp\/v2\/types\/page"}],"author":[{"embeddable":true,"href":"https:\/\/wp.unil.ch\/ael\/wp-json\/wp\/v2\/users\/108"}],"replies":[{"embeddable":true,"href":"https:\/\/wp.unil.ch\/ael\/wp-json\/wp\/v2\/comments?post=117"}],"version-history":[{"count":1,"href":"https:\/\/wp.unil.ch\/ael\/wp-json\/wp\/v2\/pages\/117\/revisions"}],"predecessor-version":[{"id":2235,"href":"https:\/\/wp.unil.ch\/ael\/wp-json\/wp\/v2\/pages\/117\/revisions\/2235"}],"up":[{"embeddable":true,"href":"https:\/\/wp.unil.ch\/ael\/wp-json\/wp\/v2\/pages\/70"}],"wp:attachment":[{"href":"https:\/\/wp.unil.ch\/ael\/wp-json\/wp\/v2\/media?parent=117"}],"curies":[{"name":"wp","href":"https:\/\/api.w.org\/{rel}","templated":true}]}}