{"id":1056,"date":"2017-10-27T14:21:24","date_gmt":"2017-10-27T12:21:24","guid":{"rendered":"http:\/\/wp.unil.ch\/ael\/?page_id=1056"},"modified":"2025-11-12T18:57:06","modified_gmt":"2025-11-12T17:57:06","slug":"assemblees-generales","status":"publish","type":"page","link":"https:\/\/wp.unil.ch\/ael\/activites\/assemblees-generales\/","title":{"rendered":"Assembl\u00e9es G\u00e9n\u00e9rales"},"content":{"rendered":"\n<h2 class=\"wp-block-heading\">Qu&rsquo;est-ce que c&rsquo;est?<\/h2>\n\n\n\n<p>Contrairement au Bureau qui est \u00e9lu par l&rsquo;Assembl\u00e9e G\u00e9n\u00e9rale pour g\u00e9rer le fonctionnement interne de l&rsquo;association (politique, \u00e9v\u00e9nementiel, etc.), l&rsquo;AG est le lieu o\u00f9 toustes les \u00e9tudiant\u00b7e\u00b7x\u00b7s de la Facult\u00e9 des Lettres peuvent s&rsquo;exprimer, donner leur avis et voter sur les modalit\u00e9s du fonctionnement de l&rsquo;association. <\/p>\n\n\n\n<h3 class=\"wp-block-heading\">Quand?<\/h3>\n\n\n\n<p>L&rsquo;Assembl\u00e9e G\u00e9n\u00e9rale est convoqu\u00e9e une fois par semestre. Une session extraordinaire peut \u00eatre demand\u00e9e par p\u00e9tition, ou sur convocation du Bureau (cf. <a href=\"https:\/\/wp.unil.ch\/ael\/presentation-de-lael\/\">Statuts<\/a> en bas de page).<\/p>\n\n\n\n<h3 class=\"wp-block-heading\">Prochaine AG:<\/h3>\n\n\n\n<p>Le 12 novembre 2025 \u00e0 18h00 en salle ANT 3174.<\/p>\n\n\n\n<h2 class=\"wp-block-heading\">Proc\u00e8s verbaux<\/h2>\n\n\n\n<p>Tu trouveras ici le proc\u00e8s verbal de la derni\u00e8re AG:<\/p>\n\n\n\n<p class=\"has-small-font-size\"><strong>2025<\/strong><\/p>\n\n\n\n<div data-wp-interactive=\"core\/file\" class=\"wp-block-file\"><object data-wp-bind--hidden=\"!state.hasPdfPreview\" hidden class=\"wp-block-file__embed\" data=\"https:\/\/wp.unil.ch\/ael\/files\/2025\/11\/ag-ael-extraordinaire-2025-18.07.pdf\" type=\"application\/pdf\" style=\"width:100%;height:600px\" aria-label=\"Contenu embarqu\u00e9 AG AEL EXTRAORDINAIRE 2025 18.07.\"><\/object><a id=\"wp-block-file--media-4e07518b-3633-40f3-80ea-c58089bc13c1\" href=\"https:\/\/wp.unil.ch\/ael\/files\/2025\/11\/ag-ael-extraordinaire-2025-18.07.pdf\">AG AEL EXTRAORDINAIRE 2025 18.07<\/a><a href=\"https:\/\/wp.unil.ch\/ael\/files\/2025\/11\/ag-ael-extraordinaire-2025-18.07.pdf\" class=\"wp-block-file__button wp-element-button\" download aria-describedby=\"wp-block-file--media-4e07518b-3633-40f3-80ea-c58089bc13c1\">T\u00e9l\u00e9charger<\/a><\/div>\n\n\n\n<h5 class=\"wp-block-heading\"><\/h5>\n","protected":false},"excerpt":{"rendered":"<p>Qu&rsquo;est-ce que c&rsquo;est? Contrairement au Bureau qui est \u00e9lu par l&rsquo;Assembl\u00e9e G\u00e9n\u00e9rale pour g\u00e9rer le fonctionnement interne de l&rsquo;association (politique, \u00e9v\u00e9nementiel, etc.), l&rsquo;AG est le lieu o\u00f9 toustes&hellip;<\/p>\n","protected":false},"author":1001659,"featured_media":0,"parent":9,"menu_order":0,"comment_status":"closed","ping_status":"closed","template":"","meta":{"_seopress_robots_primary_cat":"","_seopress_titles_title":"","_seopress_titles_desc":"","_seopress_robots_index":"","footnotes":""},"class_list":["post-1056","page","type-page","status-publish","has-post-thumbnail"],"_links":{"self":[{"href":"https:\/\/wp.unil.ch\/ael\/wp-json\/wp\/v2\/pages\/1056","targetHints":{"allow":["GET"]}}],"collection":[{"href":"https:\/\/wp.unil.ch\/ael\/wp-json\/wp\/v2\/pages"}],"about":[{"href":"https:\/\/wp.unil.ch\/ael\/wp-json\/wp\/v2\/types\/page"}],"author":[{"embeddable":true,"href":"https:\/\/wp.unil.ch\/ael\/wp-json\/wp\/v2\/users\/1001659"}],"replies":[{"embeddable":true,"href":"https:\/\/wp.unil.ch\/ael\/wp-json\/wp\/v2\/comments?post=1056"}],"version-history":[{"count":5,"href":"https:\/\/wp.unil.ch\/ael\/wp-json\/wp\/v2\/pages\/1056\/revisions"}],"predecessor-version":[{"id":2232,"href":"https:\/\/wp.unil.ch\/ael\/wp-json\/wp\/v2\/pages\/1056\/revisions\/2232"}],"up":[{"embeddable":true,"href":"https:\/\/wp.unil.ch\/ael\/wp-json\/wp\/v2\/pages\/9"}],"wp:attachment":[{"href":"https:\/\/wp.unil.ch\/ael\/wp-json\/wp\/v2\/media?parent=1056"}],"curies":[{"name":"wp","href":"https:\/\/api.w.org\/{rel}","templated":true}]}}