{"id":1046,"date":"2017-10-24T22:56:18","date_gmt":"2017-10-24T20:56:18","guid":{"rendered":"http:\/\/wp.unil.ch\/ael\/?page_id=1046"},"modified":"2024-04-19T10:01:47","modified_gmt":"2024-04-19T08:01:47","slug":"evenements","status":"publish","type":"page","link":"https:\/\/wp.unil.ch\/ael\/activites\/evenements\/","title":{"rendered":"\u00c9v\u00e9nements"},"content":{"rendered":"\n<h3 class=\"wp-block-heading\" id=\"bourses-aux-livres\">Bourses aux livres<\/h3>\n\n\n\n<p>Tu viens \u00e0 peine de finir les livres du semestre pass\u00e9 et tu dois d\u00e9j\u00e0 acheter ceux du semestre suivant ? Tu essaies encore de comprendre comment tu as pu d\u00e9penser tant d\u2019argent pour des livres que tu n\u2019as pas eu le temps de lire ? Tes livres des semestres pass\u00e9s prennent la poussi\u00e8re sur une \u00e9tag\u00e8re ? L\u2019AEL t\u2019offre la possibilit\u00e9 de vendre les livres de cours dont tu n\u2019as plus besoin et d\u2019en acheter d\u2019autres \u00e0 des prix s\u00e9duisants. Si tu es int\u00e9ress\u00e9\u00b7e\u00b7x, lis attentivement ce qui suit !<\/p>\n\n\n<div class=\"su-accordion su-u-trim\">\n<div class=\"su-spoiler su-spoiler-style-default su-spoiler-icon-plus su-spoiler-closed\" data-scroll-offset=\"0\" data-anchor-in-url=\"no\"><div class=\"su-spoiler-title\" tabindex=\"0\" role=\"button\"><span class=\"su-spoiler-icon\"><\/span>En savoir plus<\/div><div class=\"su-spoiler-content su-u-clearfix su-u-trim\">\n<p><strong>O\u00f9 et quand ?<\/strong><\/p>\n<p style=\"text-align: justify\">La bourse aux livres se d\u00e9roule au d\u00e9but de chaque semestre. Les livres doivent \u00eatre apport\u00e9s <strong>la semaine d&rsquo;avant<\/strong> selon les instructions donn\u00e9es. Au d\u00e9but de chaque semestre, tu recevras un courriel qui t&rsquo;informera des dates.<\/p>\n<p style=\"text-align: justify\"><strong>Attention, les informations suivantes sont d&rsquo;ordre g\u00e9n\u00e9ral, plus d&rsquo;informations seront disponibles lors de la p\u00e9riode des bourses aux livres.<br \/>\n<\/strong><\/p>\n<p style=\"text-align: justify\">\u2022 Pour apporter les livres que tu souhaites vendre : une semaine avant le d\u00e9but de vente \u00e0 notre bureau 1196. Avant chaque bourse aux livres, tu recevras un mail avec toutes les informations n\u00e9cessaires ou tu peux trouver ces informations sur notre site internet ou Facebook.<\/p>\n<p style=\"text-align: justify\">\u2022 Pour acheter des livres : de 12h \u00e0 13h devant l\u2019auditoire 1129 \u00e0 l\u2019Anthropole. La bourse est au d\u00e9but de chaque semestre.<\/p>\n<p><strong>Comment ?<\/strong><\/p>\n<p style=\"text-align: justify\">Pour vendre tes livres, il te faudra tout d\u2019abord remplir<b><i>&nbsp;<\/i><\/b>un formulaire en ligne. Tu recevras le lien par mail ou sur l&rsquo;article de la bourse aux livres du semestre post\u00e9e lors de l&rsquo;\u00e9v\u00e9nement.<\/p>\n<p style=\"text-align: justify\">Une fois cela fait, il te suffit d\u2019amener tes livres \u00e0 notre bureau avec une \u00e9tiquette (type post-it) o\u00f9 tu auras inscrit ton nom, ton pr\u00e9nom, le prix auquel tu comptes les vendre et un num\u00e9ro. Il faut imp\u00e9rativement avoir rempli le formulaire AVANT de venir d\u00e9poser ses livres.<\/p>\n<p style=\"text-align: justify\">Attention : en cas de conflit entre le prix indiqu\u00e9 sur le livre et celui indiqu\u00e9 sur le formulaire en ligne, c&rsquo;est le prix inscrit sur le post-it (livre) qui compte.<\/p>\n<p style=\"text-align: justify\">Nous pr\u00e9l\u00e8verons 10% de la somme gagn\u00e9e lors de la Bourse aux livres. Cela veut dire que si tu as vendu pour 20.00 CHF de livres, tu recevras en retour 18.00 CHF.<\/p>\n<p><strong>Apr\u00e8s ?<\/strong><\/p>\n<p style=\"text-align: justify\">L\u2019AEL contactera les propri\u00e9taires des livres dans les trois semaines qui suivent la vente. Si tu n\u2019as rien re\u00e7u, n\u2019h\u00e9site pas \u00e0 nous \u00e9crire. Tu as souvent jusqu&rsquo;\u00e0 1 mois pour r\u00e9cup\u00e9rer la somme gagn\u00e9e et\/ou tes livres invendus (la date sera communiqu\u00e9e ult\u00e9rieurement). Pass\u00e9 ce d\u00e9lai, et sauf motif valable, cette somme et\/ou les livres invendus reviendront int\u00e9gralement \u00e0 l\u2019AEL.<\/p>\n<p>Exemple:<\/p>\n<p><a href=\"https:\/\/wp.unil.ch\/ael\/files\/2020\/08\/Exemple-BAL-.jpeg\"><img alt=\"\" loading=\"lazy\" decoding=\"async\" class=\"alignnone wp-image-1714\" src=\"https:\/\/wp.unil.ch\/ael\/files\/2020\/08\/Exemple-BAL--225x300.jpeg\" alt=\"\" width=\"297\" height=\"396\" srcset=\"https:\/\/wp.unil.ch\/ael\/files\/2020\/08\/Exemple-BAL--225x300.jpeg 225w, https:\/\/wp.unil.ch\/ael\/files\/2020\/08\/Exemple-BAL--768x1024.jpeg 768w, https:\/\/wp.unil.ch\/ael\/files\/2020\/08\/Exemple-BAL-.jpeg 900w\" sizes=\"auto, (max-width: 297px) 100vw, 297px\" \/><\/a><\/p>\n<\/div><\/div>\n<\/div>\n\n\n\n<h2 class=\"wp-block-heading\" id=\"bal-de-la-rentree-et-bal-de-noel\">Bal de la Rentr\u00e9e et Bal de No\u00ebl<\/h2>\n\n\n\n<p>Que \u00e7a soit la Rentr\u00e9e o\u00f9 tu penses encore \u00eatre en vacances ou le grand rush de la fin de semestre, les Bals sont LES \u00e9v\u00e9nements INCONTOURNABLES de l\u2019Universit\u00e9. C\u2019est l\u2019occasion de rencontrer des gens de toutes les Facult\u00e9s, de l\u2019EPFL et de passer un moment inoubliable. Chaque ann\u00e9e, les Bals te donnent acc\u00e8s \u00e0 un large panel de bo\u00eetes, comme le D!, le Liquors, le White Club, l\u2019abc, etc.<\/p>\n\n\n<div class=\"su-accordion su-u-trim\">\n<div class=\"su-spoiler su-spoiler-style-default su-spoiler-icon-plus su-spoiler-closed\" data-scroll-offset=\"0\" data-anchor-in-url=\"no\"><div class=\"su-spoiler-title\" tabindex=\"0\" role=\"button\"><span class=\"su-spoiler-icon\"><\/span>En savoir plus<\/div><div class=\"su-spoiler-content su-u-clearfix su-u-trim\">\n<h3>La Pr\u00e9location<\/h3>\n<p style=\"text-align: justify\">Elle co\u00fbte <strong>10.00 CHF&nbsp;<\/strong>que tu peux acheter aupr\u00e8s de l\u2019AEL, qui organise avant chaque \u00e9v\u00e9nement, un stand de vente. Si tu n\u2019as pas ton s\u00e9same pour le Bal, pas de panique! Tu pourras encore acheter un billet pour <strong>15.00<\/strong> \u00e0 l\u2019entr\u00e9e d\u2019une bo\u00eete partenaire de la soir\u00e9e.<\/p>\n<p style=\"text-align: justify\">Cette pr\u00e9location te donne acc\u00e8s \u00e0 toutes les bo\u00eetes qui participent \u00e0 l\u2019\u00e9v\u00e9nement, que tu retrouves sur les affiches du Bal ou sur la page Instagram.<\/p>\n<h3>Bal de la Rentr\u00e9e<\/h3>\n<p><strong>Quand?<\/strong> Le Bal de la Rentr\u00e9e se d\u00e9roule toujours <strong>le 2\u00e8me jeudi de la Rentr\u00e9e <\/strong>(deuxi\u00e8me semaine du semestre d\u2019Automne).<\/p>\n<p style=\"text-align: justify\">Voil\u00e0 d\u00e9j\u00e0 quelques temps que tu es en vacances, et tout \u00e0 coup, tu te retrouves projet\u00e9\u00b7e\u00b7x (\u00e0 nouveau) dans le monde universitaire! Le Bal de la Rentr\u00e9e est alors l\u2019occasion parfaite pour faire la transition entre ton mode vacances et ton mode \u00e9tudiant.<\/p>\n<h3>Bal de No\u00ebl<\/h3>\n<p style=\"text-align: justify\"><strong>Quand?<\/strong> Le Bal de No\u00ebl se d\u00e9roule toujours <strong>le dernier jeudi du semestre d\u2019automne<\/strong>.<\/p>\n<p style=\"text-align: justify\">C\u2019est l\u2019occasion de finir l\u2019ann\u00e9e en beaut\u00e9, de laisser le stress de c\u00f4t\u00e9 et de f\u00eater No\u00ebl dignement! Profite! Les r\u00e9visions n\u2019ont pas encore commenc\u00e9 et c\u2019est ta derni\u00e8re occasion de participer \u00e0 une des plus grosses soir\u00e9es estudiantines de l\u2019ann\u00e9e.<\/p>\n<\/div><\/div>\n<\/div>\n\n\n\n<h2 class=\"wp-block-heading\" id=\"moments-culture-et-cinema\"><\/h2>\n\n\n\n<h2 class=\"wp-block-heading\" id=\"la-traditionnelle-morce-de-noel-qu-est-ce-que-c-est\">La traditionnelle Morce de No\u00ebl, qu\u2019est-ce que c\u2019est?<\/h2>\n\n\n\n<p>La fin de semestre est toujours charg\u00e9e: validations, \u00e9crits \u00e0 rendre, r\u00e9visions, etc. et c\u2019est pourquoi l\u2019AEL te propose chaque ann\u00e9e <strong>sa traditionnelle Morce de No\u00ebl!<\/strong> Quoi de mieux que de faire une petite pause, en mettant de c\u00f4t\u00e9 tout ton stress, que de se r\u00e9unir autour d\u2019un bon vin chaud et de passer un moment convivial.<\/p>\n\n\n<div class=\"su-accordion su-u-trim\">\n<div class=\"su-spoiler su-spoiler-style-default su-spoiler-icon-plus su-spoiler-closed\" data-scroll-offset=\"0\" data-anchor-in-url=\"no\"><div class=\"su-spoiler-title\" tabindex=\"0\" role=\"button\"><span class=\"su-spoiler-icon\"><\/span>En savoir plus<\/div><div class=\"su-spoiler-content su-u-clearfix su-u-trim\">\n<p style=\"text-align: justify\">L\u2019AEL te donne donc rendez-vous <strong>chaque ann\u00e9e \u00e0 son bureau 1196 le dernier jeudi du semestre d\u2019automne de 12h00 \u00e0 13h00. <\/strong>Les informations te seront communiqu\u00e9es par mail et sur nos r\u00e9seaux sociaux peu avant l\u2019\u00e9v\u00e9nement.<\/p>\n<h4>Au programme:<\/h4>\n<ul>\n<li>vin chaud<\/li>\n<li>biscuits<\/li>\n<li>mandarines<\/li>\n<li>bonne humeur et esprit de No\u00ebl garantis!<\/li>\n<\/ul>\n<\/div><\/div>\n<\/div>\n","protected":false},"excerpt":{"rendered":"<p>Bourses aux livres Tu viens \u00e0 peine de finir les livres du semestre pass\u00e9 et tu dois d\u00e9j\u00e0 acheter ceux du semestre suivant ? Tu essaies encore de&hellip;<\/p>\n","protected":false},"author":1001659,"featured_media":2004,"parent":9,"menu_order":0,"comment_status":"closed","ping_status":"closed","template":"","meta":{"_seopress_robots_primary_cat":"","_seopress_titles_title":"","_seopress_titles_desc":"","_seopress_robots_index":"","footnotes":""},"class_list":["post-1046","page","type-page","status-publish","has-post-thumbnail"],"_links":{"self":[{"href":"https:\/\/wp.unil.ch\/ael\/wp-json\/wp\/v2\/pages\/1046","targetHints":{"allow":["GET"]}}],"collection":[{"href":"https:\/\/wp.unil.ch\/ael\/wp-json\/wp\/v2\/pages"}],"about":[{"href":"https:\/\/wp.unil.ch\/ael\/wp-json\/wp\/v2\/types\/page"}],"author":[{"embeddable":true,"href":"https:\/\/wp.unil.ch\/ael\/wp-json\/wp\/v2\/users\/1001659"}],"replies":[{"embeddable":true,"href":"https:\/\/wp.unil.ch\/ael\/wp-json\/wp\/v2\/comments?post=1046"}],"version-history":[{"count":5,"href":"https:\/\/wp.unil.ch\/ael\/wp-json\/wp\/v2\/pages\/1046\/revisions"}],"predecessor-version":[{"id":2115,"href":"https:\/\/wp.unil.ch\/ael\/wp-json\/wp\/v2\/pages\/1046\/revisions\/2115"}],"up":[{"embeddable":true,"href":"https:\/\/wp.unil.ch\/ael\/wp-json\/wp\/v2\/pages\/9"}],"wp:featuredmedia":[{"embeddable":true,"href":"https:\/\/wp.unil.ch\/ael\/wp-json\/wp\/v2\/media\/2004"}],"wp:attachment":[{"href":"https:\/\/wp.unil.ch\/ael\/wp-json\/wp\/v2\/media?parent=1046"}],"curies":[{"name":"wp","href":"https:\/\/api.w.org\/{rel}","templated":true}]}}