{"id":101,"date":"2013-02-25T11:38:05","date_gmt":"2013-02-25T10:38:05","guid":{"rendered":"http:\/\/wp.unil.ch\/ael\/?page_id=101"},"modified":"2025-09-07T14:21:40","modified_gmt":"2025-09-07T12:21:40","slug":"faire-ton-horaire","status":"publish","type":"page","link":"https:\/\/wp.unil.ch\/ael\/service-aux-etudiant-e-s\/nouveauxelles-etudiant-e-s\/faire-ton-horaire\/","title":{"rendered":"Faire ton horaire"},"content":{"rendered":"\n<h1 class=\"wp-block-heading\">Permanence horaire<\/h1>\n\n\n\n<p>Tu es perdu\u00b7e\u00b7x dans les m\u00e9andres des plans d&rsquo;\u00e9tudes et des horaires de cours? Pas de panique, l&rsquo;AEL organise au d\u00e9but de chaque semestre une permanence horaire pour t&rsquo;aider!<\/p>\n\n\n\n<h4 class=\"wp-block-heading\">Quand et o\u00f9?<\/h4>\n\n\n\n<p>Tous les midis, de 12h00 \u00e0 13h00 <strong>la premi\u00e8re ou les deux premi\u00e8res semaines\u00a0<\/strong>du semestre au bureau 1196 de l&rsquo;Anthropole. Tu recevras un mail avec toutes les informations n\u00e9cessaire.<\/p>\n\n\n\n<h2 class=\"wp-block-heading\">Faire son horaire &#8211; Principe de base<\/h2>\n\n\n\n<p>Ne fais pas ton horaire final avant d\u2019avoir suivi les s\u00e9ances de pr\u00e9sentation de tes disciplines. En effet, tu recevras \u00e0 cette occasion de nombreuses indications \u00e0 propos des cours et enseignements. N\u00e9anmoins, certaines sections proc\u00e8dent d\u00e9j\u00e0 \u00e0 des inscriptions lors de ces s\u00e9ances d\u2019information, nous te conseillons donc de te pr\u00e9parer une premi\u00e8re \u00e9bauche d\u2019horaire avant de te rendre aux s\u00e9ances : comme \u00e7a tu seras pr\u00eat\u00b7e\u00b7x \u00e0 tout !<\/p>\n\n\n\n<h3 class=\"wp-block-heading\">Pr\u00e9paration<\/h3>\n\n\n\n<p>Commence par te pr\u00e9parer un tableau comme celui-ci afin de te fabriquer un horaire clair et compr\u00e9hensible. Tu peux directement t\u00e9l\u00e9charger ce mod\u00e8le en <a href=\"https:\/\/wp.unil.ch\/ael\/files\/2020\/08\/Horaire-template.xlsx\">format excel<\/a> (modifiable) ou en <a href=\"https:\/\/wp.unil.ch\/ael\/files\/2020\/08\/Horaire-template.pdf\">format PDF <\/a>(pr\u00eat \u00e0 l\u2019impression).<\/p>\n\n\n\n<p><strong>Rappel :<\/strong> voici le sch\u00e9ma de la structure de tes \u00e9tudes. Comme tu le vois, tu dois faire en premi\u00e8re ann\u00e9e 60 cr\u00e9dits, c\u2019est \u00e0 dire 20 par branche. Il ne te sert \u00e0 rien d\u2019en faire plus (\u00e0 moins que \u00e7a te fasse plaisir). En effet, tu ne peux pas d\u00e9j\u00e0 faire des cr\u00e9dits de deuxi\u00e8me ann\u00e9e avant d\u2019avoir compl\u00e8tement fini ta premi\u00e8re ann\u00e9e. Tu devrais donc faire environ 30 cr\u00e9dits par semestre.<\/p>\n\n\n<div class=\"wp-block-image\">\n<figure class=\"alignright\"><a href=\"https:\/\/wp.unil.ch\/ael\/files\/2013\/02\/BA2013_image.png\"><img loading=\"lazy\" decoding=\"async\" width=\"580\" height=\"435\" src=\"https:\/\/wp.unil.ch\/ael\/files\/2013\/02\/BA2013_image.png\" alt=\"BA2013_image\" class=\"wp-image-271\" srcset=\"https:\/\/wp.unil.ch\/ael\/files\/2013\/02\/BA2013_image.png 580w, https:\/\/wp.unil.ch\/ael\/files\/2013\/02\/BA2013_image-300x225.png 300w\" sizes=\"auto, (max-width: 580px) 100vw, 580px\" \/><\/a><\/figure>\n<\/div>\n\n\n<p><\/p>\n\n\n\n<p>Sur la page d\u2019accueil de la <a href=\"https:\/\/www.unil.ch\/lettres\/fr\/home\/menuguid\/etudiantes.html\" target=\"_blank\" rel=\"noreferrer noopener\">facult\u00e9<\/a>, tu trouveras des raccourcis pour toutes les choses importantes dont tu auras besoin au cours de tes \u00e9tudes. Pour le moment, ce qui t\u2019int\u00e9resse particuli\u00e8rement c\u2019est:<\/p>\n\n\n\n<ul class=\"wp-block-list\">\n<li>Les dates \u00e0 retenir, vu qu\u2019il faut les retenir. Il serait dommage de ne pas t\u2019inscrire aux enseignements dans les temps.<\/li>\n\n\n\n<li>Les plans d\u2019\u00e9tudes BA : t\u00e9l\u00e9charge les plans d\u2019\u00e9tudes de tes deux branches principales et garde-les pr\u00e9cieusement, ils te seront toujours utiles.<\/li>\n\n\n\n<li>Les horaires des cours : pour faire son horaire, \u00e7a peut \u00eatre sympa.<\/li>\n<\/ul>\n\n\n\n<p>Remarque : Ce tutoriel prend comme exemple un\u00b7e\u00b7x \u00e9tudiant\u00b7e\u00b7x ayant choisi comme branches principales fran\u00e7ais, anglais et une 3e branche al\u00e9atoire.<\/p>\n\n\n\n<h3 class=\"wp-block-heading\">Plan d\u2019\u00e9tudes<\/h3>\n\n\n\n<p>Ton plan d\u2019\u00e9tudes, c\u2019est la bible de tes \u00e9tudes. Tu dois absolument te baser sur lui afin de pr\u00e9parer ton horaire. Voici quelques indications pour lire ton plan d\u2019\u00e9tudes.<\/p>\n\n\n\n<p>Pour ta premi\u00e8re ann\u00e9e, tu dois faire tout ce qui se trouve sous le chapitre \u00ab Prop\u00e9deutique \u00bb de ton plan d\u2019\u00e9tudes. Sans cela, tu ne pourras pas passer en deuxi\u00e8me ann\u00e9e.<br>La structure de la premi\u00e8re ann\u00e9e peut \u00eatre selon deux mod\u00e8les. Le plus simple et le plus fr\u00e9quent : tous les modules sont obligatoires et il faut donc tous les faire. Mais il arrive que certains modules soient optionnels, il faudra donc en choisir un sur les deux modules en option (tu dois toujours arriver \u00e0 un total de 20 cr\u00e9dits par branche \u00e0 la fin de l\u2019ann\u00e9e).<\/p>\n\n\n\n<ul class=\"wp-block-list\">\n<li><strong>Num\u00e9ro de module :<\/strong> se retrouve dans la liste des enseignements. Cela te permet de contr\u00f4ler que tu es bien en train de t\u2019inscrire\/ de choisir un enseignement qui appartient vraiment au module que tu veux faire.<\/li>\n\n\n\n<li><strong>Nombre de cr\u00e9dits<\/strong> : en prop\u00e9deutique, cela ne t\u2019importe pas beaucoup. Tu dois juste faire tous les modules obligatoires de la liste.<\/li>\n\n\n\n<li><strong>Aucune \u00e9preuve &#8211; validation interne<\/strong> : cela veut dire que le module n\u2019est pas valid\u00e9 par un examen mais par une validation interne. Cette validation peut avoir plusieurs formes : pr\u00e9sentation orale, travail \u00e9crit \u00e0 rendre, test de fin d\u2019ann\u00e9e, etc.<\/li>\n\n\n\n<li><strong>Examens:<\/strong> il peut s&rsquo;agir d&rsquo;un oral ou d&rsquo;un \u00e9crit d&rsquo;une dur\u00e9e d\u00e9termin\u00e9e variable qui se passe pendant les p\u00e9riodes d&rsquo;examens en \u00e9t\u00e9 et\/ou hiver.<\/li>\n\n\n\n<li><strong>Cours<\/strong> : les cours, qu\u2019ils soient annuels ou semestriels, sont presque toujours obligatoires. Ce sera donc les premi\u00e8res choses que tu devras placer dans ton horaire.<\/li>\n\n\n\n<li><strong>Travaux pratiques<\/strong> : Les TP sont des enseignements o\u00f9 tu dois faire des choses toi-m\u00eame. Cela consiste souvent en des \u00ab devoirs \u00bb, \u00e0 faire toutes les semaines ou assez r\u00e9guli\u00e8rement, qui te permettent d\u2019acqu\u00e9rir une certaine pratique dans une mati\u00e8re. Les TP ont en g\u00e9n\u00e9ral lieu plusieurs fois dans la semaine, tu peux donc choisir la tranche horaire qui te convient le mieux. Attention, ce n&rsquo;est pas le cas pour toutes les sections, renseignes-toi aupr\u00e8s de la section et\/ou aupr\u00e8s de tes professeur\u00b7e\u00b7x\u00b7s.<\/li>\n\n\n\n<li><strong>S\u00e9minaires<\/strong> : C\u2019est le type d\u2019enseignement que tu auras le plus souvent. Les s\u00e9minaires se font en petits groupes. D\u2019habitude, les \u00e9tudiantes font des pr\u00e9sentations orales les unes apr\u00e8s les autres et\/o\u00f9 r\u00e9digent un travail \u00e9crit d\u2019une certaine ampleur. Les s\u00e9minaires ont aussi souvent lieu plusieurs fois dans la semaine, et ont de plus souvent des sujets diff\u00e9rents. A toi de les choisir selon tes int\u00e9r\u00eats et tes disponibilit\u00e9s.<\/li>\n<\/ul>\n\n\n\n<p>Pour pr\u00e9parer ton horaire, il te suffit donc d\u2019imprimer ton plan d\u2019\u00e9tudes et de remplir toutes les cases avec un enseignement correspondant (bien s\u00fbr, si certaines cases sont \u00e0 choix, alors tu ne devras en remplir qu\u2019une sur les choix qui te sont offerts). Certains enseignements seront le premier semestre et d\u2019autres le deuxi\u00e8me, \u00e0 toi de regarder dans les horaires lequel est pr\u00e9vu quand. Normalement, c\u2019est aussi quelque chose qu\u2019on devrait te dire \u00e0 la s\u00e9ance d\u2019informations.<\/p>\n\n\n\n<h3 class=\"wp-block-heading\">Outils pour faire ton horaire<\/h3>\n\n\n\n<p>Va sur la page des <a href=\"https:\/\/applicationspub.unil.ch\/interpub\/noauth\/php\/Ud\/index.php?v_langue=fr&amp;v_isinterne=&amp;v_ueid=174\" target=\"_blank\" rel=\"noreferrer noopener\">horaires<\/a>, s\u00e9lectionne la Facult\u00e9 des Lettres puis ta premi\u00e8re branche. L\u00e0, appuie sur le petit plus pour ajouter cette branche \u00e0 tes branches. Fais la m\u00eame chose pour ta deuxi\u00e8me et ta troisi\u00e8me branche. Si tu dois faire ton rattrapage en latin, ajoute-le aussi. Pour ce faire, vas sous l\u2019option latin et choisis ajoute \u00e0 ta s\u00e9lection le \u00ab compl\u00e9ment de formation en langues classiques, latin \u00bb, partie une ou deux selon ce que tu dois faire (tu trouveras des explications sur ce rattrapage dans notre brochure de la rentr\u00e9e).<\/p>\n\n\n\n<p>D\u00e8s que tu as s\u00e9lectionn\u00e9 tes deux branches, plusieurs possibilit\u00e9s de consultation des horaires s\u2019offrent \u00e0 toi (le num\u00e9ros correspondent \u00e0 ceux de l&rsquo;image ci-dessus).<\/p>\n\n\n\n<p><strong>1. Structure de l\u2019\u00e9tape<\/strong>. Cette option te permet de visualiser les enseignements class\u00e9s selon le plan d\u2019\u00e9tudes. Tu vois donc chacun des modules de ton plan d\u2019\u00e9tudes appara\u00eetre, avec chaque sous-module et les enseignements qui lui sont associ\u00e9s.<\/p>\n\n\n\n<p>Ici, par exemple dans le module \u00ab Introduction to Literary Analysis + English Literature Survey \u00bb de la section d\u2019Anglais, tu peux choisir l\u2019un des six enseignements propos\u00e9s dans le sous-module \u00ab Introduction to Literary Analysis \u00bb. En cliquant sur les enseignements, tu trouveras un descriptif qui devrait t\u2019aider \u00e0 choisir et te montrer ce qui sera fait durant le semestre.<br>Attention n\u00e9anmoins, parfois cours obligatoire et s\u00e9minaires associ\u00e9s se trouvent dans le m\u00eame sous-module. Tu devras donc prendre le cours ET un des s\u00e9minaires propos\u00e9s.<br>Sur la page de la structure de l\u2019\u00e9tape, tu peux de plus t\u00e9l\u00e9charger la totalit\u00e9 de la structure en fichier PDF, afin d\u2019avoir tous les enseignements propos\u00e9s sous les yeux.<\/p>\n\n\n\n<p>Cette vision en structure des \u00e9tudes est tr\u00e8s pratique dans le sens o\u00f9 elle te permet d\u2019\u00eatre s\u00fbr\u00b7e\u00b7x que tu n\u2019oublies rien, \u00e9tant construite sur le mod\u00e8le du plan d\u2019\u00e9tudes. N\u00e9anmoins, son d\u00e9savantage, comme tu le vois, est que tu ne vois pas directement l\u2019horaire des enseignements (pour ce faire tu devrais cliquer sur chaque description). Pour voir l\u2019horaire des cours, nous allons utiliser les autres options. Celle-ci permettra ensuite de contr\u00f4ler les choix qui ont \u00e9t\u00e9 faits.<\/p>\n\n\n\n<p><strong>2. Horaire HTML<\/strong>. Ceci te permet de voir en ligne les horaires des enseignements de tes deux sections. Les cours obligatoires sont marqu\u00e9s d\u2019un signe, afin que tu ne les oublies pas.<\/p>\n\n\n\n<p>Tu trouves donc sur cette page les heures des enseignements, leur intitul\u00e9, le nom de l\u2019enseignant\u00b7e\u00b7x et surtout la salle. Contr\u00f4le cette page r\u00e9guli\u00e8rement, il arrive que des choses changent au dernier moment. En cliquant sur les d\u00e9tails des enseignements, tu arrives de nouveau sur la description de ces derniers. A partir de cette liste, tu peux d\u00e9j\u00e0 ajouter les cours obligatoires \u00e0 ton tableau et regarder quelles plages horaires restent libres.<\/p>\n\n\n\n<p><strong>3. Version PDF.<\/strong> Cela te donne une meilleure vue d\u2019ensemble sur la r\u00e9partition des enseignements sur chaque jour.<\/p>\n\n\n\n<p><strong>4. Liste des cours<\/strong>. L\u2019intitul\u00e9 explique lui-m\u00eame en quoi cela consiste. En suivant ce lien, tu tomberas sur une liste de tous les enseignements qui te sont propos\u00e9s chaque semestre.<\/p>\n\n\n\n<h3 class=\"wp-block-heading\">\u00c9laboration finale de ton horaire<\/h3>\n\n\n\n<p>Avec tous ces outils \u00e0 disposition, tu devrais pouvoir constituer ton horaire sans trop de probl\u00e8mes. R\u00e9capitulons : tu commences par placer sur ton tableau les cours obligatoires auxquels tu dois aller. Ensuite, parmi tes s\u00e9minaires\/TP \u00e0 choix, regarde ceux qui t\u2019int\u00e9ressent vraiment et ajoute-les dans ton horaire. Enfin, finis par ajouter les derniers enseignements \u00e0 choix que tu dois suivre, selon les plages horaires qu\u2019il te reste. Si tu dois faire ton rattrapage en latin, n\u2019oublie surtout pas d\u2019en tenir compte aussi.<\/p>\n\n\n\n<h3 class=\"wp-block-heading\">Probl\u00e8mes<\/h3>\n\n\n\n<p>Il y a un probl\u00e8me auquel tu risques d\u2019\u00eatre confront\u00e9 : le chevauchement d\u2019enseignements. Si cela arrive, commence par regarder s\u2019il ne serait pas possible de changer un de ces enseignements, c\u2019est \u00e0 dire de choisir un autre s\u00e9minaire par exemple lorsque le choix t\u2019est donn\u00e9. Renseigne-toi, parfois certains enseignements ont lieu deux semestres de suite (m\u00eame si c\u2019est rare), tu pourrais donc en suivre un des deux au semestre de printemps. Si vraiment il n\u2019y a aucune autre solution, plusieurs options s\u2019offrent \u00e0 toi :<\/p>\n\n\n\n<ul class=\"wp-block-list\">\n<li>Demander \u00e0 une autre personne de te transmettre le programme du cours et la bibliographie puis le travailler par toi-m\u00eame chez toi. Tu pourras ensuite essayer de te procurer les notes d\u2019une autre personne.<\/li>\n\n\n\n<li>Alterner les enseignements. Tu assistes une semaine \u00e0 l\u2019un et la suivante \u00e0 l\u2019autre. Si tu trouves un\u00b7e\u00b7x ami\u00b7e\u00b7x dans la m\u00eame situation que toi, vous pouvez ainsi vous partager le travail et les notes de cours.<\/li>\n\n\n\n<li>Quoi que tu d\u00e9cides, parles-en avec tes enseignant\u00b7e\u00b7x\u00b7s. Iels pourront te donner des conseils et comprendront ainsi mieux pourquoi iels ne te voient que rarement \u00e0 leur cours.<\/li>\n<\/ul>\n\n\n\n<p>Et si tu as d\u2019autres probl\u00e8mes, si tu ne t\u2019en sors pas avec ton horaire, n\u2019h\u00e9site pas \u00e0 venir nous voir. L\u2019AEL tient une permanence horaire durant les pauses de midi la semaine des s\u00e9ances d\u2019information. Si tu passes dans notre bureau (1196), on pourra t\u2019aider ! Tu peux \u00e9galement nous joindre en tout temps par e-mail \u00e0 <a href=\"mailto:ael@unil.ch\" target=\"_blank\" rel=\"noreferrer noopener\">ael@unil.ch<\/a>.<\/p>\n","protected":false},"excerpt":{"rendered":"<p>Permanence horaire Tu es perdu\u00b7e\u00b7x dans les m\u00e9andres des plans d&rsquo;\u00e9tudes et des horaires de cours? Pas de panique, l&rsquo;AEL organise au d\u00e9but de chaque semestre une permanence&hellip;<\/p>\n","protected":false},"author":108,"featured_media":0,"parent":98,"menu_order":0,"comment_status":"closed","ping_status":"closed","template":"","meta":{"_seopress_robots_primary_cat":"","_seopress_titles_title":"","_seopress_titles_desc":"","_seopress_robots_index":"","footnotes":""},"class_list":["post-101","page","type-page","status-publish","has-post-thumbnail"],"_links":{"self":[{"href":"https:\/\/wp.unil.ch\/ael\/wp-json\/wp\/v2\/pages\/101","targetHints":{"allow":["GET"]}}],"collection":[{"href":"https:\/\/wp.unil.ch\/ael\/wp-json\/wp\/v2\/pages"}],"about":[{"href":"https:\/\/wp.unil.ch\/ael\/wp-json\/wp\/v2\/types\/page"}],"author":[{"embeddable":true,"href":"https:\/\/wp.unil.ch\/ael\/wp-json\/wp\/v2\/users\/108"}],"replies":[{"embeddable":true,"href":"https:\/\/wp.unil.ch\/ael\/wp-json\/wp\/v2\/comments?post=101"}],"version-history":[{"count":2,"href":"https:\/\/wp.unil.ch\/ael\/wp-json\/wp\/v2\/pages\/101\/revisions"}],"predecessor-version":[{"id":2192,"href":"https:\/\/wp.unil.ch\/ael\/wp-json\/wp\/v2\/pages\/101\/revisions\/2192"}],"up":[{"embeddable":true,"href":"https:\/\/wp.unil.ch\/ael\/wp-json\/wp\/v2\/pages\/98"}],"wp:attachment":[{"href":"https:\/\/wp.unil.ch\/ael\/wp-json\/wp\/v2\/media?parent=101"}],"curies":[{"name":"wp","href":"https:\/\/api.w.org\/{rel}","templated":true}]}}