{"id":747,"date":"2013-10-08T12:38:39","date_gmt":"2013-10-08T10:38:39","guid":{"rendered":"http:\/\/wp.unil.ch\/aege\/?page_id=747"},"modified":"2023-08-28T14:26:10","modified_gmt":"2023-08-28T12:26:10","slug":"bourse-aux-livres","status":"publish","type":"page","link":"https:\/\/wp.unil.ch\/aege\/evenements\/bourse-aux-livres\/","title":{"rendered":"Bourse aux Livres"},"content":{"rendered":"<p>L&rsquo;AEGE <strong>n&rsquo;organisera plus <\/strong>de bourse aux livres, mais pense au coin des bonnes affaires sur l&rsquo;application de l&rsquo;unil !<\/p>\n<p>&nbsp;<\/p>\n<p>L&rsquo;AEGE organise une bourse aux livres chaque semestre.<\/p>\n<p>Les dates des r\u00e9coltes et des ventes sont averties directement par mail.<\/p>\n<p>Voici le principe :<\/p>\n<ul>\n<li><strong><u>Si tu veux vendre<\/u><\/strong> un ou plusieurs livres (chimie, physique, g\u00e9ologie r\u00e9gionale, cartographie, m\u00e9thodes quantitatives, etc\u2026)&nbsp;:<\/li>\n<\/ul>\n<p style=\"padding-left: 80px\">? Tu peux amener tes livres au bureau de l&rsquo;AEGE (G\u00e9opolis 4430)<\/p>\n<p style=\"padding-left: 80px\">? L&rsquo;AEGE prend ton\/tes livre(s) en notant ton nom et le montant que tu demandes pour chaque livre<\/p>\n<p style=\"padding-left: 80px\">? Si un de tes livres est vendu, l&rsquo;AEGE te contacte et te rembourse!&#8230; et si d&rsquo;aventure, tes livres ne sont pas vendus, on te les rend ou on les garde pour une prochaine vente.<\/p>\n<ul>\n<li><strong><u>Si tu veux acheter<\/u><\/strong> un ou plusieurs livres \u00e0 prix r\u00e9duits&nbsp;:<\/li>\n<\/ul>\n<p style=\"padding-left: 80px\">? Tu peux venir au bureau de l\u2019AEGE au bureau de l\u2019AEGE (G\u00e9opolis 4430) et voir si ce que tu cherches est en stock&nbsp;!<\/p>\n<p><a href=\"https:\/\/wp.unil.ch\/aege\/files\/2021\/02\/liste_livres.xlsx\">Livres disponibles <em>(cette liste est mise \u00e0 jour r\u00e9guli\u00e8rement mais pas tous les jours, il se peut que tu sois pass\u00e9\u00b7e juste trop tard)<\/em><\/a><\/p>\n\n\n<p><\/p>\n","protected":false},"excerpt":{"rendered":"<p>L&rsquo;AEGE n&rsquo;organisera plus de bourse aux livres, mais pense au coin des bonnes affaires sur l&rsquo;application de l&rsquo;unil ! &nbsp; L&rsquo;AEGE organise une bourse aux livres chaque semestre. Les dates des r\u00e9coltes et des ventes sont averties directement par mail.<\/p>\n","protected":false},"author":931,"featured_media":0,"parent":36,"menu_order":1,"comment_status":"closed","ping_status":"closed","template":"","meta":{"_seopress_robots_primary_cat":"","_seopress_titles_title":"","_seopress_titles_desc":"","_seopress_robots_index":"","ngg_post_thumbnail":0,"footnotes":""},"class_list":["post-747","page","type-page","status-publish"],"_links":{"self":[{"href":"https:\/\/wp.unil.ch\/aege\/wp-json\/wp\/v2\/pages\/747","targetHints":{"allow":["GET"]}}],"collection":[{"href":"https:\/\/wp.unil.ch\/aege\/wp-json\/wp\/v2\/pages"}],"about":[{"href":"https:\/\/wp.unil.ch\/aege\/wp-json\/wp\/v2\/types\/page"}],"author":[{"embeddable":true,"href":"https:\/\/wp.unil.ch\/aege\/wp-json\/wp\/v2\/users\/931"}],"replies":[{"embeddable":true,"href":"https:\/\/wp.unil.ch\/aege\/wp-json\/wp\/v2\/comments?post=747"}],"version-history":[{"count":0,"href":"https:\/\/wp.unil.ch\/aege\/wp-json\/wp\/v2\/pages\/747\/revisions"}],"up":[{"embeddable":true,"href":"https:\/\/wp.unil.ch\/aege\/wp-json\/wp\/v2\/pages\/36"}],"wp:attachment":[{"href":"https:\/\/wp.unil.ch\/aege\/wp-json\/wp\/v2\/media?parent=747"}],"curies":[{"name":"wp","href":"https:\/\/api.w.org\/{rel}","templated":true}]}}