{"id":414,"date":"2012-12-04T20:41:24","date_gmt":"2012-12-04T19:41:24","guid":{"rendered":"http:\/\/wp.unil.ch\/aege\/?page_id=414"},"modified":"2020-07-23T10:31:08","modified_gmt":"2020-07-23T08:31:08","slug":"workchope-gse","status":"publish","type":"page","link":"https:\/\/wp.unil.ch\/aege\/evenements\/workchope-gse\/","title":{"rendered":"Workchopes"},"content":{"rendered":"<p>Les Workchopes font parties des traditions de la facult\u00e9 depuis ses d\u00e9buts. Le principe est de se retrouver tous autour d&rsquo;une (\u00ab\u00a0une\u00a0\u00bb) bi\u00e8re \u00e0 un prix cadeau&nbsp;le&nbsp;jeudi ou le mercredi en fin d&rsquo;apr\u00e8s-midi, avant d&rsquo;aller poursuivre la soir\u00e9e tous ensemble autre part.<br \/>\nNormalement, ils se&nbsp;d\u00e9roulent les jeudis de&nbsp;18h \u00e0 21h dans le hall central de l&rsquo;Amphip\u00f4le.<\/p>\n<p>On insiste sur le fait que <strong>les workchopes sont le meilleur moyen de se rencontrer au sein m\u00eame de la facult\u00e9<\/strong>, les <del>Sagres<\/del> Boxer (!) \u00e9tant une v\u00e9ritable porte vers des discussions fertiles et des amiti\u00e9s durables ! Pour que cela continue, venez nombreux !<\/p>\n<p>La venue d&rsquo;un virus ayant chamboul\u00e9 nos habitudes nous a malheureusement emp\u00each\u00e9 l&rsquo;organisation des worchoppes au semestre dernier. Nous esp\u00e9rons que la situation s&rsquo;am\u00e9liore et que nous puissions vous servir quelques bi\u00e8res d\u00e8s la rentr\u00e9e&#8230;<\/p>\n<p>&nbsp;<\/p>\n","protected":false},"excerpt":{"rendered":"<p>Les Workchopes font parties des traditions de la facult\u00e9 depuis ses d\u00e9buts. Le principe est de se retrouver tous autour d&rsquo;une (\u00ab\u00a0une\u00a0\u00bb) bi\u00e8re \u00e0 un prix cadeau&nbsp;le&nbsp;jeudi ou le mercredi en fin d&rsquo;apr\u00e8s-midi, avant d&rsquo;aller poursuivre la soir\u00e9e tous ensemble<\/p>\n","protected":false},"author":931,"featured_media":0,"parent":36,"menu_order":0,"comment_status":"closed","ping_status":"closed","template":"","meta":{"_seopress_robots_primary_cat":"","_seopress_titles_title":"","_seopress_titles_desc":"","_seopress_robots_index":"","ngg_post_thumbnail":0,"footnotes":""},"class_list":["post-414","page","type-page","status-publish"],"_links":{"self":[{"href":"https:\/\/wp.unil.ch\/aege\/wp-json\/wp\/v2\/pages\/414","targetHints":{"allow":["GET"]}}],"collection":[{"href":"https:\/\/wp.unil.ch\/aege\/wp-json\/wp\/v2\/pages"}],"about":[{"href":"https:\/\/wp.unil.ch\/aege\/wp-json\/wp\/v2\/types\/page"}],"author":[{"embeddable":true,"href":"https:\/\/wp.unil.ch\/aege\/wp-json\/wp\/v2\/users\/931"}],"replies":[{"embeddable":true,"href":"https:\/\/wp.unil.ch\/aege\/wp-json\/wp\/v2\/comments?post=414"}],"version-history":[{"count":0,"href":"https:\/\/wp.unil.ch\/aege\/wp-json\/wp\/v2\/pages\/414\/revisions"}],"up":[{"embeddable":true,"href":"https:\/\/wp.unil.ch\/aege\/wp-json\/wp\/v2\/pages\/36"}],"wp:attachment":[{"href":"https:\/\/wp.unil.ch\/aege\/wp-json\/wp\/v2\/media?parent=414"}],"curies":[{"name":"wp","href":"https:\/\/api.w.org\/{rel}","templated":true}]}}