{"id":36,"date":"2012-07-10T09:35:07","date_gmt":"2012-07-10T07:35:07","guid":{"rendered":"http:\/\/wp.unil.ch\/aege\/?page_id=36"},"modified":"2023-03-16T09:29:20","modified_gmt":"2023-03-16T08:29:20","slug":"evenements","status":"publish","type":"page","link":"https:\/\/wp.unil.ch\/aege\/evenements\/","title":{"rendered":"\u00c9v\u00e9nements"},"content":{"rendered":"<p>La Journ\u00e9e d&rsquo;accueil<br \/>\nLe Souper de la rentr\u00e9e<br \/>\nLa Journ\u00e9e des m\u00e9tiers<br \/>\nLa R\u00e9colte d&rsquo;habits<br \/>\nLe Souper de No\u00ebl<br \/>\nLes Journ\u00e9es d\u00e9couverte<br \/>\nLe Week-end de ski<br \/>\nL&rsquo;ap\u00e9ro orientation<br \/>\nLa G\u00e9o&rsquo;s Night<br \/>\nLes Joutes sportives<br \/>\nLes G\u00e9obalades<br \/>\nDiverses Conf\u00e9rences<br \/>\nLa Bourse aux livres<br \/>\nL&rsquo;Irr\u00e9gulier<br \/>\nLa Vente des pulls de la Facult\u00e9<br \/>\nLes Workchopes<br \/>\nLe Groupe de Projet \u00ab\u00a0Durabilit\u00e9\u00a0\u00bb<br \/>\nL&rsquo;Int\u00e9gration des premi\u00e8res ann\u00e9es<br \/>\nTournoi de Chibre<br \/>\n\u00c9v\u00e9nements spontan\u00e9s<\/p>\n<p>Pour plus d&rsquo;informations, n&rsquo;h\u00e9site pas \u00e0 nous contacter ou nous suivre sur les r\u00e9seaux !<\/p>\n<p>&nbsp;<\/p>\n","protected":false},"excerpt":{"rendered":"<p>La Journ\u00e9e d&rsquo;accueil Le Souper de la rentr\u00e9e La Journ\u00e9e des m\u00e9tiers La R\u00e9colte d&rsquo;habits Le Souper de No\u00ebl Les Journ\u00e9es d\u00e9couverte Le Week-end de ski L&rsquo;ap\u00e9ro orientation La G\u00e9o&rsquo;s Night Les Joutes sportives Les G\u00e9obalades Diverses Conf\u00e9rences La Bourse<\/p>\n","protected":false},"author":931,"featured_media":0,"parent":0,"menu_order":1,"comment_status":"closed","ping_status":"closed","template":"","meta":{"_seopress_robots_primary_cat":"","_seopress_titles_title":"","_seopress_titles_desc":"","_seopress_robots_index":"","ngg_post_thumbnail":0,"footnotes":""},"class_list":["post-36","page","type-page","status-publish"],"_links":{"self":[{"href":"https:\/\/wp.unil.ch\/aege\/wp-json\/wp\/v2\/pages\/36","targetHints":{"allow":["GET"]}}],"collection":[{"href":"https:\/\/wp.unil.ch\/aege\/wp-json\/wp\/v2\/pages"}],"about":[{"href":"https:\/\/wp.unil.ch\/aege\/wp-json\/wp\/v2\/types\/page"}],"author":[{"embeddable":true,"href":"https:\/\/wp.unil.ch\/aege\/wp-json\/wp\/v2\/users\/931"}],"replies":[{"embeddable":true,"href":"https:\/\/wp.unil.ch\/aege\/wp-json\/wp\/v2\/comments?post=36"}],"version-history":[{"count":0,"href":"https:\/\/wp.unil.ch\/aege\/wp-json\/wp\/v2\/pages\/36\/revisions"}],"wp:attachment":[{"href":"https:\/\/wp.unil.ch\/aege\/wp-json\/wp\/v2\/media?parent=36"}],"curies":[{"name":"wp","href":"https:\/\/api.w.org\/{rel}","templated":true}]}}