{"id":346,"date":"2012-11-22T14:15:01","date_gmt":"2012-11-22T13:15:01","guid":{"rendered":"http:\/\/wp.unil.ch\/aege\/?page_id=346"},"modified":"2019-11-25T18:31:55","modified_gmt":"2019-11-25T17:31:55","slug":"souper-de-noel","status":"publish","type":"page","link":"https:\/\/wp.unil.ch\/aege\/evenements\/souper-de-noel\/","title":{"rendered":"Souper de No\u00ebl"},"content":{"rendered":"<p><span style=\"color: #ff6600\"><strong><em>[En construction!]<\/em><\/strong><\/span><\/p>\n<p>Le souper de No\u00ebl est l&rsquo;occasion de se voir une derni\u00e8re fois avant les f\u00eates, les r\u00e9visions, les examens, les d\u00e9parts.<\/p>\n<p>Un groupe d&rsquo;\u00e9tudiants d\u00e9vou\u00e9s vous concocte un bon repas pour le dernier \u00e9v\u00e9nement du semestre. Pour seulement 20 CHF, vous pouvez profiter d&rsquo;un menu boissons comprises et dans un esprit festif!<\/p>\n","protected":false},"excerpt":{"rendered":"<p>[En construction!] Le souper de No\u00ebl est l&rsquo;occasion de se voir une derni\u00e8re fois avant les f\u00eates, les r\u00e9visions, les examens, les d\u00e9parts. Un groupe d&rsquo;\u00e9tudiants d\u00e9vou\u00e9s vous concocte un bon repas pour le dernier \u00e9v\u00e9nement du semestre. Pour seulement<\/p>\n","protected":false},"author":931,"featured_media":0,"parent":36,"menu_order":3,"comment_status":"closed","ping_status":"closed","template":"","meta":{"_seopress_robots_primary_cat":"","_seopress_titles_title":"","_seopress_titles_desc":"","_seopress_robots_index":"","ngg_post_thumbnail":0,"footnotes":""},"class_list":["post-346","page","type-page","status-publish"],"_links":{"self":[{"href":"https:\/\/wp.unil.ch\/aege\/wp-json\/wp\/v2\/pages\/346","targetHints":{"allow":["GET"]}}],"collection":[{"href":"https:\/\/wp.unil.ch\/aege\/wp-json\/wp\/v2\/pages"}],"about":[{"href":"https:\/\/wp.unil.ch\/aege\/wp-json\/wp\/v2\/types\/page"}],"author":[{"embeddable":true,"href":"https:\/\/wp.unil.ch\/aege\/wp-json\/wp\/v2\/users\/931"}],"replies":[{"embeddable":true,"href":"https:\/\/wp.unil.ch\/aege\/wp-json\/wp\/v2\/comments?post=346"}],"version-history":[{"count":0,"href":"https:\/\/wp.unil.ch\/aege\/wp-json\/wp\/v2\/pages\/346\/revisions"}],"up":[{"embeddable":true,"href":"https:\/\/wp.unil.ch\/aege\/wp-json\/wp\/v2\/pages\/36"}],"wp:attachment":[{"href":"https:\/\/wp.unil.ch\/aege\/wp-json\/wp\/v2\/media?parent=346"}],"curies":[{"name":"wp","href":"https:\/\/api.w.org\/{rel}","templated":true}]}}