{"id":2154,"date":"2022-12-16T12:57:18","date_gmt":"2022-12-16T11:57:18","guid":{"rendered":"https:\/\/wp.unil.ch\/aege\/?page_id=2154"},"modified":"2022-12-17T19:21:42","modified_gmt":"2022-12-17T18:21:42","slug":"soiree-bleu-lezard","status":"publish","type":"page","link":"https:\/\/wp.unil.ch\/aege\/evenements\/soiree-bleu-lezard\/","title":{"rendered":"Soir\u00e9es Bleu L\u00e9zard"},"content":{"rendered":"\n<p><\/p>\n\n\n\n<p>Les soir\u00e9es \u00e0 la cave du bleu l\u00e9zard sont une nouveaut\u00e9 de ce semestre d&rsquo;automne 2022. Elles sont id\u00e9ales pour passer un moment privil\u00e9gi\u00e9 en bo\u00eete avec tousxtes les potes de la facult\u00e9, dans le fun et le respect. <\/p>\n\n\n\n<p>La premi\u00e8re \u00e9dition ayant \u00e9t\u00e9 un succ\u00e8s, l&rsquo;AEGE a d\u00e9cid\u00e9 de renouveler l&rsquo;\u00e9v\u00e8nement conjointement avec la cave du bleu, Pangea et Tree House Music ce semestre.<\/p>\n\n\n\n<p><\/p>\n\n\n\n<p>Les photos de la premi\u00e8re \u00e9dition sont disponibles, et il est totalement possible de les obtenir en envoyant un message priv\u00e9 sur Instagram \u00e0 l&rsquo;AEGE !<\/p>\n\n\n\n<p><\/p>\n","protected":false},"excerpt":{"rendered":"<p>Les soir\u00e9es \u00e0 la cave du bleu l\u00e9zard sont une nouveaut\u00e9 de ce semestre d&rsquo;automne 2022. Elles sont id\u00e9ales pour passer un moment privil\u00e9gi\u00e9 en bo\u00eete avec tousxtes les potes de la facult\u00e9, dans le fun et le respect. La<\/p>\n","protected":false},"author":1002455,"featured_media":0,"parent":36,"menu_order":5,"comment_status":"closed","ping_status":"closed","template":"","meta":{"_seopress_robots_primary_cat":"","_seopress_titles_title":"","_seopress_titles_desc":"","_seopress_robots_index":"","ngg_post_thumbnail":0,"footnotes":""},"class_list":["post-2154","page","type-page","status-publish"],"_links":{"self":[{"href":"https:\/\/wp.unil.ch\/aege\/wp-json\/wp\/v2\/pages\/2154","targetHints":{"allow":["GET"]}}],"collection":[{"href":"https:\/\/wp.unil.ch\/aege\/wp-json\/wp\/v2\/pages"}],"about":[{"href":"https:\/\/wp.unil.ch\/aege\/wp-json\/wp\/v2\/types\/page"}],"author":[{"embeddable":true,"href":"https:\/\/wp.unil.ch\/aege\/wp-json\/wp\/v2\/users\/1002455"}],"replies":[{"embeddable":true,"href":"https:\/\/wp.unil.ch\/aege\/wp-json\/wp\/v2\/comments?post=2154"}],"version-history":[{"count":0,"href":"https:\/\/wp.unil.ch\/aege\/wp-json\/wp\/v2\/pages\/2154\/revisions"}],"up":[{"embeddable":true,"href":"https:\/\/wp.unil.ch\/aege\/wp-json\/wp\/v2\/pages\/36"}],"wp:attachment":[{"href":"https:\/\/wp.unil.ch\/aege\/wp-json\/wp\/v2\/media?parent=2154"}],"curies":[{"name":"wp","href":"https:\/\/api.w.org\/{rel}","templated":true}]}}