{"id":20,"date":"2012-07-10T09:25:07","date_gmt":"2012-07-10T07:25:07","guid":{"rendered":"http:\/\/wp.unil.ch\/aege\/?page_id=20"},"modified":"2023-03-16T08:35:58","modified_gmt":"2023-03-16T07:35:58","slug":"lassociation","status":"publish","type":"page","link":"https:\/\/wp.unil.ch\/aege\/lassociation\/","title":{"rendered":"L&rsquo;Association"},"content":{"rendered":"<p>L&rsquo;AEGE c&rsquo;est l&rsquo;Association des \u00e9tudiant\u00b7e\u00b7x\u00b7s en G\u00e9osciences et Environnement de Lausanne qui est anim\u00e9e par un groupe de b\u00e9n\u00e9voles qui se r\u00e9unissent une fois par semaine dans le but d&rsquo;organiser \u00e9v\u00e9nements et manifestations, et de mener \u00e0 bien divers projets, tels que :<\/p>\n<ul>\n<li>La Journ\u00e9e d&rsquo;accueil<\/li>\n<li>Le Souper de la rentr\u00e9e<\/li>\n<li>La Journ\u00e9e des m\u00e9tiers<\/li>\n<li>La R\u00e9colte d&rsquo;habits<\/li>\n<li>Le Souper de No\u00ebl<\/li>\n<li>Les Journ\u00e9es d\u00e9couverte<\/li>\n<li>Le Week-end de ski<\/li>\n<li>L&rsquo;ap\u00e9ro orientation<\/li>\n<li>La G\u00e9o&rsquo;s Night<\/li>\n<li>Les Joutes sportives<\/li>\n<li>Les G\u00e9obalades<\/li>\n<li>Diverses Conf\u00e9rences<\/li>\n<li>La Bourse aux livres<\/li>\n<li>L&rsquo;Irr\u00e9gulier<\/li>\n<li>La Vente des pulls de la Facult\u00e9<\/li>\n<li>Les Workchopes<\/li>\n<li>Le Groupe de Projet \u00ab\u00a0Durabilit\u00e9\u00a0\u00bb<\/li>\n<li>L&rsquo;Int\u00e9gration des premi\u00e8res ann\u00e9es<\/li>\n<li>&#8230;<\/li>\n<\/ul>\n<p>N&rsquo;h\u00e9site pas \u00e0 nous contacter pour t&rsquo;engager au sein de l&rsquo;AEGE !<\/p>\n<p>&nbsp;<\/p>\n","protected":false},"excerpt":{"rendered":"<p>L&rsquo;AEGE c&rsquo;est l&rsquo;Association des \u00e9tudiant\u00b7e\u00b7x\u00b7s en G\u00e9osciences et Environnement de Lausanne qui est anim\u00e9e par un groupe de b\u00e9n\u00e9voles qui se r\u00e9unissent une fois par semaine dans le but d&rsquo;organiser \u00e9v\u00e9nements et manifestations, et de mener \u00e0 bien divers projets,<\/p>\n","protected":false},"author":931,"featured_media":0,"parent":0,"menu_order":0,"comment_status":"closed","ping_status":"closed","template":"","meta":{"_seopress_robots_primary_cat":"","_seopress_titles_title":"","_seopress_titles_desc":"","_seopress_robots_index":"","ngg_post_thumbnail":0,"footnotes":""},"class_list":["post-20","page","type-page","status-publish"],"_links":{"self":[{"href":"https:\/\/wp.unil.ch\/aege\/wp-json\/wp\/v2\/pages\/20","targetHints":{"allow":["GET"]}}],"collection":[{"href":"https:\/\/wp.unil.ch\/aege\/wp-json\/wp\/v2\/pages"}],"about":[{"href":"https:\/\/wp.unil.ch\/aege\/wp-json\/wp\/v2\/types\/page"}],"author":[{"embeddable":true,"href":"https:\/\/wp.unil.ch\/aege\/wp-json\/wp\/v2\/users\/931"}],"replies":[{"embeddable":true,"href":"https:\/\/wp.unil.ch\/aege\/wp-json\/wp\/v2\/comments?post=20"}],"version-history":[{"count":0,"href":"https:\/\/wp.unil.ch\/aege\/wp-json\/wp\/v2\/pages\/20\/revisions"}],"wp:attachment":[{"href":"https:\/\/wp.unil.ch\/aege\/wp-json\/wp\/v2\/media?parent=20"}],"curies":[{"name":"wp","href":"https:\/\/api.w.org\/{rel}","templated":true}]}}