{"id":1829,"date":"2021-04-20T15:16:29","date_gmt":"2021-04-20T13:16:29","guid":{"rendered":"https:\/\/wp.unil.ch\/aege\/?page_id=1829"},"modified":"2021-04-20T15:20:19","modified_gmt":"2021-04-20T13:20:19","slug":"tournoi-de-jass","status":"publish","type":"page","link":"https:\/\/wp.unil.ch\/aege\/evenements\/tournoi-de-jass\/","title":{"rendered":"Tournoi de Jass"},"content":{"rendered":"<p>Taper le carton en plein covid, c&rsquo;est possible. Les inscriptions sont ferm\u00e9es mais tu peux encourager ton \u00e9quipe favorite, peut-\u00eatre qu&rsquo;elle partagera avec toi l&rsquo;un des merveilleux prix.<\/p>\n<p><a href=\"https:\/\/wp.unil.ch\/aege\/files\/2021\/04\/Tournoi_Jass.pdf\">Les r\u00e9sultats des phases de poules, presque en direct !!!<\/a><\/p>\n","protected":false},"excerpt":{"rendered":"<p>Taper le carton en plein covid, c&rsquo;est possible. Les inscriptions sont ferm\u00e9es mais tu peux encourager ton \u00e9quipe favorite, peut-\u00eatre qu&rsquo;elle partagera avec toi l&rsquo;un des merveilleux prix. Les r\u00e9sultats des phases de poules, presque en direct !!!<\/p>\n","protected":false},"author":1002025,"featured_media":0,"parent":36,"menu_order":0,"comment_status":"closed","ping_status":"closed","template":"","meta":{"_seopress_robots_primary_cat":"","_seopress_titles_title":"","_seopress_titles_desc":"","_seopress_robots_index":"","ngg_post_thumbnail":0,"footnotes":""},"class_list":["post-1829","page","type-page","status-publish"],"_links":{"self":[{"href":"https:\/\/wp.unil.ch\/aege\/wp-json\/wp\/v2\/pages\/1829","targetHints":{"allow":["GET"]}}],"collection":[{"href":"https:\/\/wp.unil.ch\/aege\/wp-json\/wp\/v2\/pages"}],"about":[{"href":"https:\/\/wp.unil.ch\/aege\/wp-json\/wp\/v2\/types\/page"}],"author":[{"embeddable":true,"href":"https:\/\/wp.unil.ch\/aege\/wp-json\/wp\/v2\/users\/1002025"}],"replies":[{"embeddable":true,"href":"https:\/\/wp.unil.ch\/aege\/wp-json\/wp\/v2\/comments?post=1829"}],"version-history":[{"count":0,"href":"https:\/\/wp.unil.ch\/aege\/wp-json\/wp\/v2\/pages\/1829\/revisions"}],"up":[{"embeddable":true,"href":"https:\/\/wp.unil.ch\/aege\/wp-json\/wp\/v2\/pages\/36"}],"wp:attachment":[{"href":"https:\/\/wp.unil.ch\/aege\/wp-json\/wp\/v2\/media?parent=1829"}],"curies":[{"name":"wp","href":"https:\/\/api.w.org\/{rel}","templated":true}]}}