{"id":1817,"date":"2021-04-20T14:48:21","date_gmt":"2021-04-20T12:48:21","guid":{"rendered":"https:\/\/wp.unil.ch\/aege\/?page_id=1817"},"modified":"2024-08-13T08:31:31","modified_gmt":"2024-08-13T06:31:31","slug":"offres-de-stages","status":"publish","type":"page","link":"https:\/\/wp.unil.ch\/aege\/offres-de-stages\/","title":{"rendered":"Offres de stages"},"content":{"rendered":"<p>La facult\u00e9 des GSE re\u00e7oit r\u00e9guli\u00e8rement diverses offres de stage. L&rsquo;AEGE les met en ligne r\u00e9guli\u00e8rement, mais ne garanti pas qu&rsquo;elles soient toutes \u00e0 jour.<\/p>\n<p>Offre(s) actuelle(s):<\/p>\n<h5 data-page=\"16019\">Stagiaire \u00e0 80-100% &#8211; Unit\u00e9 Plan climat et durabilit\u00e9:<\/h5>\n<h6 data-page=\"16019\"><a href=\"https:\/\/www.nyon.ch\/emplois\/stagiaire-a-80-100--unite-plan-climat-et-durabilite-16019\">https:\/\/www.nyon.ch\/emplois\/stagiaire-a-80-100&#8211;unite-plan-climat-et-durabilite-16019<\/a><\/h6>\n\n\n<p><\/p>\n\n\n\n<p><\/p>\n","protected":false},"excerpt":{"rendered":"<p>La facult\u00e9 des GSE re\u00e7oit r\u00e9guli\u00e8rement diverses offres de stage. L&rsquo;AEGE les met en ligne r\u00e9guli\u00e8rement, mais ne garanti pas qu&rsquo;elles soient toutes \u00e0 jour. Offre(s) actuelle(s): Stagiaire \u00e0 80-100% &#8211; Unit\u00e9 Plan climat et durabilit\u00e9: https:\/\/www.nyon.ch\/emplois\/stagiaire-a-80-100&#8211;unite-plan-climat-et-durabilite-16019<\/p>\n","protected":false},"author":1002025,"featured_media":0,"parent":0,"menu_order":1,"comment_status":"closed","ping_status":"closed","template":"","meta":{"_seopress_robots_primary_cat":"","_seopress_titles_title":"","_seopress_titles_desc":"","_seopress_robots_index":"","ngg_post_thumbnail":0,"footnotes":""},"class_list":["post-1817","page","type-page","status-publish"],"_links":{"self":[{"href":"https:\/\/wp.unil.ch\/aege\/wp-json\/wp\/v2\/pages\/1817","targetHints":{"allow":["GET"]}}],"collection":[{"href":"https:\/\/wp.unil.ch\/aege\/wp-json\/wp\/v2\/pages"}],"about":[{"href":"https:\/\/wp.unil.ch\/aege\/wp-json\/wp\/v2\/types\/page"}],"author":[{"embeddable":true,"href":"https:\/\/wp.unil.ch\/aege\/wp-json\/wp\/v2\/users\/1002025"}],"replies":[{"embeddable":true,"href":"https:\/\/wp.unil.ch\/aege\/wp-json\/wp\/v2\/comments?post=1817"}],"version-history":[{"count":3,"href":"https:\/\/wp.unil.ch\/aege\/wp-json\/wp\/v2\/pages\/1817\/revisions"}],"predecessor-version":[{"id":2450,"href":"https:\/\/wp.unil.ch\/aege\/wp-json\/wp\/v2\/pages\/1817\/revisions\/2450"}],"wp:attachment":[{"href":"https:\/\/wp.unil.ch\/aege\/wp-json\/wp\/v2\/media?parent=1817"}],"curies":[{"name":"wp","href":"https:\/\/api.w.org\/{rel}","templated":true}]}}