{"id":18,"date":"2012-07-10T09:24:20","date_gmt":"2012-07-10T07:24:20","guid":{"rendered":"http:\/\/wp.unil.ch\/aege\/?page_id=18"},"modified":"2025-03-26T15:14:25","modified_gmt":"2025-03-26T14:14:25","slug":"lirregulier","status":"publish","type":"page","link":"https:\/\/wp.unil.ch\/aege\/lirregulier\/","title":{"rendered":"L&rsquo;Irr\u00e9gulier"},"content":{"rendered":"<p>L\u2019Irr\u00e9gulier est le journal des \u00e9tudiant\u00b7e\u00b7x\u00b7s de la Facult\u00e9 de G\u00e9osciences et de l\u2019Environnement.<\/p>\n<p>Paraissant irr\u00e9guli\u00e8rement, il encourage tous les membres de la Facult\u00e9, \u00e9tudiant\u00b7e\u00b7x\u00b7s comme professeur\u00b7e\u00b7x\u00b7s, \u00e0 s\u2019exprimer sur un sujet proche de leur domaine d\u2019\u00e9tude, sur la vie festive de la facult\u00e9, sur les \u00e9changes universitaires, les camps, diverses d\u00e9couvertes, id\u00e9es ou recettes, \u00e0 partager un talent tels que le dessin, la photo ou l\u2019humour. Le principe de fonctionnement ne se base pas sur une deadline pour chaque \u00e9dition mais plut\u00f4t une participation continue. Ainsi, d\u00e8s qu\u2019un contenu suffisant est disponible, une publication est organis\u00e9e.<\/p>\n<p>Il ne faut donc pas h\u00e9siter \u00e0 s\u2019engager ! Contacte les responsables de l&rsquo;Irr\u00e9gulier \u00e0 l&rsquo;adresse&nbsp;<strong>irregulier@unil.ch<\/strong> !<\/p>\n<p>&nbsp;<\/p>\n<p><span style=\"color: #339966\"><strong>Tous les derniers num\u00e9ros<\/strong><\/span><\/p>\n<p><a href=\"https:\/\/wp.unil.ch\/aege\/files\/2025\/03\/irregulier_final.pdf\">Irr\u00e9gulierN35<\/a><\/p>\n<p><a href=\"https:\/\/drive.switch.ch\/index.php\/s\/bscGmLAZNmgMYcV\">Irr\u00e9gulierN34<\/a><\/p>\n<p><a href=\"https:\/\/drive.switch.ch\/index.php\/s\/ZwLlidt3tOCvOJV\">Irr\u00e9gulierN33<\/a><\/p>\n<p><a href=\"https:\/\/wp.unil.ch\/aege\/files\/2022\/12\/Irregulier32.pdf\">Irr\u00e9gulierN32<\/a><\/p>\n<p><a href=\"https:\/\/wp.unil.ch\/aege\/files\/2022\/10\/Irr\u00e9gulierN31.pdf\">Irr\u00e9gulierN31<\/a><\/p>\n<p><a href=\"https:\/\/wp.unil.ch\/aege\/files\/2021\/12\/Irre%CC%81gulierN30.pdf\">IrregulierN30<\/a><\/p>\n<p><a href=\"https:\/\/wp.unil.ch\/aege\/files\/2021\/12\/Irre%CC%81gulierN30.pdf\">IrregulierN29<\/a><strong><br \/>\n<\/strong><\/p>\n","protected":false},"excerpt":{"rendered":"<p>L\u2019Irr\u00e9gulier est le journal des \u00e9tudiant\u00b7e\u00b7x\u00b7s de la Facult\u00e9 de G\u00e9osciences et de l\u2019Environnement. Paraissant irr\u00e9guli\u00e8rement, il encourage tous les membres de la Facult\u00e9, \u00e9tudiant\u00b7e\u00b7x\u00b7s comme professeur\u00b7e\u00b7x\u00b7s, \u00e0 s\u2019exprimer sur un sujet proche de leur domaine d\u2019\u00e9tude, sur la vie<\/p>\n","protected":false},"author":931,"featured_media":0,"parent":0,"menu_order":2,"comment_status":"closed","ping_status":"closed","template":"","meta":{"_seopress_robots_primary_cat":"","_seopress_titles_title":"","_seopress_titles_desc":"","_seopress_robots_index":"","ngg_post_thumbnail":0,"footnotes":""},"class_list":["post-18","page","type-page","status-publish"],"_links":{"self":[{"href":"https:\/\/wp.unil.ch\/aege\/wp-json\/wp\/v2\/pages\/18","targetHints":{"allow":["GET"]}}],"collection":[{"href":"https:\/\/wp.unil.ch\/aege\/wp-json\/wp\/v2\/pages"}],"about":[{"href":"https:\/\/wp.unil.ch\/aege\/wp-json\/wp\/v2\/types\/page"}],"author":[{"embeddable":true,"href":"https:\/\/wp.unil.ch\/aege\/wp-json\/wp\/v2\/users\/931"}],"replies":[{"embeddable":true,"href":"https:\/\/wp.unil.ch\/aege\/wp-json\/wp\/v2\/comments?post=18"}],"version-history":[{"count":4,"href":"https:\/\/wp.unil.ch\/aege\/wp-json\/wp\/v2\/pages\/18\/revisions"}],"predecessor-version":[{"id":2544,"href":"https:\/\/wp.unil.ch\/aege\/wp-json\/wp\/v2\/pages\/18\/revisions\/2544"}],"wp:attachment":[{"href":"https:\/\/wp.unil.ch\/aege\/wp-json\/wp\/v2\/media?parent=18"}],"curies":[{"name":"wp","href":"https:\/\/api.w.org\/{rel}","templated":true}]}}