{"id":16,"date":"2012-07-10T09:23:44","date_gmt":"2012-07-10T07:23:44","guid":{"rendered":"http:\/\/wp.unil.ch\/aege\/?page_id=16"},"modified":"2019-11-25T18:31:25","modified_gmt":"2019-11-25T17:31:25","slug":"galerie","status":"publish","type":"page","link":"https:\/\/wp.unil.ch\/aege\/galerie\/","title":{"rendered":"Galerie"},"content":{"rendered":"<p><span style=\"color: #ff6600\"><em><strong>[En construction!]<\/strong><\/em><\/span><\/p>\n<p>&nbsp;<\/p>\n<p><strong>L&rsquo;AEGE \u00e0 l&rsquo;UNIL<\/strong><br \/>\nngg_shortcode_0_placeholder<\/p>\n<p><strong>La G\u00e9o&rsquo;s night<\/strong><br \/>\nngg_shortcode_1_placeholder<\/p>\n<p><strong>Le Workchope<\/strong><br \/>\nngg_shortcode_2_placeholder<\/p>\n<p><strong>Les f\u00eates de fin d&rsquo;ann\u00e9e<\/strong><br \/>\nngg_shortcode_3_placeholder<\/p>\n<p><strong>Les g\u00e9o&rsquo;s sur le terrain<\/strong><br \/>\nngg_shortcode_4_placeholder<\/p>\n","protected":false},"excerpt":{"rendered":"<p>[En construction!] &nbsp; L&rsquo;AEGE \u00e0 l&rsquo;UNIL La G\u00e9o&rsquo;s night Le Workchope Les f\u00eates de fin d&rsquo;ann\u00e9e Les g\u00e9o&rsquo;s sur le terrain<\/p>\n","protected":false},"author":931,"featured_media":0,"parent":0,"menu_order":4,"comment_status":"closed","ping_status":"closed","template":"","meta":{"_seopress_robots_primary_cat":"","_seopress_titles_title":"","_seopress_titles_desc":"","_seopress_robots_index":"","ngg_post_thumbnail":0,"footnotes":""},"class_list":["post-16","page","type-page","status-publish"],"_links":{"self":[{"href":"https:\/\/wp.unil.ch\/aege\/wp-json\/wp\/v2\/pages\/16","targetHints":{"allow":["GET"]}}],"collection":[{"href":"https:\/\/wp.unil.ch\/aege\/wp-json\/wp\/v2\/pages"}],"about":[{"href":"https:\/\/wp.unil.ch\/aege\/wp-json\/wp\/v2\/types\/page"}],"author":[{"embeddable":true,"href":"https:\/\/wp.unil.ch\/aege\/wp-json\/wp\/v2\/users\/931"}],"replies":[{"embeddable":true,"href":"https:\/\/wp.unil.ch\/aege\/wp-json\/wp\/v2\/comments?post=16"}],"version-history":[{"count":0,"href":"https:\/\/wp.unil.ch\/aege\/wp-json\/wp\/v2\/pages\/16\/revisions"}],"wp:attachment":[{"href":"https:\/\/wp.unil.ch\/aege\/wp-json\/wp\/v2\/media?parent=16"}],"curies":[{"name":"wp","href":"https:\/\/api.w.org\/{rel}","templated":true}]}}