{"id":1577,"date":"2019-11-25T18:55:29","date_gmt":"2019-11-25T17:55:29","guid":{"rendered":"http:\/\/wp.unil.ch\/aege\/?page_id=1577"},"modified":"2024-09-12T10:35:19","modified_gmt":"2024-09-12T08:35:19","slug":"geos-guide","status":"publish","type":"page","link":"https:\/\/wp.unil.ch\/aege\/lassociation\/geos-guide\/","title":{"rendered":"G\u00e9o&rsquo;s Guide"},"content":{"rendered":"<p>Le G\u00e9o&rsquo;s Guide est \u00e9dit\u00e9 chaque ann\u00e9e par l&rsquo;AEGE pour les nouveaux\u00b7elle\u00b7xs \u00e9tudiant\u00b7e\u00b7x\u00b7s. Celui-ci permet d&rsquo;orienter les premiers pas des nouveaux\u00b7elle\u00b7xs arrivant\u00b7e\u00b7x\u00b7s !<br>Vous y trouvez toutes les infos utiles \u00e0 votre entr\u00e9e en GSE.&nbsp;<\/p>\n<p style=\"text-align: left\">Le guide est t\u00e9l\u00e9chargeable ici :<!--more--><\/p>\n<ul>\n<li><a href=\"https:\/\/wp.unil.ch\/aege\/files\/2024\/09\/2024-2025.pdf\">2024-2025<\/a><\/li>\n<li><a href=\"https:\/\/wp.unil.ch\/aege\/files\/2023\/03\/Geos_Guide_Version_2022_2023.pdf\">2022-2023<\/a><\/li>\n<li><a href=\"https:\/\/wp.unil.ch\/aege\/files\/2020\/07\/Geos_Guide_Version_20202021.pdf\">2020-2022<\/a><\/li>\n<li><a href=\"https:\/\/wp.unil.ch\/aege\/files\/2018\/09\/G\u00e9osGuide_18-19.pdf\">2018-2020<\/a><\/li>\n<\/ul>\n\n\n<div class=\"wp-block-columns is-layout-flex wp-container-core-columns-is-layout-9d6595d7 wp-block-columns-is-layout-flex\">\n<div class=\"wp-block-column is-layout-flow wp-block-column-is-layout-flow\" style=\"flex-basis:100%\">\n<div data-wp-interactive=\"core\/file\" class=\"wp-block-file\"><object data-wp-bind--hidden=\"!state.hasPdfPreview\" hidden class=\"wp-block-file__embed\" data=\"https:\/\/wp.unil.ch\/aege\/files\/2024\/09\/2024-2025-1.pdf\" type=\"application\/pdf\" style=\"width:100%;height:600px\" aria-label=\"Contenu embarqu\u00e9 2024-2025.\"><\/object><a id=\"wp-block-file--media-12414e8c-dd26-40bf-bbbf-961d9acf2871\" href=\"https:\/\/wp.unil.ch\/aege\/files\/2024\/09\/2024-2025-1.pdf\">2024-2025<\/a><a href=\"https:\/\/wp.unil.ch\/aege\/files\/2024\/09\/2024-2025-1.pdf\" class=\"wp-block-file__button wp-element-button\" download aria-describedby=\"wp-block-file--media-12414e8c-dd26-40bf-bbbf-961d9acf2871\">T\u00e9l\u00e9charger<\/a><\/div>\n<\/div>\n<\/div>\n\n\n\n<figure class=\"wp-block-image size-large is-resized\"><img alt=\"\" loading=\"lazy\" decoding=\"async\" width=\"500\" height=\"333\" src=\"https:\/\/wp.unil.ch\/aege\/files\/2020\/09\/p10.jpg\" alt=\"\" class=\"wp-image-1718\" style=\"width:620px;height:413px\" srcset=\"https:\/\/wp.unil.ch\/aege\/files\/2020\/09\/p10.jpg 500w, https:\/\/wp.unil.ch\/aege\/files\/2020\/09\/p10-300x200.jpg 300w\" sizes=\"auto, (max-width: 500px) 100vw, 500px\" \/><figcaption class=\"wp-element-caption\">Un campus situ\u00e9 dans un panorama idyllique ! \u00a9 UNIL<\/figcaption><\/figure>\n","protected":false},"excerpt":{"rendered":"<p>Le G\u00e9o&rsquo;s Guide est \u00e9dit\u00e9 chaque ann\u00e9e par l&rsquo;AEGE pour les nouveaux\u00b7elle\u00b7xs \u00e9tudiant\u00b7e\u00b7x\u00b7s. Celui-ci permet d&rsquo;orienter les premiers pas des nouveaux\u00b7elle\u00b7xs arrivant\u00b7e\u00b7x\u00b7s !Vous y trouvez toutes les infos utiles \u00e0 votre entr\u00e9e en GSE.&nbsp; Le guide est t\u00e9l\u00e9chargeable ici :<\/p>\n","protected":false},"author":1002026,"featured_media":0,"parent":20,"menu_order":0,"comment_status":"closed","ping_status":"closed","template":"","meta":{"_seopress_robots_primary_cat":"","_seopress_titles_title":"","_seopress_titles_desc":"","_seopress_robots_index":"","ngg_post_thumbnail":0,"footnotes":""},"class_list":["post-1577","page","type-page","status-publish"],"_links":{"self":[{"href":"https:\/\/wp.unil.ch\/aege\/wp-json\/wp\/v2\/pages\/1577","targetHints":{"allow":["GET"]}}],"collection":[{"href":"https:\/\/wp.unil.ch\/aege\/wp-json\/wp\/v2\/pages"}],"about":[{"href":"https:\/\/wp.unil.ch\/aege\/wp-json\/wp\/v2\/types\/page"}],"author":[{"embeddable":true,"href":"https:\/\/wp.unil.ch\/aege\/wp-json\/wp\/v2\/users\/1002026"}],"replies":[{"embeddable":true,"href":"https:\/\/wp.unil.ch\/aege\/wp-json\/wp\/v2\/comments?post=1577"}],"version-history":[{"count":2,"href":"https:\/\/wp.unil.ch\/aege\/wp-json\/wp\/v2\/pages\/1577\/revisions"}],"predecessor-version":[{"id":2456,"href":"https:\/\/wp.unil.ch\/aege\/wp-json\/wp\/v2\/pages\/1577\/revisions\/2456"}],"up":[{"embeddable":true,"href":"https:\/\/wp.unil.ch\/aege\/wp-json\/wp\/v2\/pages\/20"}],"wp:attachment":[{"href":"https:\/\/wp.unil.ch\/aege\/wp-json\/wp\/v2\/media?parent=1577"}],"curies":[{"name":"wp","href":"https:\/\/api.w.org\/{rel}","templated":true}]}}