{"id":1565,"date":"2019-11-25T18:38:22","date_gmt":"2019-11-25T17:38:22","guid":{"rendered":"http:\/\/wp.unil.ch\/aege\/?page_id=1565"},"modified":"2023-03-16T08:39:40","modified_gmt":"2023-03-16T07:39:40","slug":"pulls-patches-gse","status":"publish","type":"page","link":"https:\/\/wp.unil.ch\/aege\/pulls-patches-gse\/","title":{"rendered":"Pulls &amp; Patches GSE"},"content":{"rendered":"<p><strong>PULLS<\/strong><\/p>\n<p>Le retour des pulls GSE, oui, ils sont bient\u00f4t l\u00e0 !!!<\/p>\n<p>Viens les essayer tous les jours de 12h \u00e0 13h du 21 au 25 mars au bureau de l&rsquo;AEGE, G\u00e9opolis 4430.<br \/>\nIls sont \u00e0 commander lors de l&rsquo;essayage, avec ou sans capuche, et gris ou en vert.<br \/>\nOn a essay\u00e9 d&rsquo;avoir une emprunte \u00e9cologique la plus faible possible !<\/p>\n<p><a href=\"https:\/\/wp.unil.ch\/aege\/files\/2022\/03\/IMG_20220308_130645.jpg\"><img alt=\"\" loading=\"lazy\" decoding=\"async\" class=\"alignnone  wp-image-1969\" src=\"https:\/\/wp.unil.ch\/aege\/files\/2022\/03\/IMG_20220308_130645.jpg\" alt=\"\" width=\"544\" height=\"544\" srcset=\"https:\/\/wp.unil.ch\/aege\/files\/2022\/03\/IMG_20220308_130645.jpg 1200w, https:\/\/wp.unil.ch\/aege\/files\/2022\/03\/IMG_20220308_130645-300x300.jpg 300w, https:\/\/wp.unil.ch\/aege\/files\/2022\/03\/IMG_20220308_130645-1024x1024.jpg 1024w, https:\/\/wp.unil.ch\/aege\/files\/2022\/03\/IMG_20220308_130645-150x150.jpg 150w, https:\/\/wp.unil.ch\/aege\/files\/2022\/03\/IMG_20220308_130645-768x768.jpg 768w, https:\/\/wp.unil.ch\/aege\/files\/2022\/03\/IMG_20220308_130645-230x230.jpg 230w, https:\/\/wp.unil.ch\/aege\/files\/2022\/03\/IMG_20220308_130645-365x365.jpg 365w\" sizes=\"auto, (max-width: 544px) 100vw, 544px\" \/><\/a> <a href=\"https:\/\/wp.unil.ch\/aege\/files\/2022\/03\/IMG_20220308_130829.jpg\"><img alt=\"\" loading=\"lazy\" decoding=\"async\" class=\"alignnone  wp-image-1970\" src=\"https:\/\/wp.unil.ch\/aege\/files\/2022\/03\/IMG_20220308_130829.jpg\" alt=\"\" width=\"544\" height=\"544\" srcset=\"https:\/\/wp.unil.ch\/aege\/files\/2022\/03\/IMG_20220308_130829.jpg 1200w, https:\/\/wp.unil.ch\/aege\/files\/2022\/03\/IMG_20220308_130829-300x300.jpg 300w, https:\/\/wp.unil.ch\/aege\/files\/2022\/03\/IMG_20220308_130829-1024x1024.jpg 1024w, https:\/\/wp.unil.ch\/aege\/files\/2022\/03\/IMG_20220308_130829-150x150.jpg 150w, https:\/\/wp.unil.ch\/aege\/files\/2022\/03\/IMG_20220308_130829-768x768.jpg 768w, https:\/\/wp.unil.ch\/aege\/files\/2022\/03\/IMG_20220308_130829-230x230.jpg 230w, https:\/\/wp.unil.ch\/aege\/files\/2022\/03\/IMG_20220308_130829-365x365.jpg 365w\" sizes=\"auto, (max-width: 544px) 100vw, 544px\" \/><\/a><\/p>\n<p>&nbsp;<\/p>\n<p><strong>PATCHES<\/strong><\/p>\n<p>Ils sont l\u00e0, petits, moyens, grands, noirs, blancs, rouges, verts, bleus, moutardes,&#8230; Chacun.ex trouvera son bonheur parmi l&rsquo;arc-en-ciel de couleurs que l&rsquo;on esp\u00e8re voir briller dans tout G\u00e9opolis, aux g\u00e9obalades, workchopes et au conseil de facult\u00e9.<\/p>\n<p>Merci \u00e0 Nelia pour le logo original du sapin et \u00e0 Diego pour les modifications !<\/p>\n<p>Comment s&rsquo;en procurer ? Passes au bureau aux horaires communiqu\u00e9s par e-mail ou fais nous un petit message.<\/p>\n<p>A payer cash:<\/p>\n<p>Petit:&nbsp; &nbsp;&nbsp;&nbsp; 4.-<br \/>\nMoyen:&nbsp; 6.-<br \/>\nGrand:&nbsp;&nbsp; 8.-<\/p>\n<p>Ils peuvent \u00eatre directement coll\u00e9s sur diff\u00e9rents tissus \u00e0 l&rsquo;aide d&rsquo;un fer \u00e0 repasser, ou cousus pour les plus motiv\u00e9.ex.<\/p>\n<p><a href=\"https:\/\/wp.unil.ch\/aege\/files\/2021\/05\/photo_2021-05-26-21.53.21.jpeg\"><img alt=\"\" loading=\"lazy\" decoding=\"async\" class=\"alignnone size-medium wp-image-1843\" src=\"https:\/\/wp.unil.ch\/aege\/files\/2021\/05\/photo_2021-05-26-21.53.21-225x300.jpeg\" alt=\"\" width=\"225\" height=\"300\" srcset=\"https:\/\/wp.unil.ch\/aege\/files\/2021\/05\/photo_2021-05-26-21.53.21-225x300.jpeg 225w, https:\/\/wp.unil.ch\/aege\/files\/2021\/05\/photo_2021-05-26-21.53.21-768x1024.jpeg 768w, https:\/\/wp.unil.ch\/aege\/files\/2021\/05\/photo_2021-05-26-21.53.21.jpeg 900w\" sizes=\"auto, (max-width: 225px) 100vw, 225px\" \/><\/a> <a href=\"https:\/\/wp.unil.ch\/aege\/files\/2021\/05\/photo_2021-05-26-21.53.08.jpeg\"><img alt=\"\" loading=\"lazy\" decoding=\"async\" class=\"alignnone size-medium wp-image-1844\" src=\"https:\/\/wp.unil.ch\/aege\/files\/2021\/05\/photo_2021-05-26-21.53.08-225x300.jpeg\" alt=\"\" width=\"225\" height=\"300\" srcset=\"https:\/\/wp.unil.ch\/aege\/files\/2021\/05\/photo_2021-05-26-21.53.08-225x300.jpeg 225w, https:\/\/wp.unil.ch\/aege\/files\/2021\/05\/photo_2021-05-26-21.53.08-768x1024.jpeg 768w, https:\/\/wp.unil.ch\/aege\/files\/2021\/05\/photo_2021-05-26-21.53.08.jpeg 900w\" sizes=\"auto, (max-width: 225px) 100vw, 225px\" \/><\/a> <a href=\"https:\/\/wp.unil.ch\/aege\/files\/2021\/05\/photo_2021-05-26-21.53.12.jpeg\"><img alt=\"\" loading=\"lazy\" decoding=\"async\" class=\"alignnone size-medium wp-image-1845\" src=\"https:\/\/wp.unil.ch\/aege\/files\/2021\/05\/photo_2021-05-26-21.53.12-225x300.jpeg\" alt=\"\" width=\"225\" height=\"300\" srcset=\"https:\/\/wp.unil.ch\/aege\/files\/2021\/05\/photo_2021-05-26-21.53.12-225x300.jpeg 225w, https:\/\/wp.unil.ch\/aege\/files\/2021\/05\/photo_2021-05-26-21.53.12-768x1024.jpeg 768w, https:\/\/wp.unil.ch\/aege\/files\/2021\/05\/photo_2021-05-26-21.53.12.jpeg 900w\" sizes=\"auto, (max-width: 225px) 100vw, 225px\" \/><\/a> <a href=\"https:\/\/wp.unil.ch\/aege\/files\/2021\/05\/photo_2021-05-26-21.53.25.jpeg\"><img alt=\"\" loading=\"lazy\" decoding=\"async\" class=\"alignnone size-medium wp-image-1846\" src=\"https:\/\/wp.unil.ch\/aege\/files\/2021\/05\/photo_2021-05-26-21.53.25-225x300.jpeg\" alt=\"\" width=\"225\" height=\"300\" srcset=\"https:\/\/wp.unil.ch\/aege\/files\/2021\/05\/photo_2021-05-26-21.53.25-225x300.jpeg 225w, https:\/\/wp.unil.ch\/aege\/files\/2021\/05\/photo_2021-05-26-21.53.25-768x1024.jpeg 768w, https:\/\/wp.unil.ch\/aege\/files\/2021\/05\/photo_2021-05-26-21.53.25.jpeg 900w\" sizes=\"auto, (max-width: 225px) 100vw, 225px\" \/><\/a> <a href=\"https:\/\/wp.unil.ch\/aege\/files\/2021\/05\/photo_2021-05-26-21.53.17.jpeg\"><img alt=\"\" loading=\"lazy\" decoding=\"async\" class=\"alignnone size-medium wp-image-1847\" src=\"https:\/\/wp.unil.ch\/aege\/files\/2021\/05\/photo_2021-05-26-21.53.17-225x300.jpeg\" alt=\"\" width=\"225\" height=\"300\" srcset=\"https:\/\/wp.unil.ch\/aege\/files\/2021\/05\/photo_2021-05-26-21.53.17-225x300.jpeg 225w, https:\/\/wp.unil.ch\/aege\/files\/2021\/05\/photo_2021-05-26-21.53.17-768x1024.jpeg 768w, https:\/\/wp.unil.ch\/aege\/files\/2021\/05\/photo_2021-05-26-21.53.17.jpeg 900w\" sizes=\"auto, (max-width: 225px) 100vw, 225px\" \/><\/a> <a href=\"https:\/\/wp.unil.ch\/aege\/files\/2021\/05\/photo_2021-05-26-21.53.18.jpeg\"><img alt=\"\" loading=\"lazy\" decoding=\"async\" class=\"alignnone size-medium wp-image-1848\" src=\"https:\/\/wp.unil.ch\/aege\/files\/2021\/05\/photo_2021-05-26-21.53.18-225x300.jpeg\" alt=\"\" width=\"225\" height=\"300\" srcset=\"https:\/\/wp.unil.ch\/aege\/files\/2021\/05\/photo_2021-05-26-21.53.18-225x300.jpeg 225w, https:\/\/wp.unil.ch\/aege\/files\/2021\/05\/photo_2021-05-26-21.53.18-768x1024.jpeg 768w, https:\/\/wp.unil.ch\/aege\/files\/2021\/05\/photo_2021-05-26-21.53.18.jpeg 900w\" sizes=\"auto, (max-width: 225px) 100vw, 225px\" \/><\/a> <a href=\"https:\/\/wp.unil.ch\/aege\/files\/2021\/05\/photo_2021-05-26-21.53.23.jpeg\"><img alt=\"\" loading=\"lazy\" decoding=\"async\" class=\"alignnone size-medium wp-image-1849\" src=\"https:\/\/wp.unil.ch\/aege\/files\/2021\/05\/photo_2021-05-26-21.53.23-225x300.jpeg\" alt=\"\" width=\"225\" height=\"300\" srcset=\"https:\/\/wp.unil.ch\/aege\/files\/2021\/05\/photo_2021-05-26-21.53.23-225x300.jpeg 225w, https:\/\/wp.unil.ch\/aege\/files\/2021\/05\/photo_2021-05-26-21.53.23-768x1024.jpeg 768w, https:\/\/wp.unil.ch\/aege\/files\/2021\/05\/photo_2021-05-26-21.53.23.jpeg 900w\" sizes=\"auto, (max-width: 225px) 100vw, 225px\" \/><\/a> <a href=\"https:\/\/wp.unil.ch\/aege\/files\/2021\/05\/photo_2021-05-26-21.53.22.jpeg\"><img alt=\"\" loading=\"lazy\" decoding=\"async\" class=\"alignnone size-medium wp-image-1850\" src=\"https:\/\/wp.unil.ch\/aege\/files\/2021\/05\/photo_2021-05-26-21.53.22-225x300.jpeg\" alt=\"\" width=\"225\" height=\"300\" srcset=\"https:\/\/wp.unil.ch\/aege\/files\/2021\/05\/photo_2021-05-26-21.53.22-225x300.jpeg 225w, https:\/\/wp.unil.ch\/aege\/files\/2021\/05\/photo_2021-05-26-21.53.22-768x1024.jpeg 768w, https:\/\/wp.unil.ch\/aege\/files\/2021\/05\/photo_2021-05-26-21.53.22.jpeg 900w\" sizes=\"auto, (max-width: 225px) 100vw, 225px\" \/><\/a> <a href=\"https:\/\/wp.unil.ch\/aege\/files\/2021\/05\/photo_2021-05-26-21.53.14.jpeg\"><img alt=\"\" loading=\"lazy\" decoding=\"async\" class=\"alignnone size-medium wp-image-1851\" src=\"https:\/\/wp.unil.ch\/aege\/files\/2021\/05\/photo_2021-05-26-21.53.14-225x300.jpeg\" alt=\"\" width=\"225\" height=\"300\" srcset=\"https:\/\/wp.unil.ch\/aege\/files\/2021\/05\/photo_2021-05-26-21.53.14-225x300.jpeg 225w, https:\/\/wp.unil.ch\/aege\/files\/2021\/05\/photo_2021-05-26-21.53.14-768x1024.jpeg 768w, https:\/\/wp.unil.ch\/aege\/files\/2021\/05\/photo_2021-05-26-21.53.14.jpeg 900w\" sizes=\"auto, (max-width: 225px) 100vw, 225px\" \/><\/a> <a href=\"https:\/\/wp.unil.ch\/aege\/files\/2021\/05\/photo_2021-05-26-21.53.15.jpeg\"><img alt=\"\" loading=\"lazy\" decoding=\"async\" class=\"alignnone size-medium wp-image-1852\" src=\"https:\/\/wp.unil.ch\/aege\/files\/2021\/05\/photo_2021-05-26-21.53.15-225x300.jpeg\" alt=\"\" width=\"225\" height=\"300\" srcset=\"https:\/\/wp.unil.ch\/aege\/files\/2021\/05\/photo_2021-05-26-21.53.15-225x300.jpeg 225w, https:\/\/wp.unil.ch\/aege\/files\/2021\/05\/photo_2021-05-26-21.53.15-768x1024.jpeg 768w, https:\/\/wp.unil.ch\/aege\/files\/2021\/05\/photo_2021-05-26-21.53.15.jpeg 900w\" sizes=\"auto, (max-width: 225px) 100vw, 225px\" \/><\/a> <a href=\"https:\/\/wp.unil.ch\/aege\/files\/2021\/05\/photo_2021-05-26-21.53.16.jpeg\"><img alt=\"\" loading=\"lazy\" decoding=\"async\" class=\"alignnone size-medium wp-image-1853\" src=\"https:\/\/wp.unil.ch\/aege\/files\/2021\/05\/photo_2021-05-26-21.53.16-225x300.jpeg\" alt=\"\" width=\"225\" height=\"300\" srcset=\"https:\/\/wp.unil.ch\/aege\/files\/2021\/05\/photo_2021-05-26-21.53.16-225x300.jpeg 225w, https:\/\/wp.unil.ch\/aege\/files\/2021\/05\/photo_2021-05-26-21.53.16-768x1024.jpeg 768w, https:\/\/wp.unil.ch\/aege\/files\/2021\/05\/photo_2021-05-26-21.53.16.jpeg 900w\" sizes=\"auto, (max-width: 225px) 100vw, 225px\" \/><\/a> <a href=\"https:\/\/wp.unil.ch\/aege\/files\/2021\/05\/photo_2021-05-26-21.53.24.jpeg\"><img alt=\"\" loading=\"lazy\" decoding=\"async\" class=\"alignnone size-medium wp-image-1854\" src=\"https:\/\/wp.unil.ch\/aege\/files\/2021\/05\/photo_2021-05-26-21.53.24-225x300.jpeg\" alt=\"\" width=\"225\" height=\"300\" srcset=\"https:\/\/wp.unil.ch\/aege\/files\/2021\/05\/photo_2021-05-26-21.53.24-225x300.jpeg 225w, https:\/\/wp.unil.ch\/aege\/files\/2021\/05\/photo_2021-05-26-21.53.24-768x1024.jpeg 768w, https:\/\/wp.unil.ch\/aege\/files\/2021\/05\/photo_2021-05-26-21.53.24.jpeg 900w\" sizes=\"auto, (max-width: 225px) 100vw, 225px\" \/><\/a><\/p>\n<p>Toujours aussi Belleaux, les membres du comit\u00e9 ont pos\u00e9 pour vous, avec deux palmes d\u00e9cern\u00e9es par l&rsquo;auteur de cet article, \u00e0 Romain pour son jeu d&rsquo;acteur sans pr\u00e9c\u00e9dent, et \u00e0 Ella, pour son style cyclopatriote in\u00e9gal\u00e9 dans aucune alleycat.<\/p>\n","protected":false},"excerpt":{"rendered":"<p>PULLS Le retour des pulls GSE, oui, ils sont bient\u00f4t l\u00e0 !!! Viens les essayer tous les jours de 12h \u00e0 13h du 21 au 25 mars au bureau de l&rsquo;AEGE, G\u00e9opolis 4430. Ils sont \u00e0 commander lors de l&rsquo;essayage,<\/p>\n","protected":false},"author":931,"featured_media":0,"parent":0,"menu_order":0,"comment_status":"closed","ping_status":"closed","template":"","meta":{"_seopress_robots_primary_cat":"","_seopress_titles_title":"","_seopress_titles_desc":"","_seopress_robots_index":"","ngg_post_thumbnail":0,"footnotes":""},"class_list":["post-1565","page","type-page","status-publish"],"_links":{"self":[{"href":"https:\/\/wp.unil.ch\/aege\/wp-json\/wp\/v2\/pages\/1565","targetHints":{"allow":["GET"]}}],"collection":[{"href":"https:\/\/wp.unil.ch\/aege\/wp-json\/wp\/v2\/pages"}],"about":[{"href":"https:\/\/wp.unil.ch\/aege\/wp-json\/wp\/v2\/types\/page"}],"author":[{"embeddable":true,"href":"https:\/\/wp.unil.ch\/aege\/wp-json\/wp\/v2\/users\/931"}],"replies":[{"embeddable":true,"href":"https:\/\/wp.unil.ch\/aege\/wp-json\/wp\/v2\/comments?post=1565"}],"version-history":[{"count":0,"href":"https:\/\/wp.unil.ch\/aege\/wp-json\/wp\/v2\/pages\/1565\/revisions"}],"wp:attachment":[{"href":"https:\/\/wp.unil.ch\/aege\/wp-json\/wp\/v2\/media?parent=1565"}],"curies":[{"name":"wp","href":"https:\/\/api.w.org\/{rel}","templated":true}]}}