{"id":1501,"date":"2019-11-06T13:24:13","date_gmt":"2019-11-06T12:24:13","guid":{"rendered":"http:\/\/wp.unil.ch\/aege\/?page_id=1501"},"modified":"2020-09-09T17:29:49","modified_gmt":"2020-09-09T15:29:49","slug":"durabilite","status":"publish","type":"page","link":"https:\/\/wp.unil.ch\/aege\/durabilite\/","title":{"rendered":"Durabilit\u00e9"},"content":{"rendered":"\n<p>En tant que futur\u00b7e\u00b7x\u00b7s g\u00e9ographes, environnementalistes ou g\u00e9ologues, les probl\u00e9matiques li\u00e9es \u00e0 la durabilit\u00e9 nous tiennent \u00e0 c\u0153ur. Ainsi, l\u2019AEGE s\u2019engage pour cette cause en incluant la vision de durabilit\u00e9 dans ses activit\u00e9s et en soutenant les projets durables du campus.<\/p>\n\n\n<h5><strong>Buts du Groupe de Projet \u00ab\u00a0Durabilit\u00e9\u00a0\u00bb<\/strong><\/h5>\n<ul>\n<li>\n<p>Engager des r\u00e9flexions \u00e0 propos de la durabilit\u00e9 au sein de nos activit\u00e9s &amp; de notre environnement quotidien<\/p>\n<\/li>\n<li>\n<p>Participer aux divers projets li\u00e9s \u00e0 la durabilit\u00e9 sur le campus en collaborant avec d\u2019autres associations int\u00e9ress\u00e9es par le sujet (par exemple : Maison de la Durabilit\u00e9,&#8230;)<\/p>\n<\/li>\n<li>\n<p>Sensibiliser les \u00e9tudiant\u00b7e<span style=\"float: none;background-color: #ffffff;color: #191e23;cursor: text;font-family: 'Noto Serif';font-size: 16px;font-style: normal;font-variant: normal;font-weight: 400;letter-spacing: normal;text-align: left;text-decoration: none;text-indent: 0px;text-transform: none\">\u00b7<\/span>s (par exemple : pollution num\u00e9rique, utilisation du papier,&#8230;)<\/p>\n<\/li>\n<li>\n<p>R\u00e9aliser de petites actions concr\u00e8tes pouvant \u00eatre mises en place en collaboration avec diverses entit\u00e9s (Facult\u00e9 de GSE, B\u00e2timent G\u00e9opolis, Caf\u00e9t\u00e9ria SV,&#8230;)<span style=\"float: none;background-color: #ffffff;color: #191e23;cursor: text;font-family: 'Noto Serif';font-size: 16px;font-style: normal;font-variant: normal;font-weight: 400;letter-spacing: normal;text-align: left;text-decoration: none;text-indent: 0px;text-transform: none\">&nbsp;<\/span><\/p>\n<\/li>\n<\/ul>\n<h5><strong>Durabilit\u00e9 au sein des \u00e9v\u00e9nements de l&rsquo;AEGE<br><\/strong><\/h5>\n<ul>\n<li>\n<p><span style=\"text-decoration: underline\">Consommation responsable<\/span> : Nous nous procurons des produits locaux aupr\u00e8s de producteurs de la r\u00e9gion.<\/p>\n<\/li>\n<li>\n<p><span style=\"text-decoration: underline\">Limitation des d\u00e9chets<\/span> : Nous demandons aux participant\u00b7e\u00b7s de nos \u00e9v\u00e9nements d&rsquo;amener leurs propres couverts, verre et assiette afin de limiter les d\u00e9chets.<\/p>\n<\/li>\n<li>\n<p><span style=\"text-decoration: underline\">Workchopes<\/span> : Nous avons chang\u00e9 le fonctionnement des Workchopes-Sagres&#8230; En effet, nous avons cr\u00e9\u00e9 un partenariat avec la brasserie Boxer d&rsquo;Yverdon, afin d&rsquo;offrir des bi\u00e8res brass\u00e9es \u00e0 environ 30km du lieu de d\u00e9gustation &amp; de proposer ces breuvages dans des bouteilles consign\u00e9es!<\/p>\n<\/li>\n<li>\n<p>&#8230;<\/p>\n<\/li>\n<\/ul>\n\n\n<p>Si tu as des suggestions ou que tu d\u00e9sires te joindre \u00e0 nous pour en discuter ou prendre part \u00e0 nos activit\u00e9s, n&rsquo;h\u00e9site pas \u00e0 nous \u00e9crire \u00e0 aege@unil.ch !<\/p>\n","protected":false},"excerpt":{"rendered":"<p>En tant que futur\u00b7e\u00b7x\u00b7s g\u00e9ographes, environnementalistes ou g\u00e9ologues, les probl\u00e9matiques li\u00e9es \u00e0 la durabilit\u00e9 nous tiennent \u00e0 c\u0153ur. Ainsi, l\u2019AEGE s\u2019engage pour cette cause en incluant la vision de durabilit\u00e9 dans ses activit\u00e9s et en soutenant les projets durables du<\/p>\n","protected":false},"author":931,"featured_media":0,"parent":0,"menu_order":0,"comment_status":"closed","ping_status":"closed","template":"","meta":{"_seopress_robots_primary_cat":"","_seopress_titles_title":"","_seopress_titles_desc":"","_seopress_robots_index":"","ngg_post_thumbnail":0,"footnotes":""},"class_list":["post-1501","page","type-page","status-publish"],"_links":{"self":[{"href":"https:\/\/wp.unil.ch\/aege\/wp-json\/wp\/v2\/pages\/1501","targetHints":{"allow":["GET"]}}],"collection":[{"href":"https:\/\/wp.unil.ch\/aege\/wp-json\/wp\/v2\/pages"}],"about":[{"href":"https:\/\/wp.unil.ch\/aege\/wp-json\/wp\/v2\/types\/page"}],"author":[{"embeddable":true,"href":"https:\/\/wp.unil.ch\/aege\/wp-json\/wp\/v2\/users\/931"}],"replies":[{"embeddable":true,"href":"https:\/\/wp.unil.ch\/aege\/wp-json\/wp\/v2\/comments?post=1501"}],"version-history":[{"count":0,"href":"https:\/\/wp.unil.ch\/aege\/wp-json\/wp\/v2\/pages\/1501\/revisions"}],"wp:attachment":[{"href":"https:\/\/wp.unil.ch\/aege\/wp-json\/wp\/v2\/media?parent=1501"}],"curies":[{"name":"wp","href":"https:\/\/api.w.org\/{rel}","templated":true}]}}