{"id":145,"date":"2012-07-10T11:30:38","date_gmt":"2012-07-10T09:30:38","guid":{"rendered":"http:\/\/wp.unil.ch\/aege\/?page_id=145"},"modified":"2022-12-17T19:20:24","modified_gmt":"2022-12-17T18:20:24","slug":"geos-night","status":"publish","type":"page","link":"https:\/\/wp.unil.ch\/aege\/evenements\/geos-night\/","title":{"rendered":"G\u00e9o&rsquo;s Night"},"content":{"rendered":"<p>&nbsp;<\/p>\n<p>La g\u00e9o&rsquo;s night c&rsquo;est une nuit de folie entre les murs de Zelig. Musiques d&rsquo;avant, d&rsquo;aujourd&rsquo;hui, de toujours pour vous faire taper du pieds toute la soir\u00e9e !<br \/>\nLa G\u00e9o&rsquo;s Night a lieu une fois par ann\u00e9e et est ouverte \u00e0 tous pour la modique somme de 5.- \u00e0 l&rsquo;entr\u00e9e. L&rsquo;occasion r\u00eav\u00e9e de frimer devant une foule en transe et d&rsquo;exposer vos derni\u00e8res chor\u00e9es r\u00e9vis\u00e9es (ou pas) !<\/p>\nngg_shortcode_0_placeholder\n","protected":false},"excerpt":{"rendered":"<p>&nbsp; La g\u00e9o&rsquo;s night c&rsquo;est une nuit de folie entre les murs de Zelig. Musiques d&rsquo;avant, d&rsquo;aujourd&rsquo;hui, de toujours pour vous faire taper du pieds toute la soir\u00e9e ! La G\u00e9o&rsquo;s Night a lieu une fois par ann\u00e9e et est<\/p>\n","protected":false},"author":931,"featured_media":0,"parent":36,"menu_order":4,"comment_status":"closed","ping_status":"closed","template":"","meta":{"_seopress_robots_primary_cat":"","_seopress_titles_title":"","_seopress_titles_desc":"","_seopress_robots_index":"","ngg_post_thumbnail":0,"footnotes":""},"class_list":["post-145","page","type-page","status-publish"],"_links":{"self":[{"href":"https:\/\/wp.unil.ch\/aege\/wp-json\/wp\/v2\/pages\/145","targetHints":{"allow":["GET"]}}],"collection":[{"href":"https:\/\/wp.unil.ch\/aege\/wp-json\/wp\/v2\/pages"}],"about":[{"href":"https:\/\/wp.unil.ch\/aege\/wp-json\/wp\/v2\/types\/page"}],"author":[{"embeddable":true,"href":"https:\/\/wp.unil.ch\/aege\/wp-json\/wp\/v2\/users\/931"}],"replies":[{"embeddable":true,"href":"https:\/\/wp.unil.ch\/aege\/wp-json\/wp\/v2\/comments?post=145"}],"version-history":[{"count":0,"href":"https:\/\/wp.unil.ch\/aege\/wp-json\/wp\/v2\/pages\/145\/revisions"}],"up":[{"embeddable":true,"href":"https:\/\/wp.unil.ch\/aege\/wp-json\/wp\/v2\/pages\/36"}],"wp:attachment":[{"href":"https:\/\/wp.unil.ch\/aege\/wp-json\/wp\/v2\/media?parent=145"}],"curies":[{"name":"wp","href":"https:\/\/api.w.org\/{rel}","templated":true}]}}