{"id":1219,"date":"2016-04-23T21:35:23","date_gmt":"2016-04-23T19:35:23","guid":{"rendered":"http:\/\/wp.unil.ch\/aege\/?page_id=1219"},"modified":"2019-11-25T18:33:04","modified_gmt":"2019-11-25T17:33:04","slug":"joutes-sportives","status":"publish","type":"page","link":"https:\/\/wp.unil.ch\/aege\/evenements\/joutes-sportives\/","title":{"rendered":"Joutes Sportives"},"content":{"rendered":"<p><span style=\"color: #ff6600\"><em><strong>[En construction!]<\/strong><\/em><\/span><\/p>\n<p>Les Joutes Sportives des GSE forment un des derniers \u00e9v\u00e9nements de l\u2019ann\u00e9e : c&rsquo;est l&rsquo;occasion de s&rsquo;\u00e9triper joyeusement en \u00e9quipes sur des \u00e9preuves hercul\u00e9ennes telles que le ski coordonn\u00e9 ou le lancer de bi\u00e8re, au soleil avec g\u00e9n\u00e9ralement une soir\u00e9e barbecue pour cl\u00f4turer les joyeuset\u00e9s.<\/p>\n<p>L\u2019\u00e9quipe gagnante remporte le troph\u00e9e supr\u00eame des G\u00e9osciences&#8230; pourquoi pas toi cette ann\u00e9e ?<\/p>\n<p><a href=\"https:\/\/wp.unil.ch\/aege\/files\/2016\/04\/10466981_959796304051133_2524088937566635756_o.jpg\"><img loading=\"lazy\" decoding=\"async\" width=\"1067\" height=\"800\" class=\"alignnone size-full wp-image-1220\" alt=\"10466981_959796304051133_2524088937566635756_o\" src=\"https:\/\/wp.unil.ch\/aege\/files\/2016\/04\/10466981_959796304051133_2524088937566635756_o.jpg\"><\/a><\/p>\n","protected":false},"excerpt":{"rendered":"<p>[En construction!] Les Joutes Sportives des GSE forment un des derniers \u00e9v\u00e9nements de l\u2019ann\u00e9e : c&rsquo;est l&rsquo;occasion de s&rsquo;\u00e9triper joyeusement en \u00e9quipes sur des \u00e9preuves hercul\u00e9ennes telles que le ski coordonn\u00e9 ou le lancer de bi\u00e8re, au soleil avec g\u00e9n\u00e9ralement<\/p>\n","protected":false},"author":931,"featured_media":0,"parent":36,"menu_order":5,"comment_status":"closed","ping_status":"closed","template":"","meta":{"_seopress_robots_primary_cat":"","_seopress_titles_title":"","_seopress_titles_desc":"","_seopress_robots_index":"","ngg_post_thumbnail":0,"footnotes":""},"class_list":["post-1219","page","type-page","status-publish"],"_links":{"self":[{"href":"https:\/\/wp.unil.ch\/aege\/wp-json\/wp\/v2\/pages\/1219","targetHints":{"allow":["GET"]}}],"collection":[{"href":"https:\/\/wp.unil.ch\/aege\/wp-json\/wp\/v2\/pages"}],"about":[{"href":"https:\/\/wp.unil.ch\/aege\/wp-json\/wp\/v2\/types\/page"}],"author":[{"embeddable":true,"href":"https:\/\/wp.unil.ch\/aege\/wp-json\/wp\/v2\/users\/931"}],"replies":[{"embeddable":true,"href":"https:\/\/wp.unil.ch\/aege\/wp-json\/wp\/v2\/comments?post=1219"}],"version-history":[{"count":0,"href":"https:\/\/wp.unil.ch\/aege\/wp-json\/wp\/v2\/pages\/1219\/revisions"}],"up":[{"embeddable":true,"href":"https:\/\/wp.unil.ch\/aege\/wp-json\/wp\/v2\/pages\/36"}],"wp:attachment":[{"href":"https:\/\/wp.unil.ch\/aege\/wp-json\/wp\/v2\/media?parent=1219"}],"curies":[{"name":"wp","href":"https:\/\/api.w.org\/{rel}","templated":true}]}}