{"id":12,"date":"2012-07-10T09:21:47","date_gmt":"2012-07-10T07:21:47","guid":{"rendered":"http:\/\/wp.unil.ch\/aege\/?page_id=12"},"modified":"2023-03-16T09:27:37","modified_gmt":"2023-03-16T08:27:37","slug":"documents-utiles","status":"publish","type":"page","link":"https:\/\/wp.unil.ch\/aege\/lassociation\/documents-utiles\/","title":{"rendered":"Liens utiles"},"content":{"rendered":"<p><em>&nbsp;<span style=\"color: #ff6600\"><strong>[En construction!]<\/strong><\/span><\/em><\/p>\n<p><a href=\"https:\/\/www.facebook.com\/groups\/aegeunil\/\">Groupe Facebook de L&rsquo;AEGE<\/a><br \/>\n<a href=\"https:\/\/www.asso-unil.ch\/pangea\/\">PANGEA: Association des G\u00e9ologues<\/a><br \/>\n<a href=\"https:\/\/argile.ch\/\">ArGiLe: Association des G\u00e9ographes de l&rsquo;Universit\u00e9 de Lausanne<\/a><br \/>\n<a href=\"https:\/\/www.unil.ch\/acidul\">ACIDUL : Association du Corp Interm\u00e9diaire et des Doctorants de l&rsquo;Universit\u00e9 de Lausanne<\/a><br \/>\n<a href=\"https:\/\/fae-unil.ch\/\">FAE: F\u00e9d\u00e9ration des Associations d&rsquo;Etudiant(e)s<\/a><br \/>\n<a href=\"https:\/\/www.unil.ch\/gse\">FGSE : Facult\u00e9 des G\u00e9osciences et de l&rsquo;Environnement<\/a><br \/>\n<a href=\"https:\/\/www.unil.ch\/igd\">IGD : Institut de G\u00e9ographie et Durabilit\u00e9<\/a><br \/>\n<a href=\"https:\/\/www.unil.ch\/iste\">ISTE : Institut des Sciences de la Terre<\/a><br \/>\n<a href=\"https:\/\/www.unil.ch\/idyst\">IDYST : Institut des dynamiques de la surfacee terrestre<\/a><\/p>\n<hr>\n<p>&nbsp;<\/p>\n<p>&nbsp;<\/p>\n","protected":false},"excerpt":{"rendered":"<p>&nbsp;[En construction!] Groupe Facebook de L&rsquo;AEGE PANGEA: Association des G\u00e9ologues ArGiLe: Association des G\u00e9ographes de l&rsquo;Universit\u00e9 de Lausanne ACIDUL : Association du Corp Interm\u00e9diaire et des Doctorants de l&rsquo;Universit\u00e9 de Lausanne FAE: F\u00e9d\u00e9ration des Associations d&rsquo;Etudiant(e)s FGSE : Facult\u00e9 des<\/p>\n","protected":false},"author":931,"featured_media":0,"parent":20,"menu_order":1,"comment_status":"closed","ping_status":"closed","template":"","meta":{"_seopress_robots_primary_cat":"","_seopress_titles_title":"","_seopress_titles_desc":"","_seopress_robots_index":"","ngg_post_thumbnail":0,"footnotes":""},"class_list":["post-12","page","type-page","status-publish"],"_links":{"self":[{"href":"https:\/\/wp.unil.ch\/aege\/wp-json\/wp\/v2\/pages\/12","targetHints":{"allow":["GET"]}}],"collection":[{"href":"https:\/\/wp.unil.ch\/aege\/wp-json\/wp\/v2\/pages"}],"about":[{"href":"https:\/\/wp.unil.ch\/aege\/wp-json\/wp\/v2\/types\/page"}],"author":[{"embeddable":true,"href":"https:\/\/wp.unil.ch\/aege\/wp-json\/wp\/v2\/users\/931"}],"replies":[{"embeddable":true,"href":"https:\/\/wp.unil.ch\/aege\/wp-json\/wp\/v2\/comments?post=12"}],"version-history":[{"count":0,"href":"https:\/\/wp.unil.ch\/aege\/wp-json\/wp\/v2\/pages\/12\/revisions"}],"up":[{"embeddable":true,"href":"https:\/\/wp.unil.ch\/aege\/wp-json\/wp\/v2\/pages\/20"}],"wp:attachment":[{"href":"https:\/\/wp.unil.ch\/aege\/wp-json\/wp\/v2\/media?parent=12"}],"curies":[{"name":"wp","href":"https:\/\/api.w.org\/{rel}","templated":true}]}}