{"id":10,"date":"2012-07-10T09:20:44","date_gmt":"2012-07-10T07:20:44","guid":{"rendered":"http:\/\/wp.unil.ch\/aege\/?page_id=10"},"modified":"2025-12-09T13:58:36","modified_gmt":"2025-12-09T12:58:36","slug":"comite","status":"publish","type":"page","link":"https:\/\/wp.unil.ch\/aege\/lassociation\/comite\/","title":{"rendered":"Comit\u00e9"},"content":{"rendered":"<p>Le comit\u00e9 de l&rsquo;Association des \u00e9tudiant\u00b7e\u00b7x\u00b7s en G\u00e9osciences et Environnement se r\u00e9unit chaque semaine<strong>&nbsp;<\/strong>afin de vous organiser une vie estudiantine riche et diversifi\u00e9e.<\/p>\n<p>Alors que touxte \u00e9tudiant\u00b7e\u00b7x faisant partie de la Facult\u00e9 des G\u00e9osciences et de l&rsquo;Environnement est membre de l&rsquo;AEGE, les membres du comit\u00e9 sont \u00e9lu\u00b7e\u00b7x\u00b7s lors d&rsquo;un comit\u00e9 au fil de l&rsquo;ann\u00e9e (selon leur arriv\u00e9e) et les membres du bureau sont \u00e9lu\u00b7e\u00b7x\u00b7s lors de l&rsquo;Assembl\u00e9e G\u00e9n\u00e9rale.<\/p>\n<p>&nbsp;<\/p>\n<hr>\n<p style=\"padding-left: 40px\"><strong>Bureau (2025-2026)<\/strong><\/p>\n<div><span lang=\"FR-CH\">Philippe Tragli\u00e0<\/span> &nbsp; &nbsp; &nbsp; &nbsp; &nbsp; &nbsp; &nbsp; &nbsp; &nbsp; &nbsp; &nbsp;|&nbsp; <em>Co-pr\u00e9sident<br><\/em>Camille Michelini&nbsp; &nbsp; &nbsp; &nbsp; &nbsp; &nbsp; &nbsp; &nbsp; &nbsp; &nbsp;| <em>Co-pr\u00e9sidente<br><\/em>R\u00e9mi Vuillaume&nbsp; &nbsp; &nbsp; &nbsp; &nbsp; &nbsp; &nbsp; &nbsp; &nbsp; &nbsp; &nbsp;| <em>Co-<\/em>s<em>ecr\u00e9taire<\/em><br>Isadora Mouchailov&nbsp; &nbsp; &nbsp; &nbsp; &nbsp; &nbsp; &nbsp; | <em>Co-<\/em>s<em>ecr\u00e9taire<\/em><br>Ania L\u00fcchinger&nbsp; &nbsp; &nbsp; &nbsp; &nbsp; &nbsp; &nbsp; &nbsp; &nbsp; &nbsp; &nbsp; | <em>Co-tr\u00e9sori\u00e8re<\/em><br>Livio O&rsquo;neil&nbsp; &nbsp; &nbsp; &nbsp; &nbsp; &nbsp; &nbsp; &nbsp; &nbsp; &nbsp; &nbsp; &nbsp; &nbsp; &nbsp; &nbsp; | <em>Co-tr\u00e9sori\u00e8r<\/em><\/div>\n<div>Ella Monnard&nbsp; &nbsp; &nbsp; &nbsp; &nbsp; &nbsp; &nbsp; &nbsp; &nbsp; &nbsp; &nbsp; &nbsp; &nbsp;| <em>Co-responsable communication<\/em><\/div>\n<div>Soline Salamin &nbsp; &nbsp; &nbsp; &nbsp; &nbsp; &nbsp; &nbsp; &nbsp; &nbsp; &nbsp; &nbsp;| <em>Co-responsable communication<\/em><\/div>\n<div>Audrey Casutt &nbsp; &nbsp; &nbsp; &nbsp; &nbsp; &nbsp; &nbsp; &nbsp; &nbsp; &nbsp; &nbsp; | <em>Co-responsable partenariats externes<\/em><\/div>\n<div>Kaelan Teriaca&nbsp; &nbsp; &nbsp; &nbsp; &nbsp; &nbsp; &nbsp; &nbsp; &nbsp; &nbsp; &nbsp;| <em>Co-responsable partenariats externes<\/em><\/div>\n<hr>\n<p style=\"padding-left: 40px\"><strong>Membres du comit\u00e9 (2025-2026)<\/strong><\/p>\n<p style=\"padding-left: 40px\"><span lang=\"FR-CH\">Philippe Tragli\u00e0<\/span><\/p>\n<p style=\"padding-left: 40px\">Ania L\u00fcchinger<\/p>\n<p style=\"padding-left: 40px\">Camille Michelini<\/p>\n<p style=\"padding-left: 40px\">Alexandre Armada Aladid<\/p>\n<p style=\"padding-left: 40px\">L\u00e9onard Baumgartner<\/p>\n<p style=\"padding-left: 40px\">Lisa-Flore Coze<\/p>\n<p style=\"padding-left: 40px\">Kaelan Teriaca<\/p>\n<p style=\"padding-left: 40px\">Livio O&rsquo;neill<\/p>\n<p style=\"padding-left: 40px\">Maurane Nys<\/p>\n<p style=\"padding-left: 40px\">Isadora Mouchailov<\/p>\n<p style=\"padding-left: 40px\">Yanis Badet<\/p>\n<p style=\"padding-left: 40px\">Emilie Gogniat<\/p>\n<p style=\"padding-left: 40px\">Valentine Roch<\/p>\n<p style=\"padding-left: 40px\">Emma Guadagnolo<\/p>\n<p style=\"padding-left: 40px\">Luca Wirthner<\/p>\n<p style=\"padding-left: 40px\">Luz Molia<\/p>\n<p style=\"padding-left: 40px\">Noam Storrer<\/p>\n<p style=\"padding-left: 40px\">Audrey Casutt<\/p>\n<p style=\"padding-left: 40px\">Ella Monnard<\/p>\n<p style=\"padding-left: 40px\">Soline Salamin<\/p>\n<p>&nbsp; &nbsp; &nbsp; &nbsp; &nbsp; Xavier Despont&nbsp;<\/p>\n<p>&nbsp; &nbsp; &nbsp; &nbsp; &nbsp;R\u00e9mi Vuillaume&nbsp;<\/p>\n<p>&nbsp; &nbsp; &nbsp; &nbsp; &nbsp;Canelle Frossard&nbsp;<\/p>\n<p>&nbsp; &nbsp; &nbsp; &nbsp; &nbsp;Mounia Latour&nbsp;<\/p>\n<p>&nbsp;<\/p>\n<figure id=\"attachment_2597\" aria-describedby=\"caption-attachment-2597\" style=\"width: 273px\" class=\"wp-caption alignnone\"><a href=\"https:\/\/wp.unil.ch\/aege\/files\/2025\/09\/photo-2025-06-12-12-13-19.jpg\"><img loading=\"lazy\" decoding=\"async\" class=\" wp-image-2597\" src=\"https:\/\/wp.unil.ch\/aege\/files\/2025\/09\/photo-2025-06-12-12-13-19-225x300.jpg\" alt=\"photo 2025 06 12 12 13 19\" width=\"273\" height=\"364\" srcset=\"https:\/\/wp.unil.ch\/aege\/files\/2025\/09\/photo-2025-06-12-12-13-19-225x300.jpg 225w, https:\/\/wp.unil.ch\/aege\/files\/2025\/09\/photo-2025-06-12-12-13-19-768x1024.jpg 768w, https:\/\/wp.unil.ch\/aege\/files\/2025\/09\/photo-2025-06-12-12-13-19.jpg 900w\" sizes=\"auto, (max-width: 273px) 100vw, 273px\" \/><\/a><figcaption id=\"caption-attachment-2597\" class=\"wp-caption-text\">Photo apr\u00e8s l&rsquo;AG de juin 2025<\/figcaption><\/figure>\n<p>&nbsp;<\/p>\n\n\n<p><\/p>\n","protected":false},"excerpt":{"rendered":"<p>Le comit\u00e9 de l&rsquo;Association des \u00e9tudiant\u00b7e\u00b7x\u00b7s en G\u00e9osciences et Environnement se r\u00e9unit chaque semaine&nbsp;afin de vous organiser une vie estudiantine riche et diversifi\u00e9e. Alors que touxte \u00e9tudiant\u00b7e\u00b7x faisant partie de la Facult\u00e9 des G\u00e9osciences et de l&rsquo;Environnement est membre de<\/p>\n","protected":false},"author":931,"featured_media":0,"parent":20,"menu_order":0,"comment_status":"closed","ping_status":"closed","template":"","meta":{"_seopress_robots_primary_cat":"","_seopress_titles_title":"","_seopress_titles_desc":"","_seopress_robots_index":"","ngg_post_thumbnail":0,"footnotes":""},"class_list":["post-10","page","type-page","status-publish"],"_links":{"self":[{"href":"https:\/\/wp.unil.ch\/aege\/wp-json\/wp\/v2\/pages\/10","targetHints":{"allow":["GET"]}}],"collection":[{"href":"https:\/\/wp.unil.ch\/aege\/wp-json\/wp\/v2\/pages"}],"about":[{"href":"https:\/\/wp.unil.ch\/aege\/wp-json\/wp\/v2\/types\/page"}],"author":[{"embeddable":true,"href":"https:\/\/wp.unil.ch\/aege\/wp-json\/wp\/v2\/users\/931"}],"replies":[{"embeddable":true,"href":"https:\/\/wp.unil.ch\/aege\/wp-json\/wp\/v2\/comments?post=10"}],"version-history":[{"count":5,"href":"https:\/\/wp.unil.ch\/aege\/wp-json\/wp\/v2\/pages\/10\/revisions"}],"predecessor-version":[{"id":2673,"href":"https:\/\/wp.unil.ch\/aege\/wp-json\/wp\/v2\/pages\/10\/revisions\/2673"}],"up":[{"embeddable":true,"href":"https:\/\/wp.unil.ch\/aege\/wp-json\/wp\/v2\/pages\/20"}],"wp:attachment":[{"href":"https:\/\/wp.unil.ch\/aege\/wp-json\/wp\/v2\/media?parent=10"}],"curies":[{"name":"wp","href":"https:\/\/api.w.org\/{rel}","templated":true}]}}