{"id":6,"date":"2019-11-28T16:00:19","date_gmt":"2019-11-28T15:00:19","guid":{"rendered":"http:\/\/wp.unil.ch\/modele\/?page_id=6"},"modified":"2025-08-12T12:14:15","modified_gmt":"2025-08-12T10:14:15","slug":"home","status":"publish","type":"page","link":"https:\/\/wp.unil.ch\/aeefle\/","title":{"rendered":"Association des \u00e9tudiant\u00b7e\u00b7x\u00b7s de l&rsquo;EFLE"},"content":{"rendered":"\n<p><strong>Bienvenue sur le site de l\u2019Association des \u00e9tudiant\u00b7e\u00b7x\u00b7s de l\u2019\u00c9cole de Fran\u00e7ais Langue \u00c9trang\u00e8re (EFLE) de l\u2019Universit\u00e9 de Lausanne !<\/strong><\/p>\n\n\n\n<figure class=\"wp-block-image size-large\"><img loading=\"lazy\" decoding=\"async\" width=\"1024\" height=\"576\" src=\"https:\/\/wp.unil.ch\/aeefle\/files\/2025\/03\/3-1024x576.png\" alt=\"3\" class=\"wp-image-518\" srcset=\"https:\/\/wp.unil.ch\/aeefle\/files\/2025\/03\/3-1024x576.png 1024w, https:\/\/wp.unil.ch\/aeefle\/files\/2025\/03\/3-300x169.png 300w, https:\/\/wp.unil.ch\/aeefle\/files\/2025\/03\/3-768x432.png 768w, https:\/\/wp.unil.ch\/aeefle\/files\/2025\/03\/3-1536x864.png 1536w, https:\/\/wp.unil.ch\/aeefle\/files\/2025\/03\/3-540x304.png 540w, https:\/\/wp.unil.ch\/aeefle\/files\/2025\/03\/3-1080x608.png 1080w, https:\/\/wp.unil.ch\/aeefle\/files\/2025\/03\/3.png 1920w\" sizes=\"auto, (max-width: 1024px) 100vw, 1024px\" \/><\/figure>\n\n\n\n<p>Fond\u00e9e en 2023, notre association est le c\u0153ur battant de la communaut\u00e9 \u00e9tudiante de l\u2019EFLE.<\/p>\n\n\n\n<div class=\"wp-block-columns is-layout-flex wp-container-core-columns-is-layout-9d6595d7 wp-block-columns-is-layout-flex\">\n<div class=\"wp-block-column is-layout-flow wp-block-column-is-layout-flow\" style=\"flex-basis:100%\">\n<blockquote class=\"wp-block-quote is-layout-flow wp-block-quote-is-layout-flow\">\n<p><strong>Notre mission ?<\/strong> Repr\u00e9senter, d\u00e9fendre et surtout unir les \u00e9tudiants de l\u2019EFLE autour d\u2019un objectif commun : enrichir notre vie \u00e9tudiante et faciliter notre int\u00e9gration au sein de la soci\u00e9t\u00e9 en Suisse romande tout en partageant nos exp\u00e9riences v\u00e9cues en fran\u00e7ais langue \u00e9trang\u00e8re.<\/p>\n<\/blockquote>\n<\/div>\n<\/div>\n\n\n\n<p>Nous sommes anim\u00e9s par une \u00e9quipe d\u00e9vou\u00e9e, compos\u00e9e de membres actifs issus du corps estudiantin de l\u2019EFLE, et d\u2019un Bureau Ex\u00e9cutif dynamique (BE), incluant une pr\u00e9sidente, une secr\u00e9taire, et une tr\u00e9sori\u00e8re, qui coordonne nos actions chaque vendredi.<\/p>\n\n\n\n<blockquote class=\"wp-block-quote is-layout-flow wp-block-quote-is-layout-flow\">\n<p><strong>Notre vision ?<\/strong> Construire une communaut\u00e9 unie d\u2019\u00e9tudiant\u00b7e\u00b7x\u00b7s de l\u2019EFLE, un espace o\u00f9 chacun peut partager ses exp\u00e9riences, ses r\u00e9ussites, ses d\u00e9fis, et ses conseils pour vivre pleinement son parcours \u00e0 l&rsquo;UNIL. Nous croyons fermement que c\u2019est \u00e0 travers ce partage d\u2019exp\u00e9riences que nous pouvons enrichir notre vie \u00e9tudiante et faciliter notre int\u00e9gration, tant au sein de l\u2019universit\u00e9 qu&rsquo;en Suisse en g\u00e9n\u00e9ral.<\/p>\n<\/blockquote>\n\n\n\n<p>En plus de cr\u00e9er une communaut\u00e9 de partage et de soutien, nous tenons \u00e9galement \u00e0 sensibiliser et \u00e0 encourager une r\u00e9flexion approfondie sur les enjeux li\u00e9s aux \u00e9tudes de FLE \u00e0 la facult\u00e9 des Lettres. Pour cela, nous organisons une vari\u00e9t\u00e9 d&rsquo;\u00e9v\u00e9nements tels que des ateliers, des clubs de discussion, et des sorties communes.<\/p>\n\n\n\n<p><strong>Notre seule limite est notre imagination, c\u2019est l\u00e0 o\u00f9 chaque voix est pertinente <\/strong> : nous avons besoin de toi, de tes talents et de ta vision pour enrichir notre communaut\u00e9. <strong>Rejoins-nous <\/strong>en tant que membre actif ou engage-toi davantage en devenant un membre du Bureau ex\u00e9cutif ! Pour d\u00e9couvrir comment tu peux contribuer \u00e0 notre mission, nous t\u2019invitons \u00e0 explorer la section<a href=\"https:\/\/wp.unil.ch\/aeefle\/archives\/\"> <strong>\u00ab\u00a0Nous rejoindre\u00a0\u00bb.<\/strong><\/a><\/p>\n\n\n\n<figure class=\"wp-block-image size-large is-resized\"><img alt=\"\" loading=\"lazy\" decoding=\"async\" width=\"819\" height=\"1024\" src=\"https:\/\/wp.unil.ch\/aeefle\/files\/2023\/09\/pinguoin_2-1-pdf-819x1024.jpg\" alt=\"\" class=\"wp-image-361\" style=\"width:425px;height:531px\" \/><\/figure>\n\n\n\n<p>Pour mieux connaitre le fonctionnement de l&rsquo;Association, nous vous invitons \u00e0 lire nos statuts ainsi que la Charte de l&rsquo;UNIL ci-dessous :<\/p>\n\n\n\n<div class=\"wp-block-file\"><a id=\"wp-block-file--media-3d9cd150-a345-4833-a0fd-8f01fcfff065\" href=\"https:\/\/wp.unil.ch\/aeefle\/files\/2025\/03\/statuts_aeefle_-02.25_.pdf\">STATUTS_AEEFLE_ 02.25_<\/a><a href=\"https:\/\/wp.unil.ch\/aeefle\/files\/2025\/03\/statuts_aeefle_-02.25_.pdf\" class=\"wp-block-file__button wp-element-button\" download aria-describedby=\"wp-block-file--media-3d9cd150-a345-4833-a0fd-8f01fcfff065\">T\u00e9l\u00e9charger<\/a><\/div>\n\n\n\n<div class=\"wp-block-file\"><a id=\"wp-block-file--media-9afecb84-dcca-4c6d-88f6-d58ebbeaca0a\" href=\"https:\/\/wp.unil.ch\/aeefle\/files\/2023\/10\/Extrait-art-16-LUL-et-10-RLUL-copie-1.pdf\">Extrait-art-16-LUL-et-10-RLUL-copie-1<\/a><a href=\"https:\/\/wp.unil.ch\/aeefle\/files\/2023\/10\/Extrait-art-16-LUL-et-10-RLUL-copie-1.pdf\" class=\"wp-block-file__button wp-element-button\" download aria-describedby=\"wp-block-file--media-9afecb84-dcca-4c6d-88f6-d58ebbeaca0a\">T\u00e9l\u00e9charger<\/a><\/div>\n\n\n\n<div class=\"wp-block-group alignwide\"><div class=\"wp-block-group__inner-container is-layout-constrained wp-block-group-is-layout-constrained\">\n<div class=\"wp-block-group\"><div class=\"wp-block-group__inner-container is-layout-constrained wp-block-group-is-layout-constrained\">\n<div class=\"wp-block-columns is-layout-flex wp-container-core-columns-is-layout-9d6595d7 wp-block-columns-is-layout-flex\">\n<div class=\"wp-block-column is-layout-flow wp-block-column-is-layout-flow\"><\/div>\n<\/div>\n<\/div><\/div>\n\n\n\n<p><\/p>\n<\/div><\/div>\n","protected":false},"excerpt":{"rendered":"<p>Bienvenue sur le site de l\u2019Association des \u00e9tudiant\u00b7e\u00b7x\u00b7s de l\u2019\u00c9cole de Fran\u00e7ais Langue \u00c9trang\u00e8re (EFLE) de l\u2019Universit\u00e9 de Lausanne ! Fond\u00e9e en 2023, notre association est le c\u0153ur&hellip;<\/p>\n","protected":false},"author":108,"featured_media":0,"parent":0,"menu_order":0,"comment_status":"closed","ping_status":"closed","template":"template-full-width.php","meta":{"_seopress_robots_primary_cat":"","_seopress_titles_title":"","_seopress_titles_desc":"","_seopress_robots_index":"","footnotes":""},"class_list":["post-6","page","type-page","status-publish","has-post-thumbnail"],"_links":{"self":[{"href":"https:\/\/wp.unil.ch\/aeefle\/wp-json\/wp\/v2\/pages\/6","targetHints":{"allow":["GET"]}}],"collection":[{"href":"https:\/\/wp.unil.ch\/aeefle\/wp-json\/wp\/v2\/pages"}],"about":[{"href":"https:\/\/wp.unil.ch\/aeefle\/wp-json\/wp\/v2\/types\/page"}],"author":[{"embeddable":true,"href":"https:\/\/wp.unil.ch\/aeefle\/wp-json\/wp\/v2\/users\/108"}],"replies":[{"embeddable":true,"href":"https:\/\/wp.unil.ch\/aeefle\/wp-json\/wp\/v2\/comments?post=6"}],"version-history":[{"count":5,"href":"https:\/\/wp.unil.ch\/aeefle\/wp-json\/wp\/v2\/pages\/6\/revisions"}],"predecessor-version":[{"id":549,"href":"https:\/\/wp.unil.ch\/aeefle\/wp-json\/wp\/v2\/pages\/6\/revisions\/549"}],"wp:attachment":[{"href":"https:\/\/wp.unil.ch\/aeefle\/wp-json\/wp\/v2\/media?parent=6"}],"curies":[{"name":"wp","href":"https:\/\/api.w.org\/{rel}","templated":true}]}}