{"id":258,"date":"2023-04-16T20:03:13","date_gmt":"2023-04-16T18:03:13","guid":{"rendered":"https:\/\/wp.unil.ch\/aeefle\/?page_id=258"},"modified":"2025-03-23T21:47:56","modified_gmt":"2025-03-23T20:47:56","slug":"nous-rejoindre","status":"publish","type":"page","link":"https:\/\/wp.unil.ch\/aeefle\/nous-rejoindre\/","title":{"rendered":"Archives"},"content":{"rendered":"\n<div class=\"wp-block-columns is-layout-flex wp-container-core-columns-is-layout-9d6595d7 wp-block-columns-is-layout-flex\">\n<div class=\"wp-block-column is-layout-flow wp-block-column-is-layout-flow\"><\/div>\n\n\n\n<div class=\"wp-block-column is-layout-flow wp-block-column-is-layout-flow\"><\/div>\n<\/div>\n\n\n\n<div class=\"wp-block-columns is-layout-flex wp-container-core-columns-is-layout-9d6595d7 wp-block-columns-is-layout-flex\">\n<div class=\"wp-block-column is-layout-flow wp-block-column-is-layout-flow\">\n<div data-wp-interactive=\"core\/file\" class=\"wp-block-file\"><object data-wp-bind--hidden=\"!state.hasPdfPreview\" hidden class=\"wp-block-file__embed\" data=\"https:\/\/wp.unil.ch\/aeefle\/files\/2025\/03\/sans-titre-publication-instagram.pdf\" type=\"application\/pdf\" style=\"width:100%;height:600px\" aria-label=\"PDF embarqu\u00e9\"><\/object><a href=\"https:\/\/wp.unil.ch\/aeefle\/files\/2025\/03\/sans-titre-publication-instagram.pdf\" class=\"wp-block-file__button wp-element-button\" download>T\u00e9l\u00e9charger<\/a><\/div>\n<\/div>\n\n\n\n<div class=\"wp-block-column is-layout-flow wp-block-column-is-layout-flow\"><\/div>\n\n\n\n<div class=\"wp-block-column is-layout-flow wp-block-column-is-layout-flow\">\n<div data-wp-interactive=\"core\/file\" class=\"wp-block-file\"><object data-wp-bind--hidden=\"!state.hasPdfPreview\" hidden class=\"wp-block-file__embed\" data=\"https:\/\/wp.unil.ch\/aeefle\/files\/2025\/03\/terapie.pdf\" type=\"application\/pdf\" style=\"width:100%;height:600px\" aria-label=\"PDF embarqu\u00e9\"><\/object><a href=\"https:\/\/wp.unil.ch\/aeefle\/files\/2025\/03\/terapie.pdf\" class=\"wp-block-file__button wp-element-button\" download>T\u00e9l\u00e9charger<\/a><\/div>\n<\/div>\n<\/div>\n\n\n\n<div class=\"wp-block-columns is-layout-flex wp-container-core-columns-is-layout-9d6595d7 wp-block-columns-is-layout-flex\">\n<div class=\"wp-block-column is-layout-flow wp-block-column-is-layout-flow\">\n<div data-wp-interactive=\"core\/file\" class=\"wp-block-file\"><object data-wp-bind--hidden=\"!state.hasPdfPreview\" hidden class=\"wp-block-file__embed\" data=\"https:\/\/wp.unil.ch\/aeefle\/files\/2023\/04\/Animals-Studying-School-Subjects-Notebook-Book-Cover-2.pdf\" type=\"application\/pdf\" style=\"width:100%;height:600px\" aria-label=\"Contenu embarqu\u00e9 QR de l&apos;Instagram !.\"><\/object><a id=\"wp-block-file--media-cabcbd49-6870-4f49-8d33-1c7df9a81ffb\" href=\"https:\/\/wp.unil.ch\/aeefle\/files\/2023\/04\/Animals-Studying-School-Subjects-Notebook-Book-Cover-2.pdf\">QR de l&rsquo;Instagram !<\/a><a href=\"https:\/\/wp.unil.ch\/aeefle\/files\/2023\/04\/Animals-Studying-School-Subjects-Notebook-Book-Cover-2.pdf\" class=\"wp-block-file__button wp-element-button\" download aria-describedby=\"wp-block-file--media-cabcbd49-6870-4f49-8d33-1c7df9a81ffb\">T\u00e9l\u00e9charger<\/a><\/div>\n<\/div>\n\n\n\n<div class=\"wp-block-column is-layout-flow wp-block-column-is-layout-flow\">\n<div data-wp-interactive=\"core\/file\" class=\"wp-block-file\"><object data-wp-bind--hidden=\"!state.hasPdfPreview\" hidden class=\"wp-block-file__embed\" data=\"https:\/\/wp.unil.ch\/aeefle\/files\/2023\/04\/Affiche_1.pdf\" type=\"application\/pdf\" style=\"width:100%;height:600px\" aria-label=\"Contenu embarqu\u00e9 Appel aux talents.\"><\/object><a id=\"wp-block-file--media-7f38e950-3494-4381-b4b0-55ce736d029d\" href=\"https:\/\/wp.unil.ch\/aeefle\/files\/2023\/04\/Affiche_1.pdf\">Appel aux talents<\/a><a href=\"https:\/\/wp.unil.ch\/aeefle\/files\/2023\/04\/Affiche_1.pdf\" class=\"wp-block-file__button wp-element-button\" download aria-describedby=\"wp-block-file--media-7f38e950-3494-4381-b4b0-55ce736d029d\">T\u00e9l\u00e9charger<\/a><\/div>\n<\/div>\n<\/div>\n\n\n\n<div class=\"wp-block-columns is-layout-flex wp-container-core-columns-is-layout-9d6595d7 wp-block-columns-is-layout-flex\">\n<div class=\"wp-block-column is-layout-flow wp-block-column-is-layout-flow\">\n<div data-wp-interactive=\"core\/file\" class=\"wp-block-file\"><object data-wp-bind--hidden=\"!state.hasPdfPreview\" hidden class=\"wp-block-file__embed\" data=\"https:\/\/wp.unil.ch\/aeefle\/files\/2023\/04\/Affiche_2-1.pdf\" type=\"application\/pdf\" style=\"width:100%;height:600px\" aria-label=\"Contenu embarqu\u00e9 F\u00eate de l&apos;EFLE.\"><\/object><a id=\"wp-block-file--media-a035809e-3818-497e-8ddc-7d36a64b6cfd\" href=\"https:\/\/wp.unil.ch\/aeefle\/files\/2023\/04\/Affiche_2-1.pdf\">F\u00eate de l&rsquo;EFLE<\/a><a href=\"https:\/\/wp.unil.ch\/aeefle\/files\/2023\/04\/Affiche_2-1.pdf\" class=\"wp-block-file__button wp-element-button\" download aria-describedby=\"wp-block-file--media-a035809e-3818-497e-8ddc-7d36a64b6cfd\">T\u00e9l\u00e9charger<\/a><\/div>\n<\/div>\n\n\n\n<div class=\"wp-block-column is-layout-flow wp-block-column-is-layout-flow\"><\/div>\n<\/div>\n\n\n\n<div data-wp-interactive=\"core\/file\" class=\"wp-block-file\"><object data-wp-bind--hidden=\"!state.hasPdfPreview\" hidden class=\"wp-block-file__embed\" data=\"https:\/\/wp.unil.ch\/aeefle\/files\/2023\/11\/PV-01.11.23.pdf\" type=\"application\/pdf\" style=\"width:100%;height:600px\" aria-label=\"Contenu embarqu\u00e9 PV de l&apos;Assembl\u00e9e G\u00e9n\u00e9rale du 1 novembre 2023.\"><\/object><a id=\"wp-block-file--media-61437d9c-ab83-4f75-8619-4d0374ee3089\" href=\"https:\/\/wp.unil.ch\/aeefle\/files\/2023\/11\/PV-01.11.23.pdf\">PV de l&rsquo;Assembl\u00e9e G\u00e9n\u00e9rale du 1 novembre 2023<\/a><a href=\"https:\/\/wp.unil.ch\/aeefle\/files\/2023\/11\/PV-01.11.23.pdf\" class=\"wp-block-file__button wp-element-button\" download aria-describedby=\"wp-block-file--media-61437d9c-ab83-4f75-8619-4d0374ee3089\">T\u00e9l\u00e9charger<\/a><\/div>\n\n\n\n<div class=\"wp-block-columns is-layout-flex wp-container-core-columns-is-layout-9d6595d7 wp-block-columns-is-layout-flex\">\n<div class=\"wp-block-column is-layout-flow wp-block-column-is-layout-flow\" style=\"flex-basis:100%\">\n<div class=\"wp-block-file\"><a id=\"wp-block-file--media-b49cecc8-eed2-4792-ab84-9da5076b8c84\" href=\"https:\/\/wp.unil.ch\/aeefle\/files\/2023\/11\/PV-17.05.23-5.docx\">PV de l&rsquo;Assembl\u00e9e G\u00e9n\u00e9rale du 5 mai 2023<\/a><a href=\"https:\/\/wp.unil.ch\/aeefle\/files\/2023\/11\/PV-17.05.23-5.docx\" class=\"wp-block-file__button wp-element-button\" download aria-describedby=\"wp-block-file--media-b49cecc8-eed2-4792-ab84-9da5076b8c84\">T\u00e9l\u00e9charger<\/a><\/div>\n<\/div>\n<\/div>\n","protected":false},"excerpt":{"rendered":"","protected":false},"author":1002603,"featured_media":0,"parent":0,"menu_order":0,"comment_status":"closed","ping_status":"closed","template":"","meta":{"_seopress_robots_primary_cat":"","_seopress_titles_title":"","_seopress_titles_desc":"","_seopress_robots_index":"","footnotes":""},"class_list":["post-258","page","type-page","status-publish","has-post-thumbnail"],"_links":{"self":[{"href":"https:\/\/wp.unil.ch\/aeefle\/wp-json\/wp\/v2\/pages\/258","targetHints":{"allow":["GET"]}}],"collection":[{"href":"https:\/\/wp.unil.ch\/aeefle\/wp-json\/wp\/v2\/pages"}],"about":[{"href":"https:\/\/wp.unil.ch\/aeefle\/wp-json\/wp\/v2\/types\/page"}],"author":[{"embeddable":true,"href":"https:\/\/wp.unil.ch\/aeefle\/wp-json\/wp\/v2\/users\/1002603"}],"replies":[{"embeddable":true,"href":"https:\/\/wp.unil.ch\/aeefle\/wp-json\/wp\/v2\/comments?post=258"}],"version-history":[{"count":5,"href":"https:\/\/wp.unil.ch\/aeefle\/wp-json\/wp\/v2\/pages\/258\/revisions"}],"predecessor-version":[{"id":540,"href":"https:\/\/wp.unil.ch\/aeefle\/wp-json\/wp\/v2\/pages\/258\/revisions\/540"}],"wp:attachment":[{"href":"https:\/\/wp.unil.ch\/aeefle\/wp-json\/wp\/v2\/media?parent=258"}],"curies":[{"name":"wp","href":"https:\/\/api.w.org\/{rel}","templated":true}]}}