{"id":210,"date":"2023-04-06T21:01:42","date_gmt":"2023-04-06T19:01:42","guid":{"rendered":"https:\/\/wp.unil.ch\/aeefle\/?page_id=210"},"modified":"2025-03-23T21:26:52","modified_gmt":"2025-03-23T20:26:52","slug":"archives","status":"publish","type":"page","link":"https:\/\/wp.unil.ch\/aeefle\/archives\/","title":{"rendered":"Nous rejoindre"},"content":{"rendered":"\n<div class=\"wp-block-media-text alignwide is-stacked-on-mobile is-vertically-aligned-center\"><figure class=\"wp-block-media-text__media\"><img loading=\"lazy\" decoding=\"async\" width=\"1190\" height=\"1683\" src=\"https:\/\/wp.unil.ch\/aeefle\/files\/2025\/03\/welcome.svg\" alt=\"welcome\" class=\"wp-image-531 size-full\" \/><\/figure><div class=\"wp-block-media-text__content\">\n<p>Notre association, un melting-pot de diversit\u00e9, unit des personnes venant de tous horizons autour d&rsquo;une passion commune : l&rsquo;\u00e9tude et l&rsquo;appropriation de fran\u00e7ais-langue-culture. Chez nous, vivre l\u2019exp\u00e9rience universitaire signifie \u00e9voluer dans <strong>un environnement empreint de tol\u00e9rance et de diversit\u00e9, <\/strong>un lieu o\u00f9 le d\u00e9passement de soi et l\u2019expression artistique ne sont pas seulement encourag\u00e9s, mais v\u00e9ritablement c\u00e9l\u00e9br\u00e9s.<\/p>\n\n\n\n<p>Actuellement, nous sommes \u00e0<strong> la recherche de nouvelles \u00e2mes pr\u00eates \u00e0 s&rsquo;engager et \u00e0 enrichir notre communaut\u00e9<\/strong>. Si vous avez \u00e0 c\u0153ur de <strong>rejoindre le Bureau Ex\u00e9cutif<\/strong>, votre initiative est la bienvenue ! Pour cela, <strong>envoyez-nous un email \u00e0 <a>aeefle@asso-unil.ch<\/a><\/strong>, en vous pr\u00e9sentant et en nous faisant part de vos motivations. <\/p>\n\n\n\n<p>De plus, si vous souhaitez <strong>vous impliquer de mani\u00e8re plus ponctuelle<\/strong>, devenir <strong>membre actif <\/strong>en participant \u00e0 l&rsquo;organisation de nos \u00e9v\u00e9nements et festivit\u00e9s est une excellente mani\u00e8re de le faire. <\/p>\n\n\n\n<p>C\u2019est une opportunit\u00e9 unique de d\u00e9velopper vos <strong>comp\u00e9tences organisationnelles<\/strong>, d&rsquo;<strong>\u00e9largir votre r\u00e9seau<\/strong>, et de vivre des moments inoubliables au sein d&rsquo;une communaut\u00e9 chaleureuse et dynamique. Si tu souhaites <strong>enrichir ton CV <\/strong>tout en faisant \u00e9voluer tes comp\u00e9tences en <strong>cr\u00e9ation et d\u00e9veloppement de sites sur WordPress<\/strong>, en am\u00e9liorant <strong>tes aptitudes en graphisme<\/strong> et en <strong>gestion des r\u00e9seaux sociaux<\/strong>, cette exp\u00e9rience est faite pour toi !<\/p>\n\n\n\n<p>Rejoindre notre association, c&rsquo;est <strong>s&rsquo;ouvrir \u00e0 un monde d&rsquo;opportunit\u00e9s, de rencontres enrichissantes et d&rsquo;exp\u00e9riences partag\u00e9es.<\/strong><\/p>\n<\/div><\/div>\n","protected":false},"excerpt":{"rendered":"<p>Notre association, un melting-pot de diversit\u00e9, unit des personnes venant de tous horizons autour d&rsquo;une passion commune : l&rsquo;\u00e9tude et l&rsquo;appropriation de fran\u00e7ais-langue-culture. Chez nous, vivre l\u2019exp\u00e9rience universitaire&hellip;<\/p>\n","protected":false},"author":1002603,"featured_media":0,"parent":0,"menu_order":0,"comment_status":"closed","ping_status":"closed","template":"","meta":{"_seopress_robots_primary_cat":"","_seopress_titles_title":"","_seopress_titles_desc":"","_seopress_robots_index":"","footnotes":""},"class_list":["post-210","page","type-page","status-publish","has-post-thumbnail"],"_links":{"self":[{"href":"https:\/\/wp.unil.ch\/aeefle\/wp-json\/wp\/v2\/pages\/210","targetHints":{"allow":["GET"]}}],"collection":[{"href":"https:\/\/wp.unil.ch\/aeefle\/wp-json\/wp\/v2\/pages"}],"about":[{"href":"https:\/\/wp.unil.ch\/aeefle\/wp-json\/wp\/v2\/types\/page"}],"author":[{"embeddable":true,"href":"https:\/\/wp.unil.ch\/aeefle\/wp-json\/wp\/v2\/users\/1002603"}],"replies":[{"embeddable":true,"href":"https:\/\/wp.unil.ch\/aeefle\/wp-json\/wp\/v2\/comments?post=210"}],"version-history":[{"count":4,"href":"https:\/\/wp.unil.ch\/aeefle\/wp-json\/wp\/v2\/pages\/210\/revisions"}],"predecessor-version":[{"id":534,"href":"https:\/\/wp.unil.ch\/aeefle\/wp-json\/wp\/v2\/pages\/210\/revisions\/534"}],"wp:attachment":[{"href":"https:\/\/wp.unil.ch\/aeefle\/wp-json\/wp\/v2\/media?parent=210"}],"curies":[{"name":"wp","href":"https:\/\/api.w.org\/{rel}","templated":true}]}}