{"id":180,"date":"2023-03-21T15:14:18","date_gmt":"2023-03-21T14:14:18","guid":{"rendered":"https:\/\/wp.unil.ch\/aeefle\/?page_id=180"},"modified":"2025-03-23T21:50:20","modified_gmt":"2025-03-23T20:50:20","slug":"evenements","status":"publish","type":"page","link":"https:\/\/wp.unil.ch\/aeefle\/evenements\/","title":{"rendered":"\u00c9v\u00e9nements (co)organis\u00e9s"},"content":{"rendered":"\n<p>Pour \u00eatre au courant de toutes nos actualit\u00e9s, abonnez-vous sur notre Instagram <a href=\"https:\/\/www.instagram.com\/aeefle_unil\/\" data-type=\"link\" data-id=\"https:\/\/www.instagram.com\/aeefle_unil\/\">@aeefle_unil<\/a><\/p>\n\n\n\n<div class=\"wp-block-columns is-layout-flex wp-container-core-columns-is-layout-9d6595d7 wp-block-columns-is-layout-flex\">\n<div class=\"wp-block-column is-layout-flow wp-block-column-is-layout-flow\">\n<h2 class=\"wp-block-heading has-text-align-center\">Les \u00e9v\u00e9nements \u00e0 venir et d\u00e9j\u00e0 pass\u00e9s&#8230;<\/h2>\n\n\n\n<div class=\"wp-block-columns is-layout-flex wp-container-core-columns-is-layout-9d6595d7 wp-block-columns-is-layout-flex\">\n<div class=\"wp-block-column is-layout-flow wp-block-column-is-layout-flow\">\n<h3 class=\"wp-block-heading\">S\u00e9ance d&rsquo;information<\/h3>\n\n\n\n<div class=\"wp-block-columns is-layout-flex wp-container-core-columns-is-layout-9d6595d7 wp-block-columns-is-layout-flex\">\n<div class=\"wp-block-column is-layout-flow wp-block-column-is-layout-flow\">\n<p><strong>Tout sur les inscriptions, le Campus, et plus !<\/strong><\/p>\n\n\n\n<p>Cette r\u00e9union est sp\u00e9cialement con\u00e7ue pour \u00e9claircir le processus d&rsquo;inscription aux cours, r\u00e9pondre \u00e0 vos questions, les examens, et les programmes des cursus. De plus, nous discuterons du r\u00f4le vital de l&rsquo;association et des \u00e9v\u00e9nements passionnants que nous avons en r\u00e9serve pour vous !<\/p>\n\n\n\n<p>\ud83d\udccd <strong>Lieu :<\/strong> ANT 3120<\/p>\n\n\n\n<p>\ud83d\uddd3 <strong>Date :<\/strong> le vendredi 21 f\u00e9vrier 2025 <\/p>\n\n\n\n<p>\u23f0 <strong>Heure <\/strong>: 16h15-17h30<\/p>\n<\/div>\n<\/div>\n\n\n\n<h3 class=\"wp-block-heading\">Atelier de r\u00e9daction des travaux acad\u00e9miques<\/h3>\n\n\n\n<div class=\"wp-block-columns is-layout-flex wp-container-core-columns-is-layout-9d6595d7 wp-block-columns-is-layout-flex\">\n<div class=\"wp-block-column is-layout-flow wp-block-column-is-layout-flow\">\n<figure class=\"wp-block-image size-full\"><img loading=\"lazy\" decoding=\"async\" width=\"1008\" height=\"572\" src=\"https:\/\/wp.unil.ch\/aeefle\/files\/2025\/03\/screenshot-2025-03-23-at-21.31.26.png\" alt=\"screenshot 2025 03 23 at 21.31.26\" class=\"wp-image-536\" srcset=\"https:\/\/wp.unil.ch\/aeefle\/files\/2025\/03\/screenshot-2025-03-23-at-21.31.26.png 1008w, https:\/\/wp.unil.ch\/aeefle\/files\/2025\/03\/screenshot-2025-03-23-at-21.31.26-300x170.png 300w, https:\/\/wp.unil.ch\/aeefle\/files\/2025\/03\/screenshot-2025-03-23-at-21.31.26-768x436.png 768w, https:\/\/wp.unil.ch\/aeefle\/files\/2025\/03\/screenshot-2025-03-23-at-21.31.26-540x306.png 540w\" sizes=\"auto, (max-width: 1008px) 100vw, 1008px\" \/><\/figure>\n\n\n\n<p>Participez \u00e0 notre&nbsp;<strong>atelier de r\u00e9daction acad\u00e9mique<\/strong>&nbsp;pour&nbsp;<strong>r\u00e9fl\u00e9chir et partager vos exp\u00e9riences sur la r\u00e9daction de l\u2019introduction et de la probl\u00e9matique<\/strong> dans vos travaux \u00e9crits. Apprenez \u00e0 structurer vos id\u00e9es avec clart\u00e9 et rigueur afin de r\u00e9diger des textes convaincants et bien argument\u00e9s !<\/p>\n\n\n\n<p>\ud83d\udcc5 <strong>Date :<\/strong> le jeudi 6 mars<br>\u23f0 <strong>Heure :<\/strong> 16h<br>\ud83d\udccd <strong>Lieu :<\/strong> C\u0153ur de section de l&rsquo;EFLE ( ANT 122.2)<\/p>\n<\/div>\n\n\n\n<div class=\"wp-block-column is-layout-flow wp-block-column-is-layout-flow\">\n<p><\/p>\n<\/div>\n<\/div>\n\n\n\n<div class=\"wp-block-columns is-layout-flex wp-container-core-columns-is-layout-9d6595d7 wp-block-columns-is-layout-flex\">\n<div class=\"wp-block-column is-layout-flow wp-block-column-is-layout-flow\">\n<h3 class=\"wp-block-heading\"><em>Club d&rsquo;\u00e9criture cr\u00e9ative<\/em><\/h3>\n<\/div>\n\n\n\n<div class=\"wp-block-column is-layout-flow wp-block-column-is-layout-flow\"><\/div>\n<\/div>\n\n\n\n<div class=\"wp-block-columns is-layout-flex wp-container-core-columns-is-layout-9d6595d7 wp-block-columns-is-layout-flex\">\n<div class=\"wp-block-column is-layout-flow wp-block-column-is-layout-flow\">\n<figure class=\"wp-block-image size-large is-resized\"><img alt=\"\" loading=\"lazy\" decoding=\"async\" width=\"819\" height=\"1024\" src=\"https:\/\/wp.unil.ch\/aeefle\/files\/2023\/09\/E9C37561-1148-4E30-8233-54D502E2F5D8-819x1024.jpg\" alt=\"\" class=\"wp-image-389\" style=\"aspect-ratio:0.7979274611398963;width:309px;height:auto\" srcset=\"https:\/\/wp.unil.ch\/aeefle\/files\/2023\/09\/E9C37561-1148-4E30-8233-54D502E2F5D8-819x1024.jpg 819w, https:\/\/wp.unil.ch\/aeefle\/files\/2023\/09\/E9C37561-1148-4E30-8233-54D502E2F5D8-240x300.jpg 240w, https:\/\/wp.unil.ch\/aeefle\/files\/2023\/09\/E9C37561-1148-4E30-8233-54D502E2F5D8-768x960.jpg 768w, https:\/\/wp.unil.ch\/aeefle\/files\/2023\/09\/E9C37561-1148-4E30-8233-54D502E2F5D8-540x675.jpg 540w, https:\/\/wp.unil.ch\/aeefle\/files\/2023\/09\/E9C37561-1148-4E30-8233-54D502E2F5D8.jpg 960w\" sizes=\"auto, (max-width: 819px) 100vw, 819px\" \/><\/figure>\n<\/div>\n\n\n\n<div class=\"wp-block-column is-layout-flow wp-block-column-is-layout-flow\">\n<p>Venez vous approprier des phrases des textes litt\u00e9raires ou en cr\u00e9er les v\u00f4tres pour les partager dans une ambiance conviviale et  d\u00e9contract\u00e9e ! Que vous soyez un \u00e9crivain en herbe ou simplement curieux d&rsquo;explorer votre cr\u00e9ativit\u00e9, cet atelier est l&rsquo;occasion parfaite de vous exprimer !<\/p>\n\n\n\n<p>\ud83d\udccd <strong>Lieu :<\/strong> C\u0153ur de section de l&rsquo;EFLE (ANT 122.2)<\/p>\n\n\n\n<p>\ud83d\udcc5 <strong>Date :<\/strong> <\/p>\n\n\n\n<p>\u23f0 <strong>Heure :<\/strong> <\/p>\n<\/div>\n<\/div>\n\n\n\n<h3 class=\"wp-block-heading\"><\/h3>\n<\/div>\n<\/div>\n\n\n\n<h3 class=\"wp-block-heading\">Journ\u00e9e d&rsquo;\u00e9tude <em>Chacun cherche son style<\/em> et F\u00eate de l&rsquo;EFLE<\/h3>\n\n\n\n<div class=\"wp-block-columns is-layout-flex wp-container-core-columns-is-layout-9d6595d7 wp-block-columns-is-layout-flex\">\n<div class=\"wp-block-column is-layout-flow wp-block-column-is-layout-flow\">\n<figure class=\"wp-block-image size-large is-resized\"><img loading=\"lazy\" decoding=\"async\" width=\"724\" height=\"1024\" src=\"https:\/\/wp.unil.ch\/aeefle\/files\/2025\/03\/je-chacun.e-cherche-son-style-724x1024.png\" alt=\"je chacun.e cherche son style\" class=\"wp-image-537\" style=\"width:309px;height:auto\" srcset=\"https:\/\/wp.unil.ch\/aeefle\/files\/2025\/03\/je-chacun.e-cherche-son-style-724x1024.png 724w, https:\/\/wp.unil.ch\/aeefle\/files\/2025\/03\/je-chacun.e-cherche-son-style-212x300.png 212w, https:\/\/wp.unil.ch\/aeefle\/files\/2025\/03\/je-chacun.e-cherche-son-style-768x1087.png 768w, https:\/\/wp.unil.ch\/aeefle\/files\/2025\/03\/je-chacun.e-cherche-son-style-540x764.png 540w, https:\/\/wp.unil.ch\/aeefle\/files\/2025\/03\/je-chacun.e-cherche-son-style.png 848w\" sizes=\"auto, (max-width: 724px) 100vw, 724px\" \/><\/figure>\n<\/div>\n\n\n\n<div class=\"wp-block-column is-layout-flow wp-block-column-is-layout-flow\">\n<p>Vous avez envie d&rsquo;une pause conviviale en plein semestre pour s&rsquo;inspirer et reprendre des forces avant les examens&nbsp;? La f\u00eate<strong>&nbsp;annuelle de l\u2019EFLE<\/strong>&nbsp;est de retour !<\/p>\n\n\n\n<p>Au programme :<\/p>\n\n\n\n<ul class=\"wp-block-list\">\n<li>Activit\u00e9s anim\u00e9es par des \u00e9tudiant\u00b7e\u00b7x\u00b7s : quiz, jeux, chansons et d&rsquo;autres ! Si&nbsp;<strong>tu souhaites proposer une activit\u00e9, un jeu&nbsp;<\/strong>ou<strong>&nbsp;participer \u00e0 l\u2019organisation,<\/strong>&nbsp;r\u00e9ponds simplement \u00e0 ce message \u263a\ufe0f<\/li>\n\n\n\n<li>Repas canadien : chacun\u00b7e apporte un petit plat ou une sp\u00e9cialit\u00e9 r\u00e9gionale \u00e0 partager,&nbsp;<strong>les boissons sont offertes<\/strong>&nbsp;par l&rsquo;EFLE. Pour respecter les personnes v\u00e9g\u00e9tariennes, v\u00e9ganes et allergiques, nous vous prions&nbsp;de&nbsp;faire une petite note avec les ingr\u00e9dients du plat apport\u00e9.<\/li>\n<\/ul>\n\n\n\n<p>On se&nbsp;r\u00e9jouit de vous voir pour passer ensemble cette belle soir\u00e9e apr\u00e8s la journ\u00e9e d&rsquo;\u00e9tude \u00ab Chacun\u00b7e cherche son style \u00bb !<\/p>\n\n\n\n<p>\ud83d\udccd <strong>Lieu :<\/strong> Vortex, Nucl\u00e9o<\/p>\n\n\n\n<p>\ud83d\udcc5 <strong>Date :<\/strong> 8 avrils 2025<\/p>\n\n\n\n<p>\u23f0 <strong>Heure :<\/strong> \u00e0 partir de 18h15<\/p>\n<\/div>\n<\/div>\n<\/div>\n<\/div>\n","protected":false},"excerpt":{"rendered":"<p>Pour \u00eatre au courant de toutes nos actualit\u00e9s, abonnez-vous sur notre Instagram @aeefle_unil Les \u00e9v\u00e9nements \u00e0 venir et d\u00e9j\u00e0 pass\u00e9s&#8230; S\u00e9ance d&rsquo;information Tout sur les inscriptions, le Campus,&hellip;<\/p>\n","protected":false},"author":1002603,"featured_media":0,"parent":0,"menu_order":0,"comment_status":"closed","ping_status":"closed","template":"template-full-width.php","meta":{"_seopress_robots_primary_cat":"","_seopress_titles_title":"","_seopress_titles_desc":"","_seopress_robots_index":"","footnotes":""},"class_list":["post-180","page","type-page","status-publish","has-post-thumbnail"],"_links":{"self":[{"href":"https:\/\/wp.unil.ch\/aeefle\/wp-json\/wp\/v2\/pages\/180","targetHints":{"allow":["GET"]}}],"collection":[{"href":"https:\/\/wp.unil.ch\/aeefle\/wp-json\/wp\/v2\/pages"}],"about":[{"href":"https:\/\/wp.unil.ch\/aeefle\/wp-json\/wp\/v2\/types\/page"}],"author":[{"embeddable":true,"href":"https:\/\/wp.unil.ch\/aeefle\/wp-json\/wp\/v2\/users\/1002603"}],"replies":[{"embeddable":true,"href":"https:\/\/wp.unil.ch\/aeefle\/wp-json\/wp\/v2\/comments?post=180"}],"version-history":[{"count":5,"href":"https:\/\/wp.unil.ch\/aeefle\/wp-json\/wp\/v2\/pages\/180\/revisions"}],"predecessor-version":[{"id":542,"href":"https:\/\/wp.unil.ch\/aeefle\/wp-json\/wp\/v2\/pages\/180\/revisions\/542"}],"wp:attachment":[{"href":"https:\/\/wp.unil.ch\/aeefle\/wp-json\/wp\/v2\/media?parent=180"}],"curies":[{"name":"wp","href":"https:\/\/api.w.org\/{rel}","templated":true}]}}