{"id":8,"date":"2010-05-11T09:52:33","date_gmt":"2010-05-11T07:52:33","guid":{"rendered":"http:\/\/wp.unil.ch\/adas\/?page_id=8"},"modified":"2021-11-18T14:54:14","modified_gmt":"2021-11-18T13:54:14","slug":"assemblee","status":"publish","type":"page","link":"https:\/\/wp.unil.ch\/adas\/assemblee\/?lang=fr","title":{"rendered":"Assembl\u00e9es"},"content":{"rendered":"<h3>Assembl\u00e9es g\u00e9n\u00e9rales ordinaires<\/h3>\n<p>Vous trouverez ci-dessous les proc\u00e8s-verbaux des assembl\u00e9es g\u00e9n\u00e9rales de l&#8217;ADAS en format PDF:<\/p>\n<ul>\n<li><a href=\"https:\/\/wp.unil.ch\/adas\/files\/2021\/11\/PVGA2021.pdf\">PV AG 2021<\/a><\/li>\n<li><a href=\"https:\/\/wp.unil.ch\/adas\/files\/2021\/11\/201105_ADAS_AG_PV.pdf\">PV AG 2020<\/a><\/li>\n<li><a href=\"https:\/\/wp.unil.ch\/adas\/files\/2021\/09\/AG_PV_11.2019.pdf\">PV AG 2019<\/a><\/li>\n<li><a href=\"https:\/\/wp.unil.ch\/adas\/files\/2019\/11\/PV_AG_2018.pdf\">PV AG 2018<\/a><\/li>\n<li><a href=\"https:\/\/wp.unil.ch\/adas\/files\/2017\/12\/PV_AG_2017.pdf\">PV AG 2017<\/a><\/li>\n<li><a href=\"https:\/\/wp.unil.ch\/adas\/files\/2017\/12\/ADAS20-20AG20201620-20PV.pdf\">PV AG 2016<\/a><\/li>\n<li><a href=\"https:\/\/wp.unil.ch\/adas\/files\/2016\/11\/PV_AG_2015.pdf\">PV AG 2015<\/a><\/li>\n<li><a href=\"https:\/\/wp.unil.ch\/adas\/files\/2016\/11\/PV_AG_2014.pdf\">PV AG 2014<\/a><\/li>\n<li><a href=\"https:\/\/wp.unil.ch\/adas\/files\/2014\/06\/PV_AG_2013.pdf\">PV AG 2013<\/a><\/li>\n<li><a href=\"https:\/\/wp.unil.ch\/adas\/files\/2013\/06\/PV-AG-2012.pdf\">PV AG 2012<\/a><\/li>\n<li><a href=\"https:\/\/wp.unil.ch\/adas\/files\/2012\/11\/PV-AG-20111.pdf\">PV AG 2011<\/a><\/li>\n<li><a href=\"https:\/\/wp.unil.ch\/adas\/files\/2010\/05\/AG_20101.pdf\">PV AG 2010<\/a><\/li>\n<li><a href=\"https:\/\/wp.unil.ch\/adas\/files\/2010\/05\/Assemblee_generale_ADAS_2009_1_.pdf\">PV AG 2009<\/a><\/li>\n<li><a href=\"https:\/\/wp.unil.ch\/adas\/files\/2010\/05\/ADAS_PV_AG_2008.pdf\">PV AG 2008<\/a><\/li>\n<li><a href=\"https:\/\/wp.unil.ch\/adas\/files\/2010\/05\/PV_AG_07.pdf\">PV AG 2007<\/a><\/li>\n<li><a href=\"https:\/\/wp.unil.ch\/adas\/files\/2010\/05\/AG_30.11.06.pdf\">PV AG 2006<\/a><\/li>\n<li><a href=\"https:\/\/wp.unil.ch\/adas\/files\/2010\/05\/PV_Assembl\u00e9eG\u00e9n\u00e9rale_27oct2005.pdf\">PV AG 2005<\/a><\/li>\n<li><a href=\"https:\/\/wp.unil.ch\/adas\/files\/2010\/05\/PV_assembl\u00e9e_g\u00e9n\u00e9rale_24juin2004.pdf\">PV AG 2004<\/a><\/li>\n<\/ul>\n<h3>Assembl\u00e9es g\u00e9n\u00e9rales extraordinaires<\/h3>\n<p>Vous trouverez ci-dessous les proc\u00e8s-verbaux des assembl\u00e9es g\u00e9n\u00e9rales extraordinaires en format PDF:<\/p>\n<ul>\n<li><a href=\"https:\/\/wp.unil.ch\/adas\/files\/2017\/12\/assembl\u00e9e_g\u00e9n\u00e9rale_extraordinaire.pdf\">PV de l&#8217;AG extraordinaire du 14 d\u00e9cembre 2016<\/a><\/li>\n<li><a href=\"https:\/\/wp.unil.ch\/adas\/files\/2014\/06\/PV_AG_extraordinaire_avril_14.pdf\">PV de l&#8217;AG extraordinaire du 30 avril 2013<\/a><\/li>\n<li><a href=\"https:\/\/wp.unil.ch\/adas\/files\/2010\/05\/PV_AGextraordinaire_janvier2010.pdf\">PV de l&#8217;AG extraordinaire du 21 janvier 2010<\/a><\/li>\n<li><a href=\"https:\/\/wp.unil.ch\/adas\/files\/2010\/05\/PVAG_extraordinaire_16_f\u00e9vrier_20062.pdf\">PV de l&#8217;AG extraordinaire du 16 f\u00e9vrier 2006<\/a><\/li>\n<\/ul>\n<p>Autres:&nbsp;<\/p>\n<ul>\n<li><a href=\"https:\/\/wp.unil.ch\/adas\/files\/2010\/05\/LettreStatutsDoctorants_1_.pdf\">Lettre sur le statut des doctorants<\/a><\/li>\n<\/ul>\n\n\n<p><\/p>\n","protected":false},"excerpt":{"rendered":"<p>Assembl\u00e9es g\u00e9n\u00e9rales ordinaires Vous trouverez ci-dessous les proc\u00e8s-verbaux des assembl\u00e9es g\u00e9n\u00e9rales de l&#8217;ADAS en format PDF: PV AG 2021 PV AG 2020 PV AG 2019 PV AG 2018 PV AG &hellip; <\/p>\n","protected":false},"author":108,"featured_media":0,"parent":0,"menu_order":3,"comment_status":"closed","ping_status":"closed","template":"","meta":{"_seopress_robots_primary_cat":"","_seopress_titles_title":"","_seopress_titles_desc":"","_seopress_robots_index":"","ngg_post_thumbnail":0,"footnotes":"","_links_to":"","_links_to_target":""},"class_list":["post-8","page","type-page","status-publish"],"_links":{"self":[{"href":"https:\/\/wp.unil.ch\/adas\/wp-json\/wp\/v2\/pages\/8","targetHints":{"allow":["GET"]}}],"collection":[{"href":"https:\/\/wp.unil.ch\/adas\/wp-json\/wp\/v2\/pages"}],"about":[{"href":"https:\/\/wp.unil.ch\/adas\/wp-json\/wp\/v2\/types\/page"}],"author":[{"embeddable":true,"href":"https:\/\/wp.unil.ch\/adas\/wp-json\/wp\/v2\/users\/108"}],"replies":[{"embeddable":true,"href":"https:\/\/wp.unil.ch\/adas\/wp-json\/wp\/v2\/comments?post=8"}],"version-history":[{"count":0,"href":"https:\/\/wp.unil.ch\/adas\/wp-json\/wp\/v2\/pages\/8\/revisions"}],"wp:attachment":[{"href":"https:\/\/wp.unil.ch\/adas\/wp-json\/wp\/v2\/media?parent=8"}],"curies":[{"name":"wp","href":"https:\/\/api.w.org\/{rel}","templated":true}]}}