{"id":72,"date":"2010-11-28T13:32:31","date_gmt":"2010-11-28T12:32:31","guid":{"rendered":"http:\/\/wp.unil.ch\/adas\/"},"modified":"2012-09-01T14:43:09","modified_gmt":"2012-09-01T12:43:09","slug":"comite-2005-2006","status":"publish","type":"page","link":"https:\/\/wp.unil.ch\/adas\/comite\/comite-2005-2006\/?lang=fr","title":{"rendered":"Comit\u00e9 2005-2006"},"content":{"rendered":"<p>\u00a0<\/p>\n<h3>\u00a0Composition du comit\u00e9<\/h3>\n<ul>\n<li>Marisa Haenni (DMF), co-pr\u00e9sidente<\/li>\n<li>Robin Tecon (DMF), co-pr\u00e9sident<\/li>\n<li>Solange Cuenin (DB), tr\u00e9sori\u00e8re<\/li>\n<li>Lionel Guy (DMF), secr\u00e9taire<\/li>\n<li>Aline Depraz (DEE)<\/li>\n<li>Natacha Bodenhausen (DBMV)<\/li>\n<li>Godefroy Devevey (DEE)<\/li>\n<li>Jaime Reina (CIG)<\/li>\n<li>Alexandre Panchaud (DMF)<\/li>\n<li>David Cardelli (CHUV)<\/li>\n<li>Emanuella Frangipani (DMF)<\/li>\n<li>Romain Studer (DEE)<\/li>\n<li>Karine Lapouge (DEE)<\/li>\n<\/ul>\n<h3>Liste des repr\u00e9sentants<\/h3>\n<ul>\n<li><strong>Conseil de Facult\u00e9:<\/strong>\u00a0Natacha Bodenhausen, Solange Cuenin, Lionel Guy, Marisa Haenni<\/li>\n<li><strong>Conseil de l&#8217;Ecole de Biologie:<\/strong>\u00a0Aline Depraz, Marisa Haenni<\/li>\n<li><strong>Conseil de l&#8217;Ecole Doctorale:<\/strong>\u00a0Natacha Bodenhausen, Alexandre Panchaud, Lionel Guy, Godefroy Devevey<\/li>\n<li><strong>Conseil de la Section des Sciences Fondamentales:<\/strong>\u00a0Karine Lapouge, Robin Tecon<\/li>\n<li><strong>Comission de la Recherche:<\/strong>\u00a0Marisa Haenni<\/li>\n<li><strong>Comission de l&#8217;enseignement:<\/strong> Aline Depraz et Natacha Bodenhausen<\/li>\n<\/ul>\n","protected":false},"excerpt":{"rendered":"<p>\u00a0 \u00a0Composition du comit\u00e9 Marisa Haenni (DMF), co-pr\u00e9sidente Robin Tecon (DMF), co-pr\u00e9sident Solange Cuenin (DB), tr\u00e9sori\u00e8re Lionel Guy (DMF), secr\u00e9taire Aline Depraz (DEE) Natacha Bodenhausen (DBMV) Godefroy Devevey (DEE) Jaime &hellip; <\/p>\n","protected":false},"author":235,"featured_media":0,"parent":2,"menu_order":4,"comment_status":"closed","ping_status":"closed","template":"","meta":{"_seopress_robots_primary_cat":"","_seopress_titles_title":"","_seopress_titles_desc":"","_seopress_robots_index":"","ngg_post_thumbnail":0,"footnotes":"","_links_to":"","_links_to_target":""},"class_list":["post-72","page","type-page","status-publish"],"_links":{"self":[{"href":"https:\/\/wp.unil.ch\/adas\/wp-json\/wp\/v2\/pages\/72","targetHints":{"allow":["GET"]}}],"collection":[{"href":"https:\/\/wp.unil.ch\/adas\/wp-json\/wp\/v2\/pages"}],"about":[{"href":"https:\/\/wp.unil.ch\/adas\/wp-json\/wp\/v2\/types\/page"}],"author":[{"embeddable":true,"href":"https:\/\/wp.unil.ch\/adas\/wp-json\/wp\/v2\/users\/235"}],"replies":[{"embeddable":true,"href":"https:\/\/wp.unil.ch\/adas\/wp-json\/wp\/v2\/comments?post=72"}],"version-history":[{"count":0,"href":"https:\/\/wp.unil.ch\/adas\/wp-json\/wp\/v2\/pages\/72\/revisions"}],"up":[{"embeddable":true,"href":"https:\/\/wp.unil.ch\/adas\/wp-json\/wp\/v2\/pages\/2"}],"wp:attachment":[{"href":"https:\/\/wp.unil.ch\/adas\/wp-json\/wp\/v2\/media?parent=72"}],"curies":[{"name":"wp","href":"https:\/\/api.w.org\/{rel}","templated":true}]}}