{"id":70,"date":"2010-11-28T13:31:52","date_gmt":"2010-11-28T12:31:52","guid":{"rendered":"http:\/\/wp.unil.ch\/adas\/"},"modified":"2012-09-01T14:42:43","modified_gmt":"2012-09-01T12:42:43","slug":"comite-2006-2007","status":"publish","type":"page","link":"https:\/\/wp.unil.ch\/adas\/comite\/comite-2006-2007\/?lang=fr","title":{"rendered":"Comit\u00e9 2006-2007"},"content":{"rendered":"<h3 style=\"text-align: center\"><a href=\"https:\/\/wp.unil.ch\/adas\/files\/2010\/11\/adas_comite_2006_2007.jpg\"><img alt=\"\" loading=\"lazy\" decoding=\"async\" class=\"alignnone size-full wp-image-67\" src=\"https:\/\/wp.unil.ch\/adas\/files\/2010\/11\/adas_comite_2006_2007.jpg\" alt=\"\" width=\"400\" height=\"300\" \/><\/a><\/h3>\n<h3>Composition du comit\u00e9<\/h3>\n<ul>\n<li>Godefroy Devevey (DEE), co-pr\u00e9sident<\/li>\n<li>Robin Tecon (DMF), co-pr\u00e9sident<\/li>\n<li>Sara Tocchetti (LAU), tr\u00e9sori\u00e8re<\/li>\n<li>Mariza Freire, secr\u00e9taire<\/li>\n<li>Marisa Haenni (DMF)<\/li>\n<li>Karine Lapouge (DMF)<\/li>\n<li>Alexandre Panchaud (DMF)<\/li>\n<li>Emanuela Frangipani (DMF)<\/li>\n<li>Julien Roux (DEE)<\/li>\n<li>Romain Studer (DEE)<\/li>\n<\/ul>\n<h3>Liste des repr\u00e9sentants<\/h3>\n<li><strong>Conseil de l&#8217;Ecole de Biologie :<\/strong> Julien Roux \/ Emanuela Frangipani<\/li>\n<li><strong>Comit\u00e9 de pilotage de la r\u00e9forme de l&#8217;enseignement en biologie :<\/strong> Julien Roux \/ Emanuela Frangipani<\/li>\n<li><strong>Conseil de Facult\u00e9 :<\/strong> Karine Lapouge \/ Fran\u00e7ois Collyn<\/li>\n<li><strong>Commission de recours :<\/strong> Godefroy Devevey<\/li>\n<li><strong>Conseil de l&#8217;\u00e9cole doctorale :<\/strong> Godefroy Devevey \/ Robin Tecon \/ Romain Studer \/ Alexandre Panchaud<\/li>\n<li><strong>Commission de la recherche :<\/strong> Godefroy Devevey<\/li>\n<li><strong>Conseil de la section des sciences fondamentales :<\/strong> Robin Tecon \/ Sara Tocchetti<\/li>\n<li><strong>Conseil de l&#8217;Universit\u00e9 :<\/strong> Robin Tecon<\/li>\n","protected":false},"excerpt":{"rendered":"<p>Composition du comit\u00e9 Godefroy Devevey (DEE), co-pr\u00e9sident Robin Tecon (DMF), co-pr\u00e9sident Sara Tocchetti (LAU), tr\u00e9sori\u00e8re Mariza Freire, secr\u00e9taire Marisa Haenni (DMF) Karine Lapouge (DMF) Alexandre Panchaud (DMF) Emanuela Frangipani (DMF) &hellip; <\/p>\n","protected":false},"author":235,"featured_media":0,"parent":2,"menu_order":3,"comment_status":"closed","ping_status":"closed","template":"","meta":{"_seopress_robots_primary_cat":"","_seopress_titles_title":"","_seopress_titles_desc":"","_seopress_robots_index":"","ngg_post_thumbnail":0,"footnotes":"","_links_to":"","_links_to_target":""},"class_list":["post-70","page","type-page","status-publish"],"_links":{"self":[{"href":"https:\/\/wp.unil.ch\/adas\/wp-json\/wp\/v2\/pages\/70","targetHints":{"allow":["GET"]}}],"collection":[{"href":"https:\/\/wp.unil.ch\/adas\/wp-json\/wp\/v2\/pages"}],"about":[{"href":"https:\/\/wp.unil.ch\/adas\/wp-json\/wp\/v2\/types\/page"}],"author":[{"embeddable":true,"href":"https:\/\/wp.unil.ch\/adas\/wp-json\/wp\/v2\/users\/235"}],"replies":[{"embeddable":true,"href":"https:\/\/wp.unil.ch\/adas\/wp-json\/wp\/v2\/comments?post=70"}],"version-history":[{"count":0,"href":"https:\/\/wp.unil.ch\/adas\/wp-json\/wp\/v2\/pages\/70\/revisions"}],"up":[{"embeddable":true,"href":"https:\/\/wp.unil.ch\/adas\/wp-json\/wp\/v2\/pages\/2"}],"wp:attachment":[{"href":"https:\/\/wp.unil.ch\/adas\/wp-json\/wp\/v2\/media?parent=70"}],"curies":[{"name":"wp","href":"https:\/\/api.w.org\/{rel}","templated":true}]}}