{"id":68,"date":"2010-11-28T13:31:29","date_gmt":"2010-11-28T12:31:29","guid":{"rendered":"http:\/\/wp.unil.ch\/adas\/"},"modified":"2012-09-01T14:42:43","modified_gmt":"2012-09-01T12:42:43","slug":"comite-2007-2008","status":"publish","type":"page","link":"https:\/\/wp.unil.ch\/adas\/comite\/comite-2007-2008\/?lang=fr","title":{"rendered":"Comit\u00e9 2007-2008"},"content":{"rendered":"<p>\u00a0<\/p>\n<h3>Composition du comit\u00e9<\/h3>\n<ul>\n<li>Emanuela Frangipani (DMF), co-pr\u00e9sidente<\/li>\n<li>Romain Studer (DEE), co-pr\u00e9sident et webmaster<\/li>\n<li>Fran\u00e7ois Collyn (IMUL), tr\u00e9sorier<\/li>\n<li>Claire Bertelli (IMUL), membre active<\/li>\n<li>Vincent Turner (IMUL), membre actif<\/li>\n<li>Robin Tecon (DMF), membre actif<\/li>\n<li>Nayuta Brand (DEE), membre active<\/li>\n<li>Julien Roux (DEE), membre actif<\/li>\n<li>No\u00e9mie Gardiol (Ludwig), membre active<\/li>\n<li>Armand Valsesia (Ludwig), membre actif<\/li>\n<li>Andreas Joosten (CHUV), membre actif<\/li>\n<li>Nadia Steiner (CHUV), membre active<\/li>\n<li>Karen Osmont (DBMV), correspondante DBMV<\/li>\n<li>Patricia Hornitschek (CIG), correspondante CIG<\/li>\n<\/ul>\n<h3>\u00a0Liste des repr\u00e9sentants<\/h3>\n<li><strong>Conseil de l&#8217;Ecole de Biologie :<\/strong> Julien Roux \/ Romain Studer<\/li>\n<li><strong>Comit\u00e9 de pilotage de la r\u00e9forme de l&#8217;enseignement en biologie :<\/strong> Julien Roux \/ Emanuela Frangipani<\/li>\n<li><strong>Conseil de Facult\u00e9 :<\/strong> Karine Lapouge \/ Fran\u00e7ois Collyn<\/li>\n<li><strong>Commission de recours :<\/strong> Claire Bertelli<\/li>\n<li><strong>Conseil de l&#8217;\u00e9cole doctorale :<\/strong> Robin Tecon \/ Romain Studer \/ ?????<\/li>\n<li><strong>Commission de la recherche :<\/strong> Godefroy Devevey<\/li>\n<li><strong>Conseil de la section des sciences fondamentales :<\/strong> Robin Tecon \/ Sara Tocchetti<\/li>\n<li><strong>Conseil de l&#8217;Universit\u00e9 :<\/strong> Robin Tecon<\/li>\n<li><strong>Correspondante ACIDUL :<\/strong> Nayuta Brand<\/li>\n","protected":false},"excerpt":{"rendered":"<p>\u00a0 Composition du comit\u00e9 Emanuela Frangipani (DMF), co-pr\u00e9sidente Romain Studer (DEE), co-pr\u00e9sident et webmaster Fran\u00e7ois Collyn (IMUL), tr\u00e9sorier Claire Bertelli (IMUL), membre active Vincent Turner (IMUL), membre actif Robin Tecon &hellip; <\/p>\n","protected":false},"author":235,"featured_media":0,"parent":2,"menu_order":2,"comment_status":"closed","ping_status":"closed","template":"","meta":{"_seopress_robots_primary_cat":"","_seopress_titles_title":"","_seopress_titles_desc":"","_seopress_robots_index":"","ngg_post_thumbnail":0,"footnotes":"","_links_to":"","_links_to_target":""},"class_list":["post-68","page","type-page","status-publish"],"_links":{"self":[{"href":"https:\/\/wp.unil.ch\/adas\/wp-json\/wp\/v2\/pages\/68","targetHints":{"allow":["GET"]}}],"collection":[{"href":"https:\/\/wp.unil.ch\/adas\/wp-json\/wp\/v2\/pages"}],"about":[{"href":"https:\/\/wp.unil.ch\/adas\/wp-json\/wp\/v2\/types\/page"}],"author":[{"embeddable":true,"href":"https:\/\/wp.unil.ch\/adas\/wp-json\/wp\/v2\/users\/235"}],"replies":[{"embeddable":true,"href":"https:\/\/wp.unil.ch\/adas\/wp-json\/wp\/v2\/comments?post=68"}],"version-history":[{"count":0,"href":"https:\/\/wp.unil.ch\/adas\/wp-json\/wp\/v2\/pages\/68\/revisions"}],"up":[{"embeddable":true,"href":"https:\/\/wp.unil.ch\/adas\/wp-json\/wp\/v2\/pages\/2"}],"wp:attachment":[{"href":"https:\/\/wp.unil.ch\/adas\/wp-json\/wp\/v2\/media?parent=68"}],"curies":[{"name":"wp","href":"https:\/\/api.w.org\/{rel}","templated":true}]}}