{"id":591,"date":"2012-10-31T18:05:16","date_gmt":"2012-10-31T17:05:16","guid":{"rendered":"http:\/\/wp.unil.ch\/adas\/?page_id=591"},"modified":"2023-03-13T15:30:12","modified_gmt":"2023-03-13T14:30:12","slug":"accueil","status":"publish","type":"page","link":"https:\/\/wp.unil.ch\/adas\/accueil\/?lang=fr","title":{"rendered":"Accueil"},"content":{"rendered":"\n<h1 class=\"wp-block-heading\"><em><a href=\"https:\/\/wp.unil.ch\/adas\/files\/2021\/07\/7-3.png\"><\/a><\/em><\/h1>\n\n\n<div class=\"wp-block-image\">\n<figure class=\"aligncenter size-large\"><img decoding=\"async\" src=\"https:\/\/wp.unil.ch\/adas\/files\/2021\/07\/7-3.png\" alt=\"\" \/><\/figure>\n<\/div>\n\n\n<p class=\"has-text-align-center\"><em>Vos repr\u00e9sentants au sein des comit\u00e9s et des commissions de l&#8217;UNIL.<\/em><\/p>\n\n\n\n<p class=\"has-text-align-center\"><em>Nous organisons \u00e9galement des activit\u00e9s et des \u00e9v\u00e9nements pour vous !<\/em><\/p>\n\n\n\n<p class=\"has-text-align-center\"><span style=\"color: #2da3fc\"><strong>NOUS RECRUTONS !<\/strong><\/span><\/p>\n\n\n\n<p class=\"has-text-align-center\">Contactez-nous \u00e0 <strong>adas [@] unil.ch<\/strong> si vous \u00eates int\u00e9ress\u00e9 \u00e0 rejoindre l&#8217;\u00e9quipe !<\/p>\n\n\n\n<p class=\"has-text-align-center\">Vous pouvez nous suivre sur <a href=\"https:\/\/www.facebook.com\/adas.lausanne\">Facebook<\/a>, <a href=\"https:\/\/www.instagram.com\/adas_unil\/\">Instagram<\/a> et <a href=\"https:\/\/twitter.com\/ADAS_Lausanne\">Twitter<\/a> !<br><br><\/p>\n\n\n\n<h2 class=\"wp-block-heading\">Futurs \u00e9v\u00e9nements:<\/h2>\n\n\n\n<h5 class=\"wp-block-heading\"><span style=\"color: #800000\">D.DAY: D\u00e9couvre les projets de tes voisins!<\/span><\/h5>\n\n\n\n<p><strong>Le D.Day 2023 aura lieu le mercredi 12 avril \u00e0 l&#8217;Amphip\u00f4le D.<\/strong><\/p>\n\n\n\n<p>Les Doctorant.e.s et Post-doctorant.e.s pr\u00e9senteront leur projet \u00e0 leurs coll\u00e8gues de la Facult\u00e9 de Biologie et M\u00e9decine, ainsi qu&#8217;\u00e0 des chercheurs internationaux invit\u00e9s pour l&#8217;occasion.<\/p>\n\n\n\n<p>Pour plus d&#8217;informations, rends-toi sur la page du <a rel=\"noreferrer noopener\" href=\"https:\/\/wp.unil.ch\/dday\/\" target=\"_blank\">D.Day<\/a> !<\/p>\n\n\n\n<p><\/p>\n\n\n\n<h5 class=\"wp-block-heading\"><span style=\"color: #800000\"><em><strong>L&#8217;assembl\u00e9e g\u00e9n\u00e9rale d&#8217;ADAS<\/strong><\/em><\/span><\/h5>\n\n\n\n<p>Une fois par an, ADAS organise son Assembl\u00e9e g\u00e9n\u00e9rale (AG), un \u00e9v\u00e9nement public ouvert \u00e0 tous les doctorants, assistants et post-docs de la FBM.<\/p>\n\n\n\n<p>La prochaine AG aura lieu en novembre 2023.<\/p>\n\n\n\n<p>Les informations sur notre derni\u00e8re AG sont <a rel=\"noreferrer noopener\" href=\"https:\/\/wp.unil.ch\/adas\/2022\/11\/adas-ga-2022\/\" data-type=\"URL\" data-id=\"https:\/\/wp.unil.ch\/adas\/2022\/11\/adas-ga-2022\/\" target=\"_blank\">ici<\/a> !<\/p>\n\n\n\n<hr class=\"wp-block-separator has-css-opacity\" \/>\n\n\n\n<h5 class=\"wp-block-heading\" id=\"adas-bbq\"><span style=\"color: #800000\"><em>Le barbecue d&#8217;ADAS<\/em><\/span><\/h5>\n\n\n<div class=\"wp-block-image is-style-default\">\n<figure class=\"alignleft size-large is-resized\"><a href=\"https:\/\/wp.unil.ch\/adas\/files\/2022\/08\/Tuesday-6th-September.png\"><img alt=\"\" loading=\"lazy\" decoding=\"async\" src=\"https:\/\/wp.unil.ch\/adas\/files\/2022\/08\/Tuesday-6th-September-724x1024.png\" alt=\"\" class=\"wp-image-27340\" width=\"213\" height=\"302\" \/><\/a><\/figure>\n<\/div>\n\n\n<p>Chaque \u00e9t\u00e9, le barbecue annuel des doctorants, assistants et post-docs de la FBM est l&#8217;\u00e9v\u00e9nement \u00e0 ne pas louper.<\/p>\n\n\n\n<p>L&#8217;ADAS s&#8217;occupe d&#8217;apporter la nourriture et les boissons non alcoolis\u00e9es ! Vous n&#8217;aurez plus qu&#8217;\u00e0 profiter de l&#8217;ambiance estivale avec des bi\u00e8res \u00e0 petit prix! On se r\u00e9jouit d\u00e9j\u00e0 de vous y voir nombreux!<\/p>\n\n\n\n<p>Quelques informations et des photos de notre dernier barbecue se trouvent <a rel=\"noreferrer noopener\" href=\"https:\/\/wp.unil.ch\/adas\/2022\/10\/adas-annual-barbecue\/\" data-type=\"URL\" data-id=\"https:\/\/wp.unil.ch\/adas\/2022\/10\/adas-annual-barbecue\/\" target=\"_blank\">ici <\/a>!<\/p>\n\n\n\n<p><\/p>\n\n\n\n<p><\/p>\n\n\n\n<p><\/p>\n\n\n\n<hr class=\"wp-block-separator has-css-opacity\" \/>\n\n\n\n<h5 class=\"wp-block-heading\" id=\"fbm-phd-fellowship-apero\"><strong><span style=\"color: #800000\"><em>Le Pub Quiz d&#8217;ADAS !<\/em><\/span><\/strong><\/h5>\n\n\n\n<p>ADAS organise aussi une fois par an un Pub Quiz. <\/p>\n\n\n\n<p><strong>Plus d&#8217;informations sur la <a href=\"https:\/\/wp.unil.ch\/adas\/adas-pub-quiz\/\" data-type=\"URL\" data-id=\"https:\/\/wp.unil.ch\/adas\/adas-pub-quiz\/\">page du Pub Quiz<\/a><\/strong>.<\/p>\n\n\n\n<hr class=\"wp-block-separator has-css-opacity\" \/>\n\n\n\n<h5 class=\"wp-block-heading\" id=\"d-day-discover-what-your-neighbours-are-working-on\"><strong><span style=\"color: #800000\"><em>D.DAY : D\u00e9couvrez ce sur quoi vos coll\u00e8gues travaillent<\/em><\/span><\/strong> <strong><span style=\"color: #800000\"><em>!<\/em><\/span><\/strong><\/h5>\n\n\n\n<p><b>Le D.Day 2022 a eu lieu le 27 avril.<\/b><\/p>\n\n\n\n<p>Les doctorants et les post-doctorants pr\u00e9sentent leurs travaux \u00e0 leurs homologues et \u00e0 des chercheurs internationaux de renom invit\u00e9s pour cette occasion.<\/p>\n\n\n\n<p><strong>Plus d&#8217;informations sur la <a href=\"https:\/\/wp.unil.ch\/dday\/\">page du <em>D.Day<\/em><\/a> !<\/strong><\/p>\n\n\n\n<hr class=\"wp-block-separator has-css-opacity\" \/>\n\n\n\n<h5 class=\"wp-block-heading\" id=\"phd-students-welcome-sessions\"><strong><span style=\"color: #800000\"><em>Sessions d&#8217;accueil des doctorants<\/em><\/span><\/strong><\/h5>\n\n\n<div class=\"wp-block-image is-style-default\">\n<figure class=\"alignleft\"><img alt=\"\" loading=\"lazy\" decoding=\"async\" width=\"251\" height=\"164\" src=\"https:\/\/wp.unil.ch\/adas\/files\/2019\/07\/Asset-1-80.jpg\" alt=\"\" class=\"wp-image-26321\" \/><\/figure>\n<\/div>\n\n\n<hr class=\"wp-block-separator has-css-opacity\" \/>\n\n\n\n<p>Deux fois par ann\u00e9e, ADAS et l&#8217;\u00e9cole doctorale organisent un Welcome Ap\u00e9ro pour les nouveaux doctorants ! C&#8217;est l&#8217;occasion de rencontrer d&#8217;autres \u00e9tudiants, et d\u00e9couvrir ce que l&#8217;ADAS peut vous offrir tout au long de votre th\u00e8se !<\/p>\n\n\n\n<p>Le tout dans une ambiance d\u00e9contract\u00e9e autour d\u2019un ap\u00e9ro !<\/p>\n\n\n\n<hr class=\"wp-block-separator has-css-opacity\" \/>\n\n\n\n<h5 class=\"wp-block-heading\"><strong><span style=\"color: #800000\"><em>Vous \u00eates nouveaux sur Lausanne ? Soyez les bienvenus !<\/em><\/span><\/strong><\/h5>\n\n\n\n<p>L&#8217;ADAS a dress\u00e9 une  <a href=\"https:\/\/wp.unil.ch\/adas\/info-for-newcomers\/\">check-list pour les nouveaux arrivants<\/a> afin de vous aider pendant cette p\u00e9riode de transition.<\/p>\n\n\n\n<p><\/p>\n","protected":false},"excerpt":{"rendered":"<p>Vos repr\u00e9sentants au sein des comit\u00e9s et des commissions de l&#8217;UNIL. Nous organisons \u00e9galement des activit\u00e9s et des \u00e9v\u00e9nements pour vous ! NOUS RECRUTONS ! Contactez-nous \u00e0 adas [@] unil.ch &hellip; <\/p>\n","protected":false},"author":108,"featured_media":0,"parent":0,"menu_order":-1,"comment_status":"closed","ping_status":"closed","template":"","meta":{"_seopress_robots_primary_cat":"","_seopress_titles_title":"","_seopress_titles_desc":"","_seopress_robots_index":"","ngg_post_thumbnail":0,"footnotes":"","_links_to":"","_links_to_target":""},"class_list":["post-591","page","type-page","status-publish"],"_links":{"self":[{"href":"https:\/\/wp.unil.ch\/adas\/wp-json\/wp\/v2\/pages\/591","targetHints":{"allow":["GET"]}}],"collection":[{"href":"https:\/\/wp.unil.ch\/adas\/wp-json\/wp\/v2\/pages"}],"about":[{"href":"https:\/\/wp.unil.ch\/adas\/wp-json\/wp\/v2\/types\/page"}],"author":[{"embeddable":true,"href":"https:\/\/wp.unil.ch\/adas\/wp-json\/wp\/v2\/users\/108"}],"replies":[{"embeddable":true,"href":"https:\/\/wp.unil.ch\/adas\/wp-json\/wp\/v2\/comments?post=591"}],"version-history":[{"count":0,"href":"https:\/\/wp.unil.ch\/adas\/wp-json\/wp\/v2\/pages\/591\/revisions"}],"wp:attachment":[{"href":"https:\/\/wp.unil.ch\/adas\/wp-json\/wp\/v2\/media?parent=591"}],"curies":[{"name":"wp","href":"https:\/\/api.w.org\/{rel}","templated":true}]}}