{"id":490,"date":"2012-03-01T17:56:58","date_gmt":"2012-03-01T16:56:58","guid":{"rendered":"http:\/\/wp.unil.ch\/adas\/?page_id=490"},"modified":"2012-09-01T14:42:42","modified_gmt":"2012-09-01T12:42:42","slug":"comite-2010-2011","status":"publish","type":"page","link":"https:\/\/wp.unil.ch\/adas\/comite\/comite-2010-2011\/?lang=fr","title":{"rendered":"Comit\u00e9 2010-2011"},"content":{"rendered":"<p><a href=\"https:\/\/wp.unil.ch\/adas\/files\/2010\/04\/ADAS_Comite_2010_20112.jpg\"><img alt=\"\" loading=\"lazy\" decoding=\"async\" class=\"aligncenter size-full wp-image-343\" src=\"https:\/\/wp.unil.ch\/adas\/files\/2010\/04\/ADAS_Comite_2010_20112.jpg\" alt=\"\" width=\"577\" height=\"380\" \/><\/a><\/p>\n<h3>Composition du comit\u00e9<\/h3>\n<ul>\n<li>Lukas Baitsch (Ludwig), co-pr\u00e9sident<\/li>\n<li>Laeticia Kolly (DAL), co-pr\u00e9sidente<\/li>\n<li>Damiano Cosmo del Vescovo (DPT), caissier<\/li>\n<li>No\u00e9mie Gardiol (Ludwig), secr\u00e9taire<\/li>\n<li>Andreas Joosten (CHUV), webmaster<\/li>\n<li>Claire Bertelli (IMUL), membre active<\/li>\n<li>Nadia Steiner (CHUV), membre active<\/li>\n<li>Nayuta Brand (DEE), membre active<\/li>\n<li>Brigida Rusconi (IMUL), membre active<\/li>\n<li>Sonia Domingos Pereira (URO), membre active<\/li>\n<li>St\u00e9phanie Corgnac (DB), membre active<\/li>\n<li>Ousmane Cisse (IMUL), membre actif<\/li>\n<\/ul>\n<h3>Liste des rep\u00e9sentants<\/h3>\n<ul>\n<li><strong>Conseil de l&#8217;Ecole Doctorale : <\/strong>Damiano\u00a0del Vescovo\u00a0\/ Lukas Baitsch\u00a0\/\u00a0Sonia Domingos Pereira \/ St\u00e9phanie Corgnac<\/li>\n<li><strong>Conseil de l&#8217;Ecole de Biologie :<\/strong>Laeticia Kolly\u00a0\/ Lukas Baitsch \/\u00a0St\u00e9phanie Longet (suppl\u00e9ante)<\/li>\n<li><strong>Commission de recours :<\/strong> Andreas Joosten\u00a0<\/li>\n<li><strong>Groupe de conseil pour la gestion du budget SVS : <\/strong>Lukas Baitsch \/ Laeticia Kolly\u00a0<\/li>\n<li><strong>Commission de la recherche :<\/strong> Lucas Spierer<\/li>\n<li><strong>Conseil de la section des sciences fondamentales :<\/strong> No\u00e9mie Gardiol \/ Brigida Rusconi<\/li>\n<li><strong>Conseil de Facult\u00e9 : <\/strong>No\u00e9mie Gardiol\u00a0\/ Damiano del Vescovo \/ Laeticia Kolly (suppl\u00e9ante) \/ Sonia Domingos Pereira (suppl\u00e9ante)<\/li>\n<li><strong>Conseil de l&#8217;Universit\u00e9 :<\/strong> Brigida Rusconi<\/li>\n<li><strong>Correspondante ACIDUL :<\/strong> Nayuta Brand<\/li>\n<\/ul>\n","protected":false},"excerpt":{"rendered":"<p>Composition du comit\u00e9 Lukas Baitsch (Ludwig), co-pr\u00e9sident Laeticia Kolly (DAL), co-pr\u00e9sidente Damiano Cosmo del Vescovo (DPT), caissier No\u00e9mie Gardiol (Ludwig), secr\u00e9taire Andreas Joosten (CHUV), webmaster Claire Bertelli (IMUL), membre active &hellip; <\/p>\n","protected":false},"author":832,"featured_media":0,"parent":2,"menu_order":-1,"comment_status":"closed","ping_status":"closed","template":"","meta":{"_seopress_robots_primary_cat":"","_seopress_titles_title":"","_seopress_titles_desc":"","_seopress_robots_index":"","ngg_post_thumbnail":0,"footnotes":"","_links_to":"","_links_to_target":""},"class_list":["post-490","page","type-page","status-publish"],"_links":{"self":[{"href":"https:\/\/wp.unil.ch\/adas\/wp-json\/wp\/v2\/pages\/490","targetHints":{"allow":["GET"]}}],"collection":[{"href":"https:\/\/wp.unil.ch\/adas\/wp-json\/wp\/v2\/pages"}],"about":[{"href":"https:\/\/wp.unil.ch\/adas\/wp-json\/wp\/v2\/types\/page"}],"author":[{"embeddable":true,"href":"https:\/\/wp.unil.ch\/adas\/wp-json\/wp\/v2\/users\/832"}],"replies":[{"embeddable":true,"href":"https:\/\/wp.unil.ch\/adas\/wp-json\/wp\/v2\/comments?post=490"}],"version-history":[{"count":0,"href":"https:\/\/wp.unil.ch\/adas\/wp-json\/wp\/v2\/pages\/490\/revisions"}],"up":[{"embeddable":true,"href":"https:\/\/wp.unil.ch\/adas\/wp-json\/wp\/v2\/pages\/2"}],"wp:attachment":[{"href":"https:\/\/wp.unil.ch\/adas\/wp-json\/wp\/v2\/media?parent=490"}],"curies":[{"name":"wp","href":"https:\/\/api.w.org\/{rel}","templated":true}]}}